{"id":8283,"date":"2025-09-17T12:04:10","date_gmt":"2025-09-17T10:04:10","guid":{"rendered":"https:\/\/boreait.com\/hu\/?post_type=product&#038;p=8283"},"modified":"2026-01-27T11:15:38","modified_gmt":"2026-01-27T10:15:38","slug":"eredeti-lenovo-thinkpad-x220-x220i-hangszorokeszlet-04w1412-23-40861-001","status":"publish","type":"product","link":"https:\/\/boreait.com\/hu\/termek\/eredeti-lenovo-thinkpad-x220-x220i-hangszorokeszlet-04w1412-23-40861-001\/","title":{"rendered":"Eredeti Lenovo Thinkpad X220 X220i hangsz\u00f3r\u00f3k\u00e9szlet 04W1412 23.40861.001"},"content":{"rendered":"<p>Jav\u00edtsa Lenovo Thinkpad X220 X220i laptopja hangmin\u0151s\u00e9g\u00e9t az eredeti hangsz\u00f3r\u00f3k\u00e9szlettel, cikksz\u00e1m: 04W1412 23.40861.001. A tart\u00f3ss\u00e1g \u00e9s a kompatibilit\u00e1s jegy\u00e9ben ez az autentikus cserealkatr\u00e9sz tiszta \u00e9s \u00e9les hangz\u00e1st biztos\u00edt.<\/p>\n<p>F\u0151bb jellemz\u0151k:<\/p>\n<p>&#8211; Eredeti Lenovo csere: A kompatibilit\u00e1s \u00e9s a megb\u00edzhat\u00f3s\u00e1g biztos\u00edt\u00e1sa hiteles cserealkatr\u00e9szekkel.<\/p>\n<p>&#8211; K\u00f6nny\u0171 telep\u00edt\u00e9s: Egyszer\u0171 telep\u00edt\u00e9ssel k\u00f6nnyed\u00e9n friss\u00edtheti eszk\u00f6ze hangj\u00e1t.<\/p>\n<p>&#8211; Tov\u00e1bbfejlesztett hangmin\u0151s\u00e9g: \u00c9lvezze a tiszta \u00e9s \u00e9les hangz\u00e1st a mag\u00e1val ragad\u00f3 hang\u00e9lm\u00e9ny\u00e9rt.<\/p>\n<p>&#8211; Tart\u00f3s konstrukci\u00f3: \u00fagy k\u00e9sz\u00fclt, hogy ellen\u00e1lljon a haszn\u00e1latnak, biztos\u00edtva a hossz\u00fa \u00e9lettartamot \u00e9s a megb\u00edzhat\u00f3s\u00e1got.<\/p>\n<p>Friss\u00edtse Lenovo Thinkpad X220 X220i laptopj\u00e1t m\u00e9g ma az eredeti hangsz\u00f3r\u00f3k\u00e9szlettel. V\u00e1s\u00e1roljon bizalommal, tudva, hogy min\u0151s\u00e9gi cserealkatr\u00e9szekbe fektet be k\u00e9sz\u00fcl\u00e9k\u00e9hez. Ha k\u00e9rd\u00e9se van, vagy seg\u00edts\u00e9gre van sz\u00fcks\u00e9ge, ne habozzon kapcsolatba l\u00e9pni vel\u00fcnk. Az\u00e9rt vagyunk itt, hogy seg\u00edts\u00fcnk jav\u00edtani eszk\u00f6ze hang\u00e9lm\u00e9ny\u00e9t.<\/p>\n","protected":false},"excerpt":{"rendered":"<p>Friss\u00edtse Lenovo Thinkpad X220 X220i hangj\u00e1t ezzel az eredeti hangsz\u00f3r\u00f3k\u00e9szlettel. K\u00f6nnyen telep\u00edthet\u0151 \u00e9s kompatibilis a 04W1412 23.40861.001 cikksz\u00e1mmal. Jav\u00edtsa eszk\u00f6ze hangmin\u0151s\u00e9g\u00e9t m\u00e9g ma!<\/p>\n","protected":false},"featured_media":8342,"template":"","meta":[],"product_brand":[],"product_cat":[18],"product_tag":[26],"class_list":{"0":"post-8283","1":"product","2":"type-product","3":"status-publish","4":"has-post-thumbnail","6":"product_cat-laptop-speakers","7":"product_tag-lenovo","9":"first","10":"instock","11":"taxable","12":"shipping-taxable","13":"purchasable","14":"product-type-simple"},"_links":{"self":[{"href":"https:\/\/boreait.com\/hu\/wp-json\/wp\/v2\/product\/8283","targetHints":{"allow":["GET"]}}],"collection":[{"href":"https:\/\/boreait.com\/hu\/wp-json\/wp\/v2\/product"}],"about":[{"href":"https:\/\/boreait.com\/hu\/wp-json\/wp\/v2\/types\/product"}],"wp:featuredmedia":[{"embeddable":true,"href":"https:\/\/boreait.com\/hu\/wp-json\/wp\/v2\/media\/8342"}],"wp:attachment":[{"href":"https:\/\/boreait.com\/hu\/wp-json\/wp\/v2\/media?parent=8283"}],"wp:term":[{"taxonomy":"product_brand","embeddable":true,"href":"https:\/\/boreait.com\/hu\/wp-json\/wp\/v2\/product_brand?post=8283"},{"taxonomy":"product_cat","embeddable":true,"href":"https:\/\/boreait.com\/hu\/wp-json\/wp\/v2\/product_cat?post=8283"},{"taxonomy":"product_tag","embeddable":true,"href":"https:\/\/boreait.com\/hu\/wp-json\/wp\/v2\/product_tag?post=8283"}],"curies":[{"name":"wp","href":"https:\/\/api.w.org\/{rel}","templated":true}]}}