{"id":8282,"date":"2025-09-17T12:04:09","date_gmt":"2025-09-17T10:04:09","guid":{"rendered":"https:\/\/boreait.com\/hu\/?post_type=product&#038;p=8282"},"modified":"2026-01-27T11:15:24","modified_gmt":"2026-01-27T10:15:24","slug":"eredeti-lenovo-thinkpad-x230-mikrofon-mikrofon-led-kartya-p-n-0b65355-fru-04w3732","status":"publish","type":"product","link":"https:\/\/boreait.com\/hu\/termek\/eredeti-lenovo-thinkpad-x230-mikrofon-mikrofon-led-kartya-p-n-0b65355-fru-04w3732\/","title":{"rendered":"Eredeti Lenovo ThinkPad X230 mikrofon mikrofon LED k\u00e1rtya P\/N 0B65355 FRU 04W3732"},"content":{"rendered":"<p>N\u00f6velje Lenovo ThinkPad X230 laptopja audiok\u00e9pess\u00e9geit az eredeti Mic Microphone LED k\u00e1rty\u00e1val, a cikksz\u00e1m: 0B65355 \u00e9s FRU 04W3732. Ez a megb\u00edzhat\u00f3s\u00e1g \u00e9s kompatibilit\u00e1s jegy\u00e9ben kialak\u00edtott hiteles cserealkatr\u00e9sz optim\u00e1lis teljes\u00edtm\u00e9nyt \u00e9s egyszer\u0171 telep\u00edt\u00e9st biztos\u00edt.<\/p>\n<p>F\u0151bb jellemz\u0151k:<\/p>\n<p>&#8211; Eredeti Lenovo csere: A kompatibilit\u00e1s \u00e9s a megb\u00edzhat\u00f3s\u00e1g biztos\u00edt\u00e1sa hiteles cserealkatr\u00e9szekkel.<\/p>\n<p>&#8211; K\u00f6nny\u0171 telep\u00edt\u00e9s: Egyszer\u0171 telep\u00edt\u00e9ssel k\u00f6nnyed\u00e9n friss\u00edtheti laptopj\u00e1t.<\/p>\n<p>&#8211; Jobb hangmin\u0151s\u00e9g: N\u00f6velje laptopja mikrofonj\u00e1nak teljes\u00edtm\u00e9ny\u00e9t a tiszt\u00e1bb hang \u00e9rdek\u00e9ben.<\/p>\n<p>&#8211; LED-jelz\u0151: Tartalmaz egy LED-jelz\u0151t a jobb haszn\u00e1lhat\u00f3s\u00e1g \u00e9s funkcionalit\u00e1s \u00e9rdek\u00e9ben.<\/p>\n<p>Friss\u00edtse Lenovo ThinkPad X230 laptopj\u00e1t m\u00e9g ma az eredeti mikrofon-mikrofon LED-k\u00e1rty\u00e1val. V\u00e1s\u00e1roljon bizalommal, tudva, hogy min\u0151s\u00e9gi cserealkatr\u00e9szekbe fektet be k\u00e9sz\u00fcl\u00e9k\u00e9hez. Ha k\u00e9rd\u00e9se van, vagy seg\u00edts\u00e9gre van sz\u00fcks\u00e9ge, ne habozzon kapcsolatba l\u00e9pni vel\u00fcnk. Az\u00e9rt vagyunk itt, hogy seg\u00edts\u00fcnk laptopja funkcionalit\u00e1s\u00e1nak jav\u00edt\u00e1s\u00e1ban.<\/p>\n","protected":false},"excerpt":{"rendered":"<p>Friss\u00edtse Lenovo ThinkPad X230 k\u00e9sz\u00fcl\u00e9k\u00e9t ezzel az eredeti mikrofon-mikrofon LED-k\u00e1rty\u00e1val. K\u00f6nnyen telep\u00edthet\u0151 \u00e9s kompatibilis a 0B65355 \u00e9s FRU 04W3732 cikksz\u00e1mmal. Fokozza laptopja audiok\u00e9pess\u00e9geit m\u00e9g ma!<\/p>\n","protected":false},"featured_media":8341,"template":"","meta":[],"product_brand":[],"product_cat":[27],"product_tag":[26],"class_list":{"0":"post-8282","1":"product","2":"type-product","3":"status-publish","4":"has-post-thumbnail","6":"product_cat-motherboards-board-parts","7":"product_tag-lenovo","9":"first","10":"instock","11":"taxable","12":"shipping-taxable","13":"purchasable","14":"product-type-simple"},"_links":{"self":[{"href":"https:\/\/boreait.com\/hu\/wp-json\/wp\/v2\/product\/8282","targetHints":{"allow":["GET"]}}],"collection":[{"href":"https:\/\/boreait.com\/hu\/wp-json\/wp\/v2\/product"}],"about":[{"href":"https:\/\/boreait.com\/hu\/wp-json\/wp\/v2\/types\/product"}],"wp:featuredmedia":[{"embeddable":true,"href":"https:\/\/boreait.com\/hu\/wp-json\/wp\/v2\/media\/8341"}],"wp:attachment":[{"href":"https:\/\/boreait.com\/hu\/wp-json\/wp\/v2\/media?parent=8282"}],"wp:term":[{"taxonomy":"product_brand","embeddable":true,"href":"https:\/\/boreait.com\/hu\/wp-json\/wp\/v2\/product_brand?post=8282"},{"taxonomy":"product_cat","embeddable":true,"href":"https:\/\/boreait.com\/hu\/wp-json\/wp\/v2\/product_cat?post=8282"},{"taxonomy":"product_tag","embeddable":true,"href":"https:\/\/boreait.com\/hu\/wp-json\/wp\/v2\/product_tag?post=8282"}],"curies":[{"name":"wp","href":"https:\/\/api.w.org\/{rel}","templated":true}]}}