{"id":8265,"date":"2025-09-17T12:03:47","date_gmt":"2025-09-17T10:03:47","guid":{"rendered":"https:\/\/boreait.com\/hu\/?post_type=product&#038;p=8265"},"modified":"2026-01-27T11:15:08","modified_gmt":"2026-01-27T10:15:08","slug":"laptop-alapburkolat-dell-latitude-e7470-bottom-case-01gv6n","status":"publish","type":"product","link":"https:\/\/boreait.com\/hu\/termek\/laptop-alapburkolat-dell-latitude-e7470-bottom-case-01gv6n\/","title":{"rendered":"Laptop alapburkolat DELL LATITUDE E7470 BOTTOM CASE 01GV6N"},"content":{"rendered":"<p>N\u00f6velje Dell Latitude E7470 laptopja tart\u00f3ss\u00e1g\u00e1t \u00e9s v\u00e9delm\u00e9t az eredeti Laptop Base Cover Bottom Case tokkal, cikksz\u00e1m: 01GV6N. Ez a prec\u00edzen \u00e9s megb\u00edzhat\u00f3an kialak\u00edtott eredeti cserealkatr\u00e9sz optim\u00e1lis teljes\u00edtm\u00e9nyt \u00e9s egyszer\u0171 telep\u00edt\u00e9st biztos\u00edt.<\/p>\n<p>F\u0151bb jellemz\u0151k:<\/p>\n<p>&#8211; Eredeti Dell csere: A kompatibilit\u00e1s \u00e9s a megb\u00edzhat\u00f3s\u00e1g biztos\u00edt\u00e1sa hiteles cserealkatr\u00e9szekkel.<\/p>\n<p>&#8211; K\u00f6nny\u0171 telep\u00edt\u00e9s: Egyszer\u0171 telep\u00edt\u00e9ssel k\u00f6nnyed\u00e9n jav\u00edthatja laptopja v\u00e9delm\u00e9t.<\/p>\n<p>&#8211; Fokozott tart\u00f3ss\u00e1g: N\u00f6velje laptopja tart\u00f3ss\u00e1g\u00e1t \u00e9s v\u00e9delm\u00e9t a hosszan tart\u00f3 haszn\u00e1lat \u00e9rdek\u00e9ben.<\/p>\n<p>&#8211; Kompatibilis alkatr\u00e9szsz\u00e1m: Kifejezetten a 01GV6N cikksz\u00e1mhoz tervezt\u00e9k a z\u00f6kken\u0151mentes integr\u00e1ci\u00f3 \u00e9rdek\u00e9ben.<\/p>\n<p>Friss\u00edtse Dell Latitude E7470 laptopj\u00e1t m\u00e9g ma az eredeti Laptop Base Cover Bottom Case tokkal. V\u00e1s\u00e1roljon bizalommal, tudva, hogy min\u0151s\u00e9gi cserealkatr\u00e9szekbe fektet be k\u00e9sz\u00fcl\u00e9k\u00e9hez. Ha k\u00e9rd\u00e9se van, vagy seg\u00edts\u00e9gre van sz\u00fcks\u00e9ge, ne habozzon kapcsolatba l\u00e9pni vel\u00fcnk. Az\u00e9rt vagyunk itt, hogy seg\u00edts\u00fcnk laptopja tart\u00f3ss\u00e1g\u00e1nak \u00e9s v\u00e9delm\u00e9nek n\u00f6vel\u00e9s\u00e9ben.<\/p>\n","protected":false},"excerpt":{"rendered":"<p>N\u00f6velje Dell Latitude E7470 tart\u00f3ss\u00e1g\u00e1t ezzel az eredeti laptop fed\u00e9llel. K\u00f6nnyen telep\u00edthet\u0151 \u00e9s kompatibilis a 01GV6N cikksz\u00e1mmal. Friss\u00edtse laptopja v\u00e9delm\u00e9t m\u00e9g ma!<\/p>\n","protected":false},"featured_media":8327,"template":"","meta":[],"product_brand":[],"product_cat":[16],"product_tag":[17],"class_list":{"0":"post-8265","1":"product","2":"type-product","3":"status-publish","4":"has-post-thumbnail","6":"product_cat-laptop-housing","7":"product_tag-dell","9":"first","10":"instock","11":"taxable","12":"shipping-taxable","13":"purchasable","14":"product-type-simple"},"_links":{"self":[{"href":"https:\/\/boreait.com\/hu\/wp-json\/wp\/v2\/product\/8265","targetHints":{"allow":["GET"]}}],"collection":[{"href":"https:\/\/boreait.com\/hu\/wp-json\/wp\/v2\/product"}],"about":[{"href":"https:\/\/boreait.com\/hu\/wp-json\/wp\/v2\/types\/product"}],"wp:featuredmedia":[{"embeddable":true,"href":"https:\/\/boreait.com\/hu\/wp-json\/wp\/v2\/media\/8327"}],"wp:attachment":[{"href":"https:\/\/boreait.com\/hu\/wp-json\/wp\/v2\/media?parent=8265"}],"wp:term":[{"taxonomy":"product_brand","embeddable":true,"href":"https:\/\/boreait.com\/hu\/wp-json\/wp\/v2\/product_brand?post=8265"},{"taxonomy":"product_cat","embeddable":true,"href":"https:\/\/boreait.com\/hu\/wp-json\/wp\/v2\/product_cat?post=8265"},{"taxonomy":"product_tag","embeddable":true,"href":"https:\/\/boreait.com\/hu\/wp-json\/wp\/v2\/product_tag?post=8265"}],"curies":[{"name":"wp","href":"https:\/\/api.w.org\/{rel}","templated":true}]}}