{"id":8264,"date":"2025-09-17T12:03:47","date_gmt":"2025-09-17T10:03:47","guid":{"rendered":"https:\/\/boreait.com\/hu\/?post_type=product&#038;p=8264"},"modified":"2026-01-27T11:14:50","modified_gmt":"2026-01-27T10:14:50","slug":"4-0-bluetooth-modul-lenovo-thinkpad-x200-x200s-60y3303-hoz","status":"publish","type":"product","link":"https:\/\/boreait.com\/hu\/termek\/4-0-bluetooth-modul-lenovo-thinkpad-x200-x200s-60y3303-hoz\/","title":{"rendered":"4.0 Bluetooth-modul Lenovo ThinkPad X200 X200s 60y3303-hoz"},"content":{"rendered":"<p>Fokozza Lenovo ThinkPad X200 vagy X200s vezet\u00e9k n\u00e9lk\u00fcli k\u00e9pess\u00e9geit ezzel a 4.0 Bluetooth modullal. A z\u00f6kken\u0151mentes kompatibilit\u00e1sra \u00e9s megb\u00edzhat\u00f3 teljes\u00edtm\u00e9nyre tervezett modul ide\u00e1lis friss\u00edt\u00e9s laptopj\u00e1hoz. Cikksz\u00e1m: 60y3303. N\u00e9h\u00e1ny m\u00e1s modellel is kompatibilis.<\/p>\n<p>F\u0151bb jellemz\u0151k:<\/p>\n<p>&#8211; Z\u00f6kken\u0151mentes kompatibilit\u00e1s: kifejezetten a Lenovo ThinkPad X200 \u00e9s X200s sz\u00e1m\u00e1ra k\u00e9sz\u00fclt.<\/p>\n<p>&#8211; Bluetooth 4.0: \u00c9lvezze a tov\u00e1bbfejlesztett vezet\u00e9k n\u00e9lk\u00fcli kapcsolatot \u00e9s az adat\u00e1tviteli sebess\u00e9get.<\/p>\n<p>&#8211; K\u00f6nny\u0171 telep\u00edt\u00e9s: professzion\u00e1lis seg\u00edts\u00e9g n\u00e9lk\u00fcl, k\u00f6nnyed\u00e9n friss\u00edtheti laptopj\u00e1t.<\/p>\n<p>&#8211; Megb\u00edzhat\u00f3 teljes\u00edtm\u00e9ny: Stabil \u00e9s hat\u00e9kony vezet\u00e9k n\u00e9lk\u00fcli kapcsolatot biztos\u00edt eszk\u00f6zei sz\u00e1m\u00e1ra.<\/p>\n<p>Friss\u00edtse laptopja teljes\u00edtm\u00e9ny\u00e9t:<\/p>\n<p>Tapasztalja meg a tov\u00e1bbfejlesztett vezet\u00e9k n\u00e9lk\u00fcli funkcionalit\u00e1st \u00e9s csatlakoz\u00e1st, ha laptopj\u00e1t ezzel a Bluetooth 4.0 modullal friss\u00edti.<\/p>\n<p>Egyszer\u0171 telep\u00edt\u00e9s:<\/p>\n<p>Egyszer\u0171 telep\u00edt\u00e9ssel, professzion\u00e1lis seg\u00edts\u00e9g n\u00e9lk\u00fcl, k\u00f6nnyed\u00e9n friss\u00edtheti laptopja vezet\u00e9k n\u00e9lk\u00fcli k\u00e9pess\u00e9geit.<\/p>\n<p>Min\u0151s\u00e9gbiztos\u00edt\u00e1s:<\/p>\n<p>Biztos lehet benne, hogy egy kiv\u00e1l\u00f3 min\u0151s\u00e9g\u0171 Bluetooth-modulba fektet be, amelyet a megb\u00edzhat\u00f3s\u00e1g \u00e9s a hossz\u00fa \u00e9lettartam \u00e9rdek\u00e9ben terveztek.<\/p>\n<p>Friss\u00edtse Lenovo ThinkPad X200 vagy X200s k\u00e9sz\u00fcl\u00e9k\u00e9t m\u00e9g ma a 4.0 Bluetooth modullal. V\u00e1s\u00e1roljon bizalommal, tudva, hogy laptopja min\u0151s\u00e9gi cserealkatr\u00e9sz\u00e9be fektet be. Ha k\u00e9rd\u00e9se van, vagy tov\u00e1bbi seg\u00edts\u00e9gre van sz\u00fcks\u00e9ge, ne habozzon kapcsolatba l\u00e9pni vel\u00fcnk. Az\u00e9rt vagyunk itt, hogy seg\u00edts\u00fcnk \u00d6nnek a sz\u00e1m\u00edt\u00e1stechnikai \u00e9lm\u00e9ny jav\u00edt\u00e1s\u00e1ban.<\/p>\n","protected":false},"excerpt":{"rendered":"<p>Friss\u00edtse Lenovo ThinkPad X200 vagy X200s k\u00e9sz\u00fcl\u00e9k\u00e9t ezzel a 4.0 Bluetooth modullal. K\u00f6nnyen telep\u00edthet\u0151, \u00e9s megb\u00edzhat\u00f3 vezet\u00e9k n\u00e9lk\u00fcli kapcsolatot biztos\u00edt. Fokozza laptopja k\u00e9pess\u00e9geit m\u00e9g ma!<\/p>\n","protected":false},"featured_media":8326,"template":"","meta":[],"product_brand":[],"product_cat":[27],"product_tag":[26],"class_list":{"0":"post-8264","1":"product","2":"type-product","3":"status-publish","4":"has-post-thumbnail","6":"product_cat-motherboards-board-parts","7":"product_tag-lenovo","9":"first","10":"instock","11":"taxable","12":"shipping-taxable","13":"purchasable","14":"product-type-simple"},"_links":{"self":[{"href":"https:\/\/boreait.com\/hu\/wp-json\/wp\/v2\/product\/8264","targetHints":{"allow":["GET"]}}],"collection":[{"href":"https:\/\/boreait.com\/hu\/wp-json\/wp\/v2\/product"}],"about":[{"href":"https:\/\/boreait.com\/hu\/wp-json\/wp\/v2\/types\/product"}],"wp:featuredmedia":[{"embeddable":true,"href":"https:\/\/boreait.com\/hu\/wp-json\/wp\/v2\/media\/8326"}],"wp:attachment":[{"href":"https:\/\/boreait.com\/hu\/wp-json\/wp\/v2\/media?parent=8264"}],"wp:term":[{"taxonomy":"product_brand","embeddable":true,"href":"https:\/\/boreait.com\/hu\/wp-json\/wp\/v2\/product_brand?post=8264"},{"taxonomy":"product_cat","embeddable":true,"href":"https:\/\/boreait.com\/hu\/wp-json\/wp\/v2\/product_cat?post=8264"},{"taxonomy":"product_tag","embeddable":true,"href":"https:\/\/boreait.com\/hu\/wp-json\/wp\/v2\/product_tag?post=8264"}],"curies":[{"name":"wp","href":"https:\/\/api.w.org\/{rel}","templated":true}]}}