{"id":8263,"date":"2025-09-17T12:03:46","date_gmt":"2025-09-17T10:03:46","guid":{"rendered":"https:\/\/boreait.com\/hu\/?post_type=product&#038;p=8263"},"modified":"2026-01-27T11:14:34","modified_gmt":"2026-01-27T10:14:34","slug":"25-huvelykes-merevlemezes-merevlemez-meghajto-burkolat-ajtaja-csavarokkal-thinkpad-x230i-p-n-60-4kh22-011","status":"publish","type":"product","link":"https:\/\/boreait.com\/hu\/termek\/25-huvelykes-merevlemezes-merevlemez-meghajto-burkolat-ajtaja-csavarokkal-thinkpad-x230i-p-n-60-4kh22-011\/","title":{"rendered":"2,5 h\u00fcvelykes merevlemezes merevlemez-meghajt\u00f3 burkolat ajtaja csavarokkal ThinkPad X230i P\/N 60.4KH22.011"},"content":{"rendered":"<p>N\u00f6velje ThinkPad X230i laptopja t\u00e1rol\u00f3kapacit\u00e1s\u00e1t \u00e9s v\u00e9delm\u00e9t ezzel a 60.4KH22.011 cikksz\u00e1m\u00fa, 2,5 h\u00fcvelykes merevlemez-meghajt\u00f3-burkolati ajt\u00f3val. A tart\u00f3ss\u00e1gra \u00e9s az egyszer\u0171 telep\u00edt\u00e9sre tervezett burkolatajt\u00f3 elengedhetetlen friss\u00edt\u00e9s laptopj\u00e1hoz.<\/p>\n<p>F\u0151bb jellemz\u0151k:<\/p>\n<p>&#8211; Kompatibilis a ThinkPad X230i-vel: t\u00f6k\u00e9letes illeszked\u00e9st \u00e9s kompatibilit\u00e1st biztos\u00edt a 60.4KH22.011 cikksz\u00e1mmal.<\/p>\n<p>&#8211; K\u00f6nny\u0171 telep\u00edt\u00e9s: csavarokat tartalmaz a probl\u00e9mamentes telep\u00edt\u00e9s \u00e9rdek\u00e9ben.<\/p>\n<p>&#8211; Tov\u00e1bbfejlesztett t\u00e1rol\u00e1si v\u00e9delem: \u00d3vja merevlemez\u00e9t ezzel a tart\u00f3s burkolat\u00fa ajt\u00f3val.<\/p>\n<p>&#8211; Min\u0151s\u00e9gi fel\u00e9p\u00edt\u00e9s: Tart\u00f3sra tervezve, megb\u00edzhat\u00f3 v\u00e9delmet ny\u00fajt merevlemeze sz\u00e1m\u00e1ra.<\/p>\n<p>Friss\u00edtse laptopja teljes\u00edtm\u00e9ny\u00e9t:<\/p>\n<p>Tapasztalja meg a tov\u00e1bbfejlesztett t\u00e1rol\u00e1si lehet\u0151s\u00e9geket \u00e9s a merevlemez fokozott v\u00e9delm\u00e9t, ha b\u0151v\u00edti ThinkPad X230i k\u00e9sz\u00fcl\u00e9k\u00e9t ezzel a burkolatfed\u00e9llel.<\/p>\n<p>Egyszer\u0171 telep\u00edt\u00e9s:<\/p>\n<p>A felhaszn\u00e1l\u00f3bar\u00e1t telep\u00edt\u00e9sre tervezt\u00e9k, ez a fed\u00e9lzeti ajt\u00f3 az \u00f6sszes sz\u00fcks\u00e9ges csavarral rendelkezik, \u00edgy a friss\u00edt\u00e9si folyamat gyors \u00e9s egyszer\u0171.<\/p>\n<p>Min\u0151s\u00e9gbiztos\u00edt\u00e1s:<\/p>\n<p>Biztos lehet benne, hogy egy kiv\u00e1l\u00f3 min\u0151s\u00e9g\u0171, tart\u00f3s \u00e9s megb\u00edzhat\u00f3 term\u00e9kbe fektet be. Minden v\u00e1s\u00e1rl\u00e1s val\u00f3di f\u00e9nyk\u00e9peket tartalmaz a pontos alkatr\u00e9szekr\u0151l, amelyeket megkap, ezzel biztos\u00edtva az \u00e1tl\u00e1that\u00f3s\u00e1got \u00e9s az \u00fcgyfelek el\u00e9gedetts\u00e9g\u00e9t.<\/p>\n<p>Friss\u00edtse ThinkPad X230i k\u00e9sz\u00fcl\u00e9k\u00e9t m\u00e9g ma a 2,5 h\u00fcvelykes HDD merevlemez-meghajt\u00f3 Caddy Cover Door ajtaj\u00e1val. V\u00e1s\u00e1roljon bizalommal, tudva, hogy olyan min\u0151s\u00e9gi term\u00e9kbe fektet be, amely jav\u00edtja laptopja funkcionalit\u00e1s\u00e1t. Ha k\u00e9rd\u00e9se van, vagy seg\u00edts\u00e9gre van sz\u00fcks\u00e9ge, ne habozzon kapcsolatba l\u00e9pni vel\u00fcnk. Az\u00e9rt vagyunk itt, hogy seg\u00edts\u00fcnk eszk\u00f6ze teljes\u00edtm\u00e9ny\u00e9nek jav\u00edt\u00e1s\u00e1ban.<\/p>\n","protected":false},"excerpt":{"rendered":"<p>Friss\u00edtse ThinkPad X230i k\u00e9sz\u00fcl\u00e9k\u00e9t ezzel a 2,5 h\u00fcvelykes merevlemez-meghajt\u00f3-burkolati ajt\u00f3val. K\u00f6nnyen felszerelhet\u0151 \u00e9s csavarokkal egy\u00fctt sz\u00e1ll\u00edtjuk. Kompatibilis a 60.4KH22.011 cikksz\u00e1mmal. N\u00f6velje laptopja t\u00e1rhely\u00e9t m\u00e9g ma!<\/p>\n","protected":false},"featured_media":8324,"template":"","meta":[],"product_brand":[],"product_cat":[27],"product_tag":[26],"class_list":{"0":"post-8263","1":"product","2":"type-product","3":"status-publish","4":"has-post-thumbnail","6":"product_cat-motherboards-board-parts","7":"product_tag-lenovo","9":"first","10":"instock","11":"taxable","12":"shipping-taxable","13":"purchasable","14":"product-type-simple"},"_links":{"self":[{"href":"https:\/\/boreait.com\/hu\/wp-json\/wp\/v2\/product\/8263","targetHints":{"allow":["GET"]}}],"collection":[{"href":"https:\/\/boreait.com\/hu\/wp-json\/wp\/v2\/product"}],"about":[{"href":"https:\/\/boreait.com\/hu\/wp-json\/wp\/v2\/types\/product"}],"wp:featuredmedia":[{"embeddable":true,"href":"https:\/\/boreait.com\/hu\/wp-json\/wp\/v2\/media\/8324"}],"wp:attachment":[{"href":"https:\/\/boreait.com\/hu\/wp-json\/wp\/v2\/media?parent=8263"}],"wp:term":[{"taxonomy":"product_brand","embeddable":true,"href":"https:\/\/boreait.com\/hu\/wp-json\/wp\/v2\/product_brand?post=8263"},{"taxonomy":"product_cat","embeddable":true,"href":"https:\/\/boreait.com\/hu\/wp-json\/wp\/v2\/product_cat?post=8263"},{"taxonomy":"product_tag","embeddable":true,"href":"https:\/\/boreait.com\/hu\/wp-json\/wp\/v2\/product_tag?post=8263"}],"curies":[{"name":"wp","href":"https:\/\/api.w.org\/{rel}","templated":true}]}}