{"id":8260,"date":"2025-09-17T12:03:46","date_gmt":"2025-09-17T10:03:46","guid":{"rendered":"https:\/\/boreait.com\/hu\/?post_type=product&#038;p=8260"},"modified":"2026-03-29T22:20:20","modified_gmt":"2026-03-29T20:20:20","slug":"hynix-1x4gb-4gb-hmt351s6cfr8c-h9-ddr3-4gb-2rx8-pc3-10600s-laptop-ram-memoria-2","status":"publish","type":"product","link":"https:\/\/boreait.com\/hu\/termek\/hynix-1x4gb-4gb-hmt351s6cfr8c-h9-ddr3-4gb-2rx8-pc3-10600s-laptop-ram-memoria-2\/","title":{"rendered":"HYNIX 1X4GB 4GB HMT351S6CFR8C-H9 DDR3 4GB 2Rx8 PC3 10600S Laptop Ram mem\u00f3ria"},"content":{"rendered":"<p>N\u00f6velje laptopja teljes\u00edtm\u00e9ny\u00e9t a HYNIX 4 GB DDR3 laptop RAM mem\u00f3ria modullal. A k\u00fcl\u00f6nf\u00e9le laptopmodellekkel val\u00f3 kompatibilit\u00e1sra tervezett mem\u00f3riamodul z\u00f6kken\u0151mentes telep\u00edt\u00e9st \u00e9s megb\u00edzhat\u00f3 teljes\u00edtm\u00e9nyt k\u00edn\u00e1l.<\/p>\n<p>F\u0151bb jellemz\u0151k:<\/p>\n<p>&#8211; Kapacit\u00e1s: 4 GB<\/p>\n<p>&#8211; T\u00edpus: DDR3<\/p>\n<p>&#8211; Sebess\u00e9g: PC3-10600S<\/p>\n<p>&#8211; Cikksz\u00e1m: HMT351S6CFR8C-H9<\/p>\n<p>&#8211; Forma t\u00e9nyez\u0151: SODIMM<\/p>\n<p>&#8211; Kompatibilit\u00e1s: laptopmodellek sz\u00e9les sk\u00e1l\u00e1j\u00e1hoz tesztelve<\/p>\n<p>&#8211; Eredeti HYNIX alkatr\u00e9szek: A megb\u00edzhat\u00f3s\u00e1g \u00e9s a teljes\u00edtm\u00e9ny biztos\u00edt\u00e1sa<\/p>\n<p>Friss\u00edtse laptopja teljes\u00edtm\u00e9ny\u00e9t:<\/p>\n<p>Tapasztalja meg a tov\u00e1bbfejlesztett multitasking k\u00e9pess\u00e9geket \u00e9s a g\u00f6rd\u00fcl\u00e9kenyebb m\u0171k\u00f6d\u00e9st laptopja mem\u00f3ri\u00e1j\u00e1nak b\u0151v\u00edt\u00e9s\u00e9vel. Ak\u00e1r professzion\u00e1lis, aki er\u0151forr\u00e1s-ig\u00e9nyes feladatokat int\u00e9z, vagy egy alkalmi felhaszn\u00e1l\u00f3, aki teljes\u00edtm\u00e9nyn\u00f6vel\u00e9st keres, ez a HYNIX mem\u00f3riamodul megb\u00edzhat\u00f3 v\u00e1laszt\u00e1s.<\/p>\n<p>Egyszer\u0171 telep\u00edt\u00e9s:<\/p>\n<p>Felhaszn\u00e1l\u00f3bar\u00e1t telep\u00edt\u00e9sre tervezt\u00e9k, \u00edgy a laptop mem\u00f3ri\u00e1j\u00e1nak b\u0151v\u00edt\u00e9se mostant\u00f3l probl\u00e9mamentes. N\u00f6velje eszk\u00f6ze sebess\u00e9g\u00e9t \u00e9s v\u00e1laszk\u00e9szs\u00e9g\u00e9t ezzel a DDR3 mem\u00f3riamodullal.<\/p>\n<p>Min\u0151s\u00e9gbiztos\u00edt\u00e1s:<\/p>\n<p>Nyugodjon meg, tudva, hogy az eredeti HYNIX technol\u00f3gi\u00e1ba fektet be. Minden term\u00e9k\u00fcnk szigor\u00fa tesztel\u00e9sen esik \u00e1t, hogy megfeleljen a magas min\u0151s\u00e9gi el\u0151\u00edr\u00e1soknak. Minden v\u00e1s\u00e1rl\u00e1s val\u00f3di f\u00e9nyk\u00e9peket tartalmaz a pontos alkatr\u00e9szekr\u0151l, amelyeket megkap.<\/p>\n<p>Friss\u00edtse laptopj\u00e1t m\u00e9g ma a HYNIX 4 GB DDR3 laptop RAM mem\u00f3ri\u00e1j\u00e1val \u2013 intelligens befektet\u00e9s a jobb teljes\u00edtm\u00e9ny \u00e9s hat\u00e9konys\u00e1g \u00e9rdek\u00e9ben. Ha b\u00e1rmilyen k\u00e9rd\u00e9se van, vagy seg\u00edts\u00e9gre van sz\u00fcks\u00e9ge, nyugodtan \u00edrjon nek\u00fcnk. Az\u00e9rt vagyunk itt, hogy seg\u00edts\u00fcnk \u00d6nnek a sz\u00e1m\u00edt\u00e1stechnikai \u00e9lm\u00e9ny jav\u00edt\u00e1s\u00e1ban.<\/p>\n","protected":false},"excerpt":{"rendered":"<p>B\u0151v\u00edtse laptopja mem\u00f3ri\u00e1j\u00e1t ezzel a HYNIX 4 GB DDR3 RAM modullal. Ez a z\u00f6kken\u0151mentes kompatibilit\u00e1sra \u00e9s optim\u00e1lis teljes\u00edtm\u00e9nyre tervezett mem\u00f3riamodul megb\u00edzhat\u00f3 v\u00e1laszt\u00e1s eszk\u00f6ze t\u00f6bbfeladatos k\u00e9pess\u00e9geinek fokoz\u00e1s\u00e1ra. B\u0151v\u00edtse laptopja mem\u00f3ri\u00e1j\u00e1t m\u00e9g ma!<\/p>\n","protected":false},"featured_media":8319,"template":"","meta":[],"product_brand":[],"product_cat":[37,36],"product_tag":[],"class_list":{"0":"post-8260","1":"product","2":"type-product","3":"status-publish","4":"has-post-thumbnail","6":"product_cat-ddr3-ddr3l","7":"product_cat-ram-memory","9":"first","10":"instock","11":"taxable","12":"shipping-taxable","13":"purchasable","14":"product-type-simple"},"_links":{"self":[{"href":"https:\/\/boreait.com\/hu\/wp-json\/wp\/v2\/product\/8260","targetHints":{"allow":["GET"]}}],"collection":[{"href":"https:\/\/boreait.com\/hu\/wp-json\/wp\/v2\/product"}],"about":[{"href":"https:\/\/boreait.com\/hu\/wp-json\/wp\/v2\/types\/product"}],"wp:featuredmedia":[{"embeddable":true,"href":"https:\/\/boreait.com\/hu\/wp-json\/wp\/v2\/media\/8319"}],"wp:attachment":[{"href":"https:\/\/boreait.com\/hu\/wp-json\/wp\/v2\/media?parent=8260"}],"wp:term":[{"taxonomy":"product_brand","embeddable":true,"href":"https:\/\/boreait.com\/hu\/wp-json\/wp\/v2\/product_brand?post=8260"},{"taxonomy":"product_cat","embeddable":true,"href":"https:\/\/boreait.com\/hu\/wp-json\/wp\/v2\/product_cat?post=8260"},{"taxonomy":"product_tag","embeddable":true,"href":"https:\/\/boreait.com\/hu\/wp-json\/wp\/v2\/product_tag?post=8260"}],"curies":[{"name":"wp","href":"https:\/\/api.w.org\/{rel}","templated":true}]}}