{"id":8259,"date":"2025-09-17T12:03:45","date_gmt":"2025-09-17T10:03:45","guid":{"rendered":"https:\/\/boreait.com\/hu\/?post_type=product&#038;p=8259"},"modified":"2026-01-27T11:13:50","modified_gmt":"2026-01-27T10:13:50","slug":"laptop-lcd-csuklopantok-lenovo-thinkpad-x220-x220i-x230-x230i-lcd-zsaneros-kepernyohoz","status":"publish","type":"product","link":"https:\/\/boreait.com\/hu\/termek\/laptop-lcd-csuklopantok-lenovo-thinkpad-x220-x220i-x230-x230i-lcd-zsaneros-kepernyohoz\/","title":{"rendered":"Laptop LCD csukl\u00f3p\u00e1ntok Lenovo ThinkPad X220 X220i X230 X230i LCD zsan\u00e9ros k\u00e9perny\u0151h\u00f6z"},"content":{"rendered":"<p>N\u00f6velje Lenovo ThinkPad X220\/X220i\/X230\/X230i laptop k\u00e9perny\u0151j\u00e9nek stabilit\u00e1s\u00e1t \u00e9s funkcionalit\u00e1s\u00e1t ezekkel a laptop LCD zsan\u00e9rokkal. A tart\u00f3ss\u00e1gra \u00e9s a pontos kompatibilit\u00e1sra kialak\u00edtott zsan\u00e9rok z\u00f6kken\u0151mentes m\u0171k\u00f6d\u00e9st \u00e9s megb\u00edzhat\u00f3 teljes\u00edtm\u00e9nyt biztos\u00edtanak.<\/p>\n<p>F\u0151bb jellemz\u0151k:<\/p>\n<p>&#8211; Kompatibilis modellek: kifejezetten Lenovo ThinkPad X220, X220i, X230 \u00e9s X230i laptopokhoz tervezt\u00e9k.<\/p>\n<p>&#8211; Stabil \u00e9s sima m\u0171k\u00f6d\u00e9s: A stabil \u00e9s sima mozg\u00e1s \u00e9rdek\u00e9ben friss\u00edtse laptopja k\u00e9perny\u0151p\u00e1ntjait.<\/p>\n<p>&#8211; K\u00f6nny\u0171 telep\u00edt\u00e9s: K\u00f6nnyed\u00e9n cser\u00e9lje ki laptopja zsan\u00e9rjait az egyszer\u0171 telep\u00edt\u00e9si utas\u00edt\u00e1sok seg\u00edts\u00e9g\u00e9vel.<\/p>\n<p>&#8211; Fokozott tart\u00f3ss\u00e1g: Kiv\u00e1l\u00f3 min\u0151s\u00e9g\u0171 anyagokb\u00f3l k\u00e9sz\u00fclt a hosszan tart\u00f3 teljes\u00edtm\u00e9ny \u00e9rdek\u00e9ben.<\/p>\n<p>Friss\u00edtse Lenovo ThinkPad laptopj\u00e1t m\u00e9g ma ezekkel az eredeti LCD zsan\u00e9rokkal. V\u00e1s\u00e1roljon bizalommal, tudva, hogy min\u0151s\u00e9gi cserealkatr\u00e9szekbe fektet be k\u00e9sz\u00fcl\u00e9k\u00e9hez. Ha k\u00e9rd\u00e9se van, vagy seg\u00edts\u00e9gre van sz\u00fcks\u00e9ge, forduljon hozz\u00e1nk bizalommal. Az\u00e9rt vagyunk itt, hogy seg\u00edts\u00fcnk laptopja funkcionalit\u00e1s\u00e1nak jav\u00edt\u00e1s\u00e1ban.<\/p>\n","protected":false},"excerpt":{"rendered":"<p>Friss\u00edtse Lenovo ThinkPad X220\/X220i\/X230\/X230i k\u00e9perny\u0151p\u00e1ntjait ezekkel a laptop LCD zsan\u00e9rokkal. Biztos\u00edtsa laptopja k\u00e9perny\u0151j\u00e9nek stabil \u00e9s z\u00f6kken\u0151mentes m\u0171k\u00f6d\u00e9s\u00e9t. V\u00e1s\u00e1roljon most a jobb tart\u00f3ss\u00e1g \u00e9rdek\u00e9ben!<\/p>\n","protected":false},"featured_media":8318,"template":"","meta":[],"product_brand":[],"product_cat":[19],"product_tag":[26],"class_list":{"0":"post-8259","1":"product","2":"type-product","3":"status-publish","4":"has-post-thumbnail","6":"product_cat-screen-hinge","7":"product_tag-lenovo","9":"first","10":"instock","11":"taxable","12":"shipping-taxable","13":"purchasable","14":"product-type-simple"},"_links":{"self":[{"href":"https:\/\/boreait.com\/hu\/wp-json\/wp\/v2\/product\/8259","targetHints":{"allow":["GET"]}}],"collection":[{"href":"https:\/\/boreait.com\/hu\/wp-json\/wp\/v2\/product"}],"about":[{"href":"https:\/\/boreait.com\/hu\/wp-json\/wp\/v2\/types\/product"}],"wp:featuredmedia":[{"embeddable":true,"href":"https:\/\/boreait.com\/hu\/wp-json\/wp\/v2\/media\/8318"}],"wp:attachment":[{"href":"https:\/\/boreait.com\/hu\/wp-json\/wp\/v2\/media?parent=8259"}],"wp:term":[{"taxonomy":"product_brand","embeddable":true,"href":"https:\/\/boreait.com\/hu\/wp-json\/wp\/v2\/product_brand?post=8259"},{"taxonomy":"product_cat","embeddable":true,"href":"https:\/\/boreait.com\/hu\/wp-json\/wp\/v2\/product_cat?post=8259"},{"taxonomy":"product_tag","embeddable":true,"href":"https:\/\/boreait.com\/hu\/wp-json\/wp\/v2\/product_tag?post=8259"}],"curies":[{"name":"wp","href":"https:\/\/api.w.org\/{rel}","templated":true}]}}