{"id":8258,"date":"2025-09-17T12:03:45","date_gmt":"2025-09-17T10:03:45","guid":{"rendered":"https:\/\/boreait.com\/hu\/?post_type=product&#038;p=8258"},"modified":"2025-09-17T12:05:28","modified_gmt":"2025-09-17T10:05:28","slug":"eredeti-lenovo-thinkpad-t430s-ujjlenyomat-olvaso-tabla-48-4qe17-011","status":"publish","type":"product","link":"https:\/\/boreait.com\/hu\/termek\/eredeti-lenovo-thinkpad-t430s-ujjlenyomat-olvaso-tabla-48-4qe17-011\/","title":{"rendered":"Eredeti Lenovo ThinkPad T430s ujjlenyomat-olvas\u00f3 t\u00e1bla 48.4QE17.011"},"content":{"rendered":"<p>Friss\u00edtse Lenovo ThinkPad T430s laptopja biztons\u00e1gi funkci\u00f3it az eredeti ujjlenyomat-olvas\u00f3 k\u00e1rty\u00e1val, cikksz\u00e1m: 48.4QE17.011. Ez a megb\u00edzhat\u00f3s\u00e1g \u00e9s kompatibilit\u00e1s jegy\u00e9ben k\u00e9sz\u00fclt, hiteles cserealkatr\u00e9sz biztons\u00e1gos hozz\u00e1f\u00e9r\u00e9st \u00e9s egyszer\u0171 telep\u00edt\u00e9st biztos\u00edt.<\/p>\n<p>F\u0151bb jellemz\u0151k:<\/p>\n<p>&#8211; Eredeti Lenovo csere: A kompatibilit\u00e1s \u00e9s a megb\u00edzhat\u00f3s\u00e1g biztos\u00edt\u00e1sa hiteles cserealkatr\u00e9szekkel.<\/p>\n<p>&#8211; K\u00f6nny\u0171 telep\u00edt\u00e9s: Egyszer\u0171 telep\u00edt\u00e9ssel k\u00f6nnyed\u00e9n n\u00f6velheti eszk\u00f6ze biztons\u00e1g\u00e1t.<\/p>\n<p>&#8211; Tov\u00e1bbfejlesztett biztons\u00e1gi funkci\u00f3k: N\u00f6velje laptopja biztons\u00e1g\u00e1t biometrikus hiteles\u00edt\u00e9ssel.<\/p>\n<p>&#8211; Tart\u00f3s konstrukci\u00f3: \u00fagy k\u00e9sz\u00fclt, hogy ellen\u00e1lljon a napi haszn\u00e1latnak, \u00edgy biztos\u00edtva a hossz\u00fa \u00e9lettartamot \u00e9s a megb\u00edzhat\u00f3s\u00e1got.<\/p>\n<p>Friss\u00edtse Lenovo ThinkPad T430s laptopj\u00e1t m\u00e9g ma az eredeti ujjlenyomat-olvas\u00f3 k\u00e1rty\u00e1val. V\u00e1s\u00e1roljon bizalommal, tudva, hogy min\u0151s\u00e9gi cserealkatr\u00e9szekbe fektet be k\u00e9sz\u00fcl\u00e9k\u00e9hez. Ha k\u00e9rd\u00e9se van, vagy seg\u00edts\u00e9gre van sz\u00fcks\u00e9ge, ne habozzon kapcsolatba l\u00e9pni vel\u00fcnk. Az\u00e9rt vagyunk itt, hogy seg\u00edts\u00fcnk eszk\u00f6ze biztons\u00e1gi funkci\u00f3inak jav\u00edt\u00e1s\u00e1ban.<\/p>\n","protected":false},"excerpt":{"rendered":"<p>Fejlessze Lenovo ThinkPad T430s k\u00e9sz\u00fcl\u00e9k\u00e9t ezzel az eredeti ujjlenyomat-olvas\u00f3 k\u00e1rty\u00e1val. K\u00f6nnyen telep\u00edthet\u0151 \u00e9s kompatibilis a 48.4QE17.011 cikksz\u00e1mmal. Friss\u00edtse eszk\u00f6ze biztons\u00e1gi funkci\u00f3it m\u00e9g ma!<\/p>\n","protected":false},"featured_media":8317,"template":"","meta":[],"product_brand":[],"product_cat":[27],"product_tag":[26],"class_list":{"0":"post-8258","1":"product","2":"type-product","3":"status-publish","4":"has-post-thumbnail","6":"product_cat-motherboards-board-parts","7":"product_tag-lenovo","9":"first","10":"instock","11":"taxable","12":"shipping-taxable","13":"purchasable","14":"product-type-simple"},"_links":{"self":[{"href":"https:\/\/boreait.com\/hu\/wp-json\/wp\/v2\/product\/8258","targetHints":{"allow":["GET"]}}],"collection":[{"href":"https:\/\/boreait.com\/hu\/wp-json\/wp\/v2\/product"}],"about":[{"href":"https:\/\/boreait.com\/hu\/wp-json\/wp\/v2\/types\/product"}],"wp:featuredmedia":[{"embeddable":true,"href":"https:\/\/boreait.com\/hu\/wp-json\/wp\/v2\/media\/8317"}],"wp:attachment":[{"href":"https:\/\/boreait.com\/hu\/wp-json\/wp\/v2\/media?parent=8258"}],"wp:term":[{"taxonomy":"product_brand","embeddable":true,"href":"https:\/\/boreait.com\/hu\/wp-json\/wp\/v2\/product_brand?post=8258"},{"taxonomy":"product_cat","embeddable":true,"href":"https:\/\/boreait.com\/hu\/wp-json\/wp\/v2\/product_cat?post=8258"},{"taxonomy":"product_tag","embeddable":true,"href":"https:\/\/boreait.com\/hu\/wp-json\/wp\/v2\/product_tag?post=8258"}],"curies":[{"name":"wp","href":"https:\/\/api.w.org\/{rel}","templated":true}]}}