{"id":8244,"date":"2025-09-17T12:03:21","date_gmt":"2025-09-17T10:03:21","guid":{"rendered":"https:\/\/boreait.com\/hu\/?post_type=product&#038;p=8244"},"modified":"2025-09-17T12:05:27","modified_gmt":"2025-09-17T10:05:27","slug":"video-kepernyo-kabel-lenovo-thinkpad-x220-x220i-x220s-x230-x230i-50-4kh04-001","status":"publish","type":"product","link":"https:\/\/boreait.com\/hu\/termek\/video-kepernyo-kabel-lenovo-thinkpad-x220-x220i-x220s-x230-x230i-50-4kh04-001\/","title":{"rendered":"Vide\u00f3 k\u00e9perny\u0151 k\u00e1bel Lenovo ThinkPad X220 X220I X220S X230 X230I 50.4KH04.001"},"content":{"rendered":"<p>Cser\u00e9lje ki a s\u00e9r\u00fclt videok\u00e9perny\u0151 k\u00e1bel\u00e9t erre a kiv\u00e1l\u00f3 min\u0151s\u00e9g\u0171 csereablakra, amelyet kifejezetten az X220, X220I, X220S, X230 \u00e9s X230I Lenovo ThinkPad modellekhez terveztek. Az 50.4KH04.001 cikksz\u00e1m\u00fa k\u00e1bel megb\u00edzhat\u00f3 \u00e9s tiszta kijelz\u0151kapcsolatot biztos\u00edt.<\/p>\n<p>F\u0151bb jellemz\u0151k:<\/p>\n<p>&#8211; Kompatibilit\u00e1s: a Lenovo ThinkPad X220, X220I, X220S, X230 \u00e9s X230I modellekhez illeszkedik.<\/p>\n<p>&#8211; Cikksz\u00e1m: 50.4KH04.001<\/p>\n<p>&#8211; Kiv\u00e1l\u00f3 min\u0151s\u00e9g\u0171 csere: Biztos\u00edtson stabil \u00e9s tiszta videomegjelen\u00edt\u00e9st ezzel a pr\u00e9mium cserek\u00e1bellel.<\/p>\n<p>&#8211; K\u00f6nny\u0171 telep\u00edt\u00e9s: Probl\u00e9mamentes telep\u00edt\u00e9sre tervezt\u00e9k, professzion\u00e1lis seg\u00edts\u00e9g n\u00e9lk\u00fcl.<\/p>\n<p>&#8211; Tart\u00f3s konstrukci\u00f3: Min\u0151s\u00e9gi anyagokb\u00f3l k\u00e9sz\u00fclt a hossz\u00fa \u00e9lettartam \u00e9rdek\u00e9ben.<\/p>\n<p>Friss\u00edtse Lenovo ThinkPadj\u00e9t ezzel a megb\u00edzhat\u00f3 videok\u00e9perny\u0151-k\u00e1bellel az optim\u00e1lis megjelen\u00edt\u00e9si min\u0151s\u00e9g meg\u0151rz\u00e9s\u00e9hez. Ha b\u00e1rmilyen k\u00e9rd\u00e9se van, vagy seg\u00edts\u00e9gre van sz\u00fcks\u00e9ge, ne habozzon kapcsolatba l\u00e9pni vel\u00fcnk. Az\u00e9rt vagyunk itt, hogy seg\u00edts\u00fcnk, hogy laptopja a lehet\u0151 legjobb teljes\u00edtm\u00e9nyt ny\u00fajtsa.<\/p>\n","protected":false},"excerpt":{"rendered":"<p>Cser\u00e9lje ki a s\u00e9r\u00fclt k\u00e9perny\u0151k\u00e1belt ezzel a kiv\u00e1l\u00f3 min\u0151s\u00e9g\u0171 Lenovo ThinkPad X220, X220I, X220S, X230 \u00e9s X230I cser\u00e9j\u00e9vel. Kompatibilis az 50.4KH04.001 cikksz\u00e1mmal. Biztos\u00edtson tiszta \u00e9s stabil kijelz\u0151kapcsolatot.<\/p>\n","protected":false},"featured_media":8315,"template":"","meta":[],"product_brand":[],"product_cat":[20],"product_tag":[26],"class_list":{"0":"post-8244","1":"product","2":"type-product","3":"status-publish","4":"has-post-thumbnail","6":"product_cat-cables","7":"product_tag-lenovo","9":"first","10":"instock","11":"taxable","12":"shipping-taxable","13":"purchasable","14":"product-type-simple"},"_links":{"self":[{"href":"https:\/\/boreait.com\/hu\/wp-json\/wp\/v2\/product\/8244","targetHints":{"allow":["GET"]}}],"collection":[{"href":"https:\/\/boreait.com\/hu\/wp-json\/wp\/v2\/product"}],"about":[{"href":"https:\/\/boreait.com\/hu\/wp-json\/wp\/v2\/types\/product"}],"wp:featuredmedia":[{"embeddable":true,"href":"https:\/\/boreait.com\/hu\/wp-json\/wp\/v2\/media\/8315"}],"wp:attachment":[{"href":"https:\/\/boreait.com\/hu\/wp-json\/wp\/v2\/media?parent=8244"}],"wp:term":[{"taxonomy":"product_brand","embeddable":true,"href":"https:\/\/boreait.com\/hu\/wp-json\/wp\/v2\/product_brand?post=8244"},{"taxonomy":"product_cat","embeddable":true,"href":"https:\/\/boreait.com\/hu\/wp-json\/wp\/v2\/product_cat?post=8244"},{"taxonomy":"product_tag","embeddable":true,"href":"https:\/\/boreait.com\/hu\/wp-json\/wp\/v2\/product_tag?post=8244"}],"curies":[{"name":"wp","href":"https:\/\/api.w.org\/{rel}","templated":true}]}}