{"id":8240,"date":"2025-09-17T12:03:20","date_gmt":"2025-09-17T10:03:20","guid":{"rendered":"https:\/\/boreait.com\/hu\/?post_type=product&#038;p=8240"},"modified":"2025-09-17T12:04:58","modified_gmt":"2025-09-17T10:04:58","slug":"lenovo-t420-t430-t510-t520-t530-w510-w520-w530-super-multi-dvd-iro-belso-sata-95-mm-es-iro","status":"publish","type":"product","link":"https:\/\/boreait.com\/hu\/termek\/lenovo-t420-t430-t510-t520-t530-w510-w520-w530-super-multi-dvd-iro-belso-sata-95-mm-es-iro\/","title":{"rendered":"Lenovo T420 T430 T510 T520 T530 W510 W520 W530 Super Multi DVD \u00edr\u00f3 bels\u0151 SATA 9,5 mm-es \u00edr\u00f3"},"content":{"rendered":"<p>Fokozza eszk\u00f6ze funkcionalit\u00e1s\u00e1t a Lenovo GU70N Super Multi DVD Rewriter seg\u00edts\u00e9g\u00e9vel. Ez a bels\u0151 SATA DVD-\u00edr\u00f3 9,5 mm-es magass\u00e1ggal rendelkezik, \u00edgy k\u00fcl\u00f6nf\u00e9le eszk\u00f6z\u00f6kh\u00f6z alkalmas. Ak\u00e1r DVD-ket \u00edr, ak\u00e1r optikai adathordoz\u00f3kat keres, ez a DVD-\u00fajra\u00edr\u00f3 megb\u00edzhat\u00f3 teljes\u00edtm\u00e9nyt biztos\u00edt. A m\u0171anyag bor\u00edt\u00e1s\/el\u0151lap a k\u00f6vetkez\u0151 laptopokkal kompatibilis:\u00a0T420 T430 T510 T520\u00a0<em>T530<\/em> W510 W520 W530.<\/p>\n<p>F\u0151bb jellemz\u0151k:<\/p>\n<p>&#8211; Bels\u0151 SATA-csatlakoz\u00e1s: A z\u00f6kken\u0151mentes integr\u00e1ci\u00f3 \u00e9rdek\u00e9ben sz\u00e1mos eszk\u00f6zzel kompatibilis.<\/p>\n<p>&#8211; 9,5 mm Magass\u00e1g: \u00dagy tervezt\u00e9k, hogy illeszkedjen a szabv\u00e1nyos meghajt\u00f3rekeszekhez, biztos\u00edtva a kompatibilit\u00e1st a legt\u00f6bb eszk\u00f6zzel.<\/p>\n<p>&#8211; Super Multi DVD-\u00fajra\u00edr\u00f3: \u00c9lvezze a DVD-\u00edr\u00e1s rugalmass\u00e1g\u00e1t \u00e9s az optikai adathordoz\u00f3k egyszer\u0171 el\u00e9r\u00e9s\u00e9t.<\/p>\n<p>&#8211; Megb\u00edzhat\u00f3 teljes\u00edtm\u00e9ny: Tart\u00f3ss\u00e1gra \u00e9s megb\u00edzhat\u00f3s\u00e1gra \u00e9p\u00edtve, \u00e1lland\u00f3 teljes\u00edtm\u00e9nyt biztos\u00edtva az \u00d6n ig\u00e9nyeinek.<\/p>\n<p>Friss\u00edtse eszk\u00f6z\u00e9t m\u00e9g ma a Lenovo GU70N Super Multi DVD Rewriter seg\u00edts\u00e9g\u00e9vel. V\u00e1s\u00e1roljon bizalommal, tudva, hogy min\u0151s\u00e9gi bels\u0151 DVD-\u00edr\u00f3ba fektet be k\u00e9sz\u00fcl\u00e9k\u00e9hez. Ha k\u00e9rd\u00e9se van, vagy seg\u00edts\u00e9gre van sz\u00fcks\u00e9ge, ne habozzon kapcsolatba l\u00e9pni vel\u00fcnk. Az\u00e9rt vagyunk itt, hogy seg\u00edts\u00fcnk eszk\u00f6ze k\u00e9pess\u00e9geinek fejleszt\u00e9s\u00e9ben.<\/p>\n","protected":false},"excerpt":{"rendered":"<p>Friss\u00edtse eszk\u00f6z\u00e9t a Lenovo GU70N Super Multi DVD Rewriter seg\u00edts\u00e9g\u00e9vel. Ezt a 9,5 mm-es bels\u0151 SATA DVD-\u00edr\u00f3t megb\u00edzhat\u00f3 teljes\u00edtm\u00e9nyre \u00e9s kompatibilit\u00e1sra tervezt\u00e9k. T\u00f6k\u00e9letes DVD-\u00edr\u00e1shoz \u00e9s optikai adathordoz\u00f3k el\u00e9r\u00e9s\u00e9hez. Friss\u00edtse eszk\u00f6ze k\u00e9pess\u00e9geit m\u00e9g ma!<\/p>\n","protected":false},"featured_media":8305,"template":"","meta":[],"product_brand":[],"product_cat":[27],"product_tag":[26],"class_list":{"0":"post-8240","1":"product","2":"type-product","3":"status-publish","4":"has-post-thumbnail","6":"product_cat-motherboards-board-parts","7":"product_tag-lenovo","9":"first","10":"instock","11":"taxable","12":"shipping-taxable","13":"purchasable","14":"product-type-simple"},"_links":{"self":[{"href":"https:\/\/boreait.com\/hu\/wp-json\/wp\/v2\/product\/8240","targetHints":{"allow":["GET"]}}],"collection":[{"href":"https:\/\/boreait.com\/hu\/wp-json\/wp\/v2\/product"}],"about":[{"href":"https:\/\/boreait.com\/hu\/wp-json\/wp\/v2\/types\/product"}],"wp:featuredmedia":[{"embeddable":true,"href":"https:\/\/boreait.com\/hu\/wp-json\/wp\/v2\/media\/8305"}],"wp:attachment":[{"href":"https:\/\/boreait.com\/hu\/wp-json\/wp\/v2\/media?parent=8240"}],"wp:term":[{"taxonomy":"product_brand","embeddable":true,"href":"https:\/\/boreait.com\/hu\/wp-json\/wp\/v2\/product_brand?post=8240"},{"taxonomy":"product_cat","embeddable":true,"href":"https:\/\/boreait.com\/hu\/wp-json\/wp\/v2\/product_cat?post=8240"},{"taxonomy":"product_tag","embeddable":true,"href":"https:\/\/boreait.com\/hu\/wp-json\/wp\/v2\/product_tag?post=8240"}],"curies":[{"name":"wp","href":"https:\/\/api.w.org\/{rel}","templated":true}]}}