{"id":8236,"date":"2025-09-17T12:03:19","date_gmt":"2025-09-17T10:03:19","guid":{"rendered":"https:\/\/boreait.com\/hu\/?post_type=product&#038;p=8236"},"modified":"2025-09-17T12:04:23","modified_gmt":"2025-09-17T10:04:23","slug":"eredeti-lenovo-thinkpad-t420s-t430s-dc-power-jack-board-laptop-04w3997","status":"publish","type":"product","link":"https:\/\/boreait.com\/hu\/termek\/eredeti-lenovo-thinkpad-t420s-t430s-dc-power-jack-board-laptop-04w3997\/","title":{"rendered":"Eredeti Lenovo ThinkPad T420S T430S DC Power Jack Board laptop 04W3997"},"content":{"rendered":"<p>Fokozza Lenovo ThinkPad T420S\/T430S laptopja t\u00e1pell\u00e1t\u00e1s\u00e1t az eredeti DC t\u00e1pcsatlakoz\u00f3val, cikksz\u00e1m: 04W3997. A tart\u00f3ss\u00e1g \u00e9s a kompatibilit\u00e1s jegy\u00e9ben k\u00e9sz\u00fclt, ez az eredeti cserealkatr\u00e9sz megb\u00edzhat\u00f3 teljes\u00edtm\u00e9nyt \u00e9s egyszer\u0171 telep\u00edt\u00e9st biztos\u00edt.<\/p>\n<p>F\u0151bb jellemz\u0151k:<\/p>\n<p>&#8211; Eredeti Lenovo csere: A kompatibilit\u00e1s \u00e9s a megb\u00edzhat\u00f3s\u00e1g biztos\u00edt\u00e1sa hiteles cserealkatr\u00e9szekkel.<\/p>\n<p>&#8211; K\u00f6nny\u0171 telep\u00edt\u00e9s: Egyszer\u0171 telep\u00edt\u00e9ssel k\u00f6nnyed\u00e9n b\u0151v\u00edtheti laptopja t\u00e1pell\u00e1t\u00e1s\u00e1t.<\/p>\n<p>&#8211; Tov\u00e1bbfejlesztett \u00e1ramell\u00e1t\u00e1s: Biztos\u00edtsa laptopja stabil t\u00e1pell\u00e1t\u00e1s\u00e1t a megszak\u00edt\u00e1s n\u00e9lk\u00fcli haszn\u00e1lat \u00e9rdek\u00e9ben.<\/p>\n<p>&#8211; Tart\u00f3s konstrukci\u00f3: \u00dagy tervezt\u00e9k, hogy ellen\u00e1lljon a rendszeres haszn\u00e1latnak, \u00edgy biztos\u00edtva a hossz\u00fa \u00e9lettartamot \u00e9s a megb\u00edzhat\u00f3s\u00e1got.<\/p>\n<p>Friss\u00edtse Lenovo ThinkPad T420S\/T430S laptopj\u00e1t m\u00e9g ma az eredeti DC t\u00e1pcsatlakoz\u00f3val. V\u00e1s\u00e1roljon bizalommal, tudva, hogy min\u0151s\u00e9gi cserealkatr\u00e9szekbe fektet be k\u00e9sz\u00fcl\u00e9k\u00e9hez. Ha k\u00e9rd\u00e9se van, vagy seg\u00edts\u00e9gre van sz\u00fcks\u00e9ge, ne habozzon kapcsolatba l\u00e9pni vel\u00fcnk. Az\u00e9rt vagyunk itt, hogy seg\u00edts\u00fcnk laptopja funkcionalit\u00e1s\u00e1nak jav\u00edt\u00e1s\u00e1ban.<\/p>\n","protected":false},"excerpt":{"rendered":"<p>B\u0151v\u00edtse Lenovo ThinkPad T420S\/T430S laptopja t\u00e1pcsatlakoz\u00f3j\u00e1t ezzel az eredeti DC t\u00e1pcsatlakoz\u00f3val. K\u00f6nnyen telep\u00edthet\u0151 \u00e9s kompatibilis a 04W3997 cikksz\u00e1mmal. Fokozza laptopja t\u00e1pell\u00e1t\u00e1s\u00e1t m\u00e9g ma!<\/p>\n","protected":false},"featured_media":8294,"template":"","meta":[],"product_brand":[],"product_cat":[27],"product_tag":[26],"class_list":{"0":"post-8236","1":"product","2":"type-product","3":"status-publish","4":"has-post-thumbnail","6":"product_cat-motherboards-board-parts","7":"product_tag-lenovo","9":"first","10":"instock","11":"taxable","12":"shipping-taxable","13":"purchasable","14":"product-type-simple"},"_links":{"self":[{"href":"https:\/\/boreait.com\/hu\/wp-json\/wp\/v2\/product\/8236","targetHints":{"allow":["GET"]}}],"collection":[{"href":"https:\/\/boreait.com\/hu\/wp-json\/wp\/v2\/product"}],"about":[{"href":"https:\/\/boreait.com\/hu\/wp-json\/wp\/v2\/types\/product"}],"wp:featuredmedia":[{"embeddable":true,"href":"https:\/\/boreait.com\/hu\/wp-json\/wp\/v2\/media\/8294"}],"wp:attachment":[{"href":"https:\/\/boreait.com\/hu\/wp-json\/wp\/v2\/media?parent=8236"}],"wp:term":[{"taxonomy":"product_brand","embeddable":true,"href":"https:\/\/boreait.com\/hu\/wp-json\/wp\/v2\/product_brand?post=8236"},{"taxonomy":"product_cat","embeddable":true,"href":"https:\/\/boreait.com\/hu\/wp-json\/wp\/v2\/product_cat?post=8236"},{"taxonomy":"product_tag","embeddable":true,"href":"https:\/\/boreait.com\/hu\/wp-json\/wp\/v2\/product_tag?post=8236"}],"curies":[{"name":"wp","href":"https:\/\/api.w.org\/{rel}","templated":true}]}}