{"id":8235,"date":"2025-09-17T12:03:19","date_gmt":"2025-09-17T10:03:19","guid":{"rendered":"https:\/\/boreait.com\/hu\/?post_type=product&#038;p=8235"},"modified":"2026-01-27T11:12:34","modified_gmt":"2026-01-27T10:12:34","slug":"eredeti-lenovo-thinkpad-t430si-t430s-t420si-t420s-lcd-kamerakabel-50-4kf05-001-04w1685","status":"publish","type":"product","link":"https:\/\/boreait.com\/hu\/termek\/eredeti-lenovo-thinkpad-t430si-t430s-t420si-t420s-lcd-kamerakabel-50-4kf05-001-04w1685\/","title":{"rendered":"Eredeti Lenovo ThinkPad T430SI T430S T420si T420S LCD kamerak\u00e1bel 50.4KF05.001 04W1685"},"content":{"rendered":"<p>Fokozza Lenovo ThinkPad T430SI T430S T420si T420S laptopja kamerafunkci\u00f3it az eredeti LCD-kamerak\u00e1bellel, cikksz\u00e1m: 50.4KF05.001 04W1685. A tart\u00f3ss\u00e1g \u00e9s a kompatibilit\u00e1s jegy\u00e9ben k\u00e9sz\u00fclt, ez az eredeti cserealkatr\u00e9sz megb\u00edzhat\u00f3 teljes\u00edtm\u00e9nyt \u00e9s egyszer\u0171 telep\u00edt\u00e9st biztos\u00edt.<\/p>\n<p>F\u0151bb jellemz\u0151k:<\/p>\n<p>&#8211; Eredeti Lenovo csere: A kompatibilit\u00e1s \u00e9s a megb\u00edzhat\u00f3s\u00e1g biztos\u00edt\u00e1sa hiteles cserealkatr\u00e9szekkel.<\/p>\n<p>&#8211; K\u00f6nny\u0171 telep\u00edt\u00e9s: Egyszer\u0171 telep\u00edt\u00e9ssel k\u00f6nnyed\u00e9n friss\u00edtheti laptopja kamer\u00e1j\u00e1t.<\/p>\n<p>&#8211; Tov\u00e1bbfejlesztett kamerafunkci\u00f3k: Jav\u00edtsa laptopja kamer\u00e1j\u00e1nak min\u0151s\u00e9g\u00e9t a jobb videoh\u00edv\u00e1sok \u00e9s konferenci\u00e1k \u00e9rdek\u00e9ben.<\/p>\n<p>&#8211; Tart\u00f3s konstrukci\u00f3: \u00dagy tervezt\u00e9k, hogy ellen\u00e1lljon a rendszeres haszn\u00e1latnak, \u00edgy biztos\u00edtva a hossz\u00fa \u00e9lettartamot \u00e9s a megb\u00edzhat\u00f3s\u00e1got.<\/p>\n<p>Friss\u00edtse Lenovo ThinkPad T430SI T430S T420si T420S laptopj\u00e1t m\u00e9g ma az eredeti LCD-kamerak\u00e1bellel. V\u00e1s\u00e1roljon bizalommal, tudva, hogy min\u0151s\u00e9gi cserealkatr\u00e9szekbe fektet be k\u00e9sz\u00fcl\u00e9k\u00e9hez. Ha k\u00e9rd\u00e9se van, vagy seg\u00edts\u00e9gre van sz\u00fcks\u00e9ge, ne habozzon kapcsolatba l\u00e9pni vel\u00fcnk. Az\u00e9rt vagyunk itt, hogy seg\u00edts\u00fcnk laptopja funkcionalit\u00e1s\u00e1nak jav\u00edt\u00e1s\u00e1ban.<\/p>\n","protected":false},"excerpt":{"rendered":"<p>Friss\u00edtse Lenovo ThinkPad T430SI T430S T420si T420S LCD kamerak\u00e1bel\u00e9t ezzel az eredeti cserealkatr\u00e9szrel. Kompatibilis az 50.4KF05.001 04W1685 cikksz\u00e1mmal. B\u0151v\u00edtse laptopja kamer\u00e1j\u00e1nak funkci\u00f3it m\u00e9g ma!<\/p>\n","protected":false},"featured_media":8281,"template":"","meta":[],"product_brand":[],"product_cat":[20],"product_tag":[26],"class_list":{"0":"post-8235","1":"product","2":"type-product","3":"status-publish","4":"has-post-thumbnail","6":"product_cat-cables","7":"product_tag-lenovo","9":"first","10":"instock","11":"taxable","12":"shipping-taxable","13":"purchasable","14":"product-type-simple"},"_links":{"self":[{"href":"https:\/\/boreait.com\/hu\/wp-json\/wp\/v2\/product\/8235","targetHints":{"allow":["GET"]}}],"collection":[{"href":"https:\/\/boreait.com\/hu\/wp-json\/wp\/v2\/product"}],"about":[{"href":"https:\/\/boreait.com\/hu\/wp-json\/wp\/v2\/types\/product"}],"wp:featuredmedia":[{"embeddable":true,"href":"https:\/\/boreait.com\/hu\/wp-json\/wp\/v2\/media\/8281"}],"wp:attachment":[{"href":"https:\/\/boreait.com\/hu\/wp-json\/wp\/v2\/media?parent=8235"}],"wp:term":[{"taxonomy":"product_brand","embeddable":true,"href":"https:\/\/boreait.com\/hu\/wp-json\/wp\/v2\/product_brand?post=8235"},{"taxonomy":"product_cat","embeddable":true,"href":"https:\/\/boreait.com\/hu\/wp-json\/wp\/v2\/product_cat?post=8235"},{"taxonomy":"product_tag","embeddable":true,"href":"https:\/\/boreait.com\/hu\/wp-json\/wp\/v2\/product_tag?post=8235"}],"curies":[{"name":"wp","href":"https:\/\/api.w.org\/{rel}","templated":true}]}}