{"id":8220,"date":"2025-09-17T12:02:56","date_gmt":"2025-09-17T10:02:56","guid":{"rendered":"https:\/\/boreait.com\/hu\/?post_type=product&#038;p=8220"},"modified":"2026-01-27T11:12:20","modified_gmt":"2026-01-27T10:12:20","slug":"eredeti-lenovo-thinkpad-t430s-t430i-fenykepezogep-63y0244-63y0243-63y0246","status":"publish","type":"product","link":"https:\/\/boreait.com\/hu\/termek\/eredeti-lenovo-thinkpad-t430s-t430i-fenykepezogep-63y0244-63y0243-63y0246\/","title":{"rendered":"Eredeti Lenovo ThinkPad T430S\/T430I f\u00e9nyk\u00e9pez\u0151g\u00e9p 63Y0244 63Y0243 63Y0246"},"content":{"rendered":"<p>A 63Y0244, 63Y0243 \u00e9s 63Y0246 cikksz\u00e1m\u00fa eredeti kamer\u00e1val fokozza Lenovo ThinkPad T430S\/T430I laptopja videokonferencia k\u00e9pess\u00e9geit. A kompatibilit\u00e1s \u00e9s a megb\u00edzhat\u00f3s\u00e1g jegy\u00e9ben k\u00e9sz\u00fclt ez az autentikus cserealkatr\u00e9sz tiszta \u00e9s \u00e9les vide\u00f3min\u0151s\u00e9get biztos\u00edt megbesz\u00e9l\u00e9sei \u00e9s h\u00edv\u00e1sai sor\u00e1n.<\/p>\n<p>F\u0151bb jellemz\u0151k:<\/p>\n<p>&#8211; Eredeti Lenovo csere: A kompatibilit\u00e1s \u00e9s a megb\u00edzhat\u00f3s\u00e1g biztos\u00edt\u00e1sa hiteles cserealkatr\u00e9szekkel.<\/p>\n<p>&#8211; K\u00f6nny\u0171 telep\u00edt\u00e9s: Egyszer\u0171 telep\u00edt\u00e9ssel k\u00f6nnyed\u00e9n friss\u00edtheti laptopja kamer\u00e1j\u00e1t.<\/p>\n<p>&#8211; Jobb vide\u00f3min\u0151s\u00e9g: Fokozza a videokonferencia \u00e9lm\u00e9ny\u00e9t tiszta \u00e9s \u00e9les vide\u00f3min\u0151s\u00e9ggel.<\/p>\n<p>&#8211; Kompatibilit\u00e1s: Kompatibilis a Lenovo ThinkPad T430S \u00e9s T430I modellekkel a z\u00f6kken\u0151mentes integr\u00e1ci\u00f3 \u00e9rdek\u00e9ben.<\/p>\n<p>Friss\u00edtse Lenovo ThinkPad T430S\/T430I laptopj\u00e1t m\u00e9g ma az eredeti kamer\u00e1val. V\u00e1s\u00e1roljon bizalommal, tudva, hogy min\u0151s\u00e9gi cserealkatr\u00e9szekbe fektet be k\u00e9sz\u00fcl\u00e9k\u00e9hez. Ha k\u00e9rd\u00e9se van, vagy seg\u00edts\u00e9gre van sz\u00fcks\u00e9ge, ne habozzon kapcsolatba l\u00e9pni vel\u00fcnk. Az\u00e9rt vagyunk itt, hogy seg\u00edts\u00fcnk a videokonferencia \u00e9lm\u00e9ny\u00e9nek jav\u00edt\u00e1s\u00e1ban.<\/p>\n","protected":false},"excerpt":{"rendered":"<p>Friss\u00edtse Lenovo ThinkPad T430S\/T430I kamer\u00e1j\u00e1t ezzel az eredeti cserealkatr\u00e9szrel. K\u00f6nnyen telep\u00edthet\u0151 \u00e9s kompatibilis a 63Y0244, 63Y0243 \u00e9s 63Y0246 cikksz\u00e1mokkal. Fejlessze laptopja videokonferencia-lehet\u0151s\u00e9geit m\u00e9g ma!<\/p>\n","protected":false},"featured_media":8279,"template":"","meta":[],"product_brand":[],"product_cat":[23],"product_tag":[26],"class_list":{"0":"post-8220","1":"product","2":"type-product","3":"status-publish","4":"has-post-thumbnail","6":"product_cat-laptop-camera","7":"product_tag-lenovo","9":"first","10":"instock","11":"taxable","12":"shipping-taxable","13":"purchasable","14":"product-type-simple"},"_links":{"self":[{"href":"https:\/\/boreait.com\/hu\/wp-json\/wp\/v2\/product\/8220","targetHints":{"allow":["GET"]}}],"collection":[{"href":"https:\/\/boreait.com\/hu\/wp-json\/wp\/v2\/product"}],"about":[{"href":"https:\/\/boreait.com\/hu\/wp-json\/wp\/v2\/types\/product"}],"wp:featuredmedia":[{"embeddable":true,"href":"https:\/\/boreait.com\/hu\/wp-json\/wp\/v2\/media\/8279"}],"wp:attachment":[{"href":"https:\/\/boreait.com\/hu\/wp-json\/wp\/v2\/media?parent=8220"}],"wp:term":[{"taxonomy":"product_brand","embeddable":true,"href":"https:\/\/boreait.com\/hu\/wp-json\/wp\/v2\/product_brand?post=8220"},{"taxonomy":"product_cat","embeddable":true,"href":"https:\/\/boreait.com\/hu\/wp-json\/wp\/v2\/product_cat?post=8220"},{"taxonomy":"product_tag","embeddable":true,"href":"https:\/\/boreait.com\/hu\/wp-json\/wp\/v2\/product_tag?post=8220"}],"curies":[{"name":"wp","href":"https:\/\/api.w.org\/{rel}","templated":true}]}}