{"id":8216,"date":"2025-09-17T12:02:55","date_gmt":"2025-09-17T10:02:55","guid":{"rendered":"https:\/\/boreait.com\/hu\/?post_type=product&#038;p=8216"},"modified":"2026-01-27T11:11:21","modified_gmt":"2026-01-27T10:11:21","slug":"eredeti-lenovo-thinkpad-t430s-alvazfedel-ajto-60-4qz20-001","status":"publish","type":"product","link":"https:\/\/boreait.com\/hu\/termek\/eredeti-lenovo-thinkpad-t430s-alvazfedel-ajto-60-4qz20-001\/","title":{"rendered":"Eredeti Lenovo ThinkPad T430s alv\u00e1zfed\u00e9l ajt\u00f3 &#8211; 60.4QZ20.001"},"content":{"rendered":"<p>N\u00f6velje Lenovo ThinkPad T430s laptopja megjelen\u00e9s\u00e9t \u00e9s tart\u00f3ss\u00e1g\u00e1t az eredeti 60.4QZ20.001 cikksz\u00e1m\u00fa h\u00e1zfed\u00e9l ajt\u00f3val. Ez a prec\u00edz \u00e9s megb\u00edzhat\u00f3 cserealkatr\u00e9sz t\u00f6k\u00e9letes illeszked\u00e9st \u00e9s egyszer\u0171 telep\u00edt\u00e9st biztos\u00edt.<\/p>\n<p>F\u0151bb jellemz\u0151k:<\/p>\n<p>&#8211; Eredeti Lenovo csere: A kompatibilit\u00e1s \u00e9s a megb\u00edzhat\u00f3s\u00e1g biztos\u00edt\u00e1sa hiteles cserealkatr\u00e9szekkel.<\/p>\n<p>&#8211; K\u00f6nny\u0171 telep\u00edt\u00e9s: Egyszer\u0171 telep\u00edt\u00e9ssel k\u00f6nnyed\u00e9n friss\u00edtheti laptopja megjelen\u00e9s\u00e9t.<\/p>\n<p>&#8211; Fokozott tart\u00f3ss\u00e1g: v\u00e9di a bels\u0151 alkatr\u00e9szeket, \u00e9s n\u00f6veli laptopja \u00e1ltal\u00e1nos tart\u00f3ss\u00e1g\u00e1t.<\/p>\n<p>&#8211; Eleg\u00e1ns diz\u00e1jn: Ezzel a st\u00edlusos h\u00e1zburkolat-ajt\u00f3val adjon kifinomults\u00e1got ThinkPad T430-hoz.<\/p>\n<p>Friss\u00edtse Lenovo ThinkPad T430s laptopj\u00e1t m\u00e9g ma az eredeti Chassis Cover Door seg\u00edts\u00e9g\u00e9vel. V\u00e1s\u00e1roljon bizalommal, tudva, hogy min\u0151s\u00e9gi cserealkatr\u00e9szekbe fektet be k\u00e9sz\u00fcl\u00e9k\u00e9hez. Ha k\u00e9rd\u00e9se van, vagy seg\u00edts\u00e9gre van sz\u00fcks\u00e9ge, ne habozzon kapcsolatba l\u00e9pni vel\u00fcnk. Az\u00e9rt vagyunk itt, hogy seg\u00edts\u00fcnk laptopja funkcionalit\u00e1s\u00e1nak \u00e9s megjelen\u00e9s\u00e9nek jav\u00edt\u00e1s\u00e1ban.<\/p>\n","protected":false},"excerpt":{"rendered":"<p>Friss\u00edtse Lenovo ThinkPad T430s k\u00e9sz\u00fcl\u00e9k\u00e9t ezzel az eredeti h\u00e1zfed\u00e9lajt\u00f3val. K\u00f6nnyen telep\u00edthet\u0151 \u00e9s kompatibilis a 60.4QZ20.001 cikksz\u00e1mmal. N\u00f6velje laptopja megjelen\u00e9s\u00e9t m\u00e9g ma!<\/p>\n","protected":false},"featured_media":8273,"template":"","meta":[],"product_brand":[],"product_cat":[16],"product_tag":[26],"class_list":{"0":"post-8216","1":"product","2":"type-product","3":"status-publish","4":"has-post-thumbnail","6":"product_cat-laptop-housing","7":"product_tag-lenovo","9":"first","10":"instock","11":"taxable","12":"shipping-taxable","13":"purchasable","14":"product-type-simple"},"_links":{"self":[{"href":"https:\/\/boreait.com\/hu\/wp-json\/wp\/v2\/product\/8216","targetHints":{"allow":["GET"]}}],"collection":[{"href":"https:\/\/boreait.com\/hu\/wp-json\/wp\/v2\/product"}],"about":[{"href":"https:\/\/boreait.com\/hu\/wp-json\/wp\/v2\/types\/product"}],"wp:featuredmedia":[{"embeddable":true,"href":"https:\/\/boreait.com\/hu\/wp-json\/wp\/v2\/media\/8273"}],"wp:attachment":[{"href":"https:\/\/boreait.com\/hu\/wp-json\/wp\/v2\/media?parent=8216"}],"wp:term":[{"taxonomy":"product_brand","embeddable":true,"href":"https:\/\/boreait.com\/hu\/wp-json\/wp\/v2\/product_brand?post=8216"},{"taxonomy":"product_cat","embeddable":true,"href":"https:\/\/boreait.com\/hu\/wp-json\/wp\/v2\/product_cat?post=8216"},{"taxonomy":"product_tag","embeddable":true,"href":"https:\/\/boreait.com\/hu\/wp-json\/wp\/v2\/product_tag?post=8216"}],"curies":[{"name":"wp","href":"https:\/\/api.w.org\/{rel}","templated":true}]}}