{"id":8210,"date":"2025-09-17T12:02:54","date_gmt":"2025-09-17T10:02:54","guid":{"rendered":"https:\/\/boreait.com\/hu\/?post_type=product&#038;p=8210"},"modified":"2025-09-17T12:03:41","modified_gmt":"2025-09-17T10:03:41","slug":"eredeti-dell-latitude-12-rugged-extreme-7214-usb-sd-kartyaolvaso-io-fv8g4-0fv8g4","status":"publish","type":"product","link":"https:\/\/boreait.com\/hu\/termek\/eredeti-dell-latitude-12-rugged-extreme-7214-usb-sd-kartyaolvaso-io-fv8g4-0fv8g4\/","title":{"rendered":"Eredeti Dell Latitude 12 Rugged Extreme 7214 USB SD k\u00e1rtyaolvas\u00f3 IO FV8G4 0FV8G4"},"content":{"rendered":"<p>N\u00f6velje Dell Latitude 12 Rugged Extreme 7214 funkcionalit\u00e1s\u00e1t az eredeti FV8G4 0FV8G4 cikksz\u00e1m\u00fa USB SD Card Reader IO IO-val. A tart\u00f3ss\u00e1g \u00e9s a kompatibilit\u00e1s jegy\u00e9ben k\u00e9sz\u00fclt, ez az eredeti cserealkatr\u00e9sz megb\u00edzhat\u00f3 teljes\u00edtm\u00e9nyt \u00e9s egyszer\u0171 telep\u00edt\u00e9st biztos\u00edt.<\/p>\n<p>F\u0151bb jellemz\u0151k:<\/p>\n<p>&#8211; Eredeti Dell csere: A kompatibilit\u00e1s \u00e9s a megb\u00edzhat\u00f3s\u00e1g biztos\u00edt\u00e1sa hiteles cserealkatr\u00e9szekkel.<\/p>\n<p>&#8211; K\u00f6nny\u0171 telep\u00edt\u00e9s: Egyszer\u0171 telep\u00edt\u00e9ssel k\u00f6nnyed\u00e9n friss\u00edtheti eszk\u00f6ze funkci\u00f3it.<\/p>\n<p>&#8211; Tov\u00e1bbfejlesztett sokoldal\u00fas\u00e1g: B\u0151v\u00edtse laptopja csatlakoz\u00e1si lehet\u0151s\u00e9geit ezzel az USB SD-k\u00e1rtyaolvas\u00f3 IO-val.<\/p>\n<p>&#8211; Kompatibilis a Dell Latitude 12 Rugged Extreme 7214-gyel: kifejezetten az \u00d6n eszk\u00f6z\u00e9hez tervezt\u00e9k a z\u00f6kken\u0151mentes integr\u00e1ci\u00f3 \u00e9rdek\u00e9ben.<\/p>\n<p>Friss\u00edtse Dell Latitude 12 Rugged Extreme 7214 k\u00e9sz\u00fcl\u00e9k\u00e9t m\u00e9g ma az eredeti USB SD Card Reader IO seg\u00edts\u00e9g\u00e9vel. V\u00e1s\u00e1roljon bizalommal, tudva, hogy min\u0151s\u00e9gi cserealkatr\u00e9szekbe fektet be k\u00e9sz\u00fcl\u00e9k\u00e9hez. Ha k\u00e9rd\u00e9se van, vagy seg\u00edts\u00e9gre van sz\u00fcks\u00e9ge, ne habozzon kapcsolatba l\u00e9pni vel\u00fcnk. Az\u00e9rt vagyunk itt, hogy seg\u00edts\u00fcnk eszk\u00f6ze funkcionalit\u00e1s\u00e1nak jav\u00edt\u00e1s\u00e1ban.<\/p>\n","protected":false},"excerpt":{"rendered":"<p>Friss\u00edtse Dell Latitude 12 Rugged Extreme 7214 funkcionalit\u00e1s\u00e1t ezzel az eredeti USB SD k\u00e1rtyaolvas\u00f3 IO-val. K\u00f6nnyen telep\u00edthet\u0151 \u00e9s kompatibilis az FV8G4 0FV8G4 cikksz\u00e1mmal. N\u00f6velje eszk\u00f6ze sokoldal\u00fas\u00e1g\u00e1t m\u00e9g ma!<\/p>\n","protected":false},"featured_media":8256,"template":"","meta":[],"product_brand":[],"product_cat":[27],"product_tag":[17],"class_list":{"0":"post-8210","1":"product","2":"type-product","3":"status-publish","4":"has-post-thumbnail","6":"product_cat-motherboards-board-parts","7":"product_tag-dell","9":"first","10":"instock","11":"taxable","12":"shipping-taxable","13":"purchasable","14":"product-type-simple"},"_links":{"self":[{"href":"https:\/\/boreait.com\/hu\/wp-json\/wp\/v2\/product\/8210","targetHints":{"allow":["GET"]}}],"collection":[{"href":"https:\/\/boreait.com\/hu\/wp-json\/wp\/v2\/product"}],"about":[{"href":"https:\/\/boreait.com\/hu\/wp-json\/wp\/v2\/types\/product"}],"wp:featuredmedia":[{"embeddable":true,"href":"https:\/\/boreait.com\/hu\/wp-json\/wp\/v2\/media\/8256"}],"wp:attachment":[{"href":"https:\/\/boreait.com\/hu\/wp-json\/wp\/v2\/media?parent=8210"}],"wp:term":[{"taxonomy":"product_brand","embeddable":true,"href":"https:\/\/boreait.com\/hu\/wp-json\/wp\/v2\/product_brand?post=8210"},{"taxonomy":"product_cat","embeddable":true,"href":"https:\/\/boreait.com\/hu\/wp-json\/wp\/v2\/product_cat?post=8210"},{"taxonomy":"product_tag","embeddable":true,"href":"https:\/\/boreait.com\/hu\/wp-json\/wp\/v2\/product_tag?post=8210"}],"curies":[{"name":"wp","href":"https:\/\/api.w.org\/{rel}","templated":true}]}}