{"id":821,"date":"2025-09-17T09:32:56","date_gmt":"2025-09-17T07:32:56","guid":{"rendered":"https:\/\/boreait.com\/hu\/?post_type=product&#038;p=821"},"modified":"2026-01-07T14:42:36","modified_gmt":"2026-01-07T13:42:36","slug":"hp-zbook-17-g1-g2-tobbfunkcios-kartya-es-kabel-vbk10-ls-9375p-173-521n-16","status":"publish","type":"product","link":"https:\/\/boreait.com\/hu\/termek\/hp-zbook-17-g1-g2-tobbfunkcios-kartya-es-kabel-vbk10-ls-9375p-173-521n-16\/","title":{"rendered":"HP ZBOOK 17 G1 G2 t\u00f6bbfunkci\u00f3s k\u00e1rtya \u00e9s k\u00e1bel VBK10 LS-9375p 17,3&#8243; (521n\/16)"},"content":{"rendered":"<p>A HP ZBOOK 17 G1 G2 t\u00f6bbfunkci\u00f3s k\u00e1rtya &amp; A VBK10 LS-9375p k\u00e1bel egy kiv\u00e1l\u00f3 min\u0151s\u00e9g\u0171 cserealkatr\u00e9sz, amely kompatibilis a HP ZBOOK 17 G1 \u00e9s G2 laptopokkal. Ezt a t\u00f6bbfunkci\u00f3s k\u00e1rty\u00e1t \u00e9s k\u00e1belt \u00fagy tervezt\u00e9k, hogy k\u00fcl\u00f6nf\u00e9le csatlakoz\u00e1si lehet\u0151s\u00e9geket \u00e9s alapvet\u0151 funkci\u00f3kat biztos\u00edtson laptopja \u00e1ltal\u00e1nos haszn\u00e1lhat\u00f3s\u00e1g\u00e1nak jav\u00edt\u00e1sa \u00e9rdek\u00e9ben.<\/p>\n<p>Az USB-portokkal, audiocsatlakoz\u00f3kkal \u00e9s egy\u00e9b sz\u00fcks\u00e9ges csatlakoz\u00f3kkal felszerelt k\u00e1rtya lehet\u0151v\u00e9 teszi k\u00fcl\u00f6nb\u00f6z\u0151 eszk\u00f6z\u00f6k \u00e9s perif\u00e9ri\u00e1k csatlakoztat\u00e1s\u00e1t a HP ZBOOK 17 k\u00e9sz\u00fcl\u00e9khez, p\u00e9ld\u00e1ul k\u00fcls\u0151 merevlemezeket, USB flash meghajt\u00f3kat, fejhallgat\u00f3kat \u00e9s mikrofonokat. A t\u00f6bbfunkci\u00f3s k\u00e1rtya k\u00e9nyelmes \u00e9s sokoldal\u00fa megold\u00e1st k\u00edn\u00e1l laptopja csatlakoz\u00e1si lehet\u0151s\u00e9geinek b\u0151v\u00edt\u00e9s\u00e9re.<\/p>\n<p>A HP ZBOOK 17 G1 G2 t\u00f6bbfunkci\u00f3s k\u00e1rtya &amp; A VBK10 LS-9375p k\u00e1bel egyszer\u0171en telep\u00edthet\u0151, \u00e9s z\u00f6kken\u0151mentesen integr\u00e1lhat\u00f3 laptopja megl\u00e9v\u0151 \u00f6sszetev\u0151ihez. Az optim\u00e1lis teljes\u00edtm\u00e9ny \u00e9s kompatibilit\u00e1s \u00e9rdek\u00e9ben azonban aj\u00e1nlatos szakember seg\u00edts\u00e9g\u00e9t k\u00e9rni, vagy a gy\u00e1rt\u00f3 \u00fatmutat\u00e1sait k\u00f6vetni a megfelel\u0151 telep\u00edt\u00e9shez.<\/p>\n<p>Friss\u00edtse HP ZBOOK 17 G1 vagy G2 k\u00e9sz\u00fcl\u00e9k\u00e9t az eredeti HP ZBOOK 17 G1 G2 t\u00f6bbfunkci\u00f3s k\u00e1rty\u00e1val &amp; K\u00e1bel VBK10 LS-9375p, \u00e9s \u00e9lvezze a tov\u00e1bbfejlesztett csatlakoz\u00e1si lehet\u0151s\u00e9gek \u00e9s alapvet\u0151 funkci\u00f3k ny\u00fajtotta k\u00e9nyelmet. Ez a cserealkatr\u00e9sz megb\u00edzhat\u00f3 teljes\u00edtm\u00e9nyt biztos\u00edt, \u00e9s \u00fagy tervezt\u00e9k, hogy megfeleljen a HP laptopok magas min\u0151s\u00e9gi el\u0151\u00edr\u00e1sainak, \u00edgy jobb felhaszn\u00e1l\u00f3i \u00e9lm\u00e9nyt ny\u00fajt az \u00d6n sz\u00e1m\u00edt\u00e1stechnikai ig\u00e9nyeinek.<\/p>\n","protected":false},"excerpt":{"rendered":"<p>A HP ZBOOK 17 G1 G2 t\u00f6bbfunkci\u00f3s k\u00e1rtya &amp; A VBK10 LS-9375p k\u00e1bel egy eredeti cserealkatr\u00e9sz, amelyet a HP ZBOOK 17 G1 \u00e9s G2 laptopokhoz terveztek. Ez a t\u00f6bbfunkci\u00f3s k\u00e1rtya- \u00e9s k\u00e1belszerelv\u00e9ny k\u00fcl\u00f6nf\u00e9le csatlakoz\u00e1si lehet\u0151s\u00e9geket k\u00edn\u00e1l, bele\u00e9rtve az USB-portokat, audiocsatlakoz\u00f3kat \u00e9s m\u00e1s alapvet\u0151 funkci\u00f3kat, amelyek optim\u00e1lis funkcionalit\u00e1st \u00e9s k\u00e9nyelmet biztos\u00edtanak laptopja sz\u00e1m\u00e1ra.<\/p>\n","protected":false},"featured_media":864,"template":"","meta":[],"product_brand":[],"product_cat":[27],"product_tag":[25],"class_list":{"0":"post-821","1":"product","2":"type-product","3":"status-publish","4":"has-post-thumbnail","6":"product_cat-motherboards-board-parts","7":"product_tag-hp","9":"first","10":"instock","11":"taxable","12":"shipping-taxable","13":"purchasable","14":"product-type-simple"},"_links":{"self":[{"href":"https:\/\/boreait.com\/hu\/wp-json\/wp\/v2\/product\/821","targetHints":{"allow":["GET"]}}],"collection":[{"href":"https:\/\/boreait.com\/hu\/wp-json\/wp\/v2\/product"}],"about":[{"href":"https:\/\/boreait.com\/hu\/wp-json\/wp\/v2\/types\/product"}],"wp:featuredmedia":[{"embeddable":true,"href":"https:\/\/boreait.com\/hu\/wp-json\/wp\/v2\/media\/864"}],"wp:attachment":[{"href":"https:\/\/boreait.com\/hu\/wp-json\/wp\/v2\/media?parent=821"}],"wp:term":[{"taxonomy":"product_brand","embeddable":true,"href":"https:\/\/boreait.com\/hu\/wp-json\/wp\/v2\/product_brand?post=821"},{"taxonomy":"product_cat","embeddable":true,"href":"https:\/\/boreait.com\/hu\/wp-json\/wp\/v2\/product_cat?post=821"},{"taxonomy":"product_tag","embeddable":true,"href":"https:\/\/boreait.com\/hu\/wp-json\/wp\/v2\/product_tag?post=821"}],"curies":[{"name":"wp","href":"https:\/\/api.w.org\/{rel}","templated":true}]}}