{"id":8209,"date":"2025-09-17T12:02:54","date_gmt":"2025-09-17T10:02:54","guid":{"rendered":"https:\/\/boreait.com\/hu\/?post_type=product&#038;p=8209"},"modified":"2025-09-17T12:03:40","modified_gmt":"2025-09-17T10:03:40","slug":"au-optronics-b150xg07-v-5-v5-v-6-v6-v-7-v7-laptop-lcd-kepernyo-15-xga","status":"publish","type":"product","link":"https:\/\/boreait.com\/hu\/termek\/au-optronics-b150xg07-v-5-v5-v-6-v6-v-7-v7-laptop-lcd-kepernyo-15-xga\/","title":{"rendered":"AU OPTRONICS B150XG07 V.5 V5 V.6 V6 V.7 V7 LAPTOP LCD K\u00c9PERNY\u0150 15 XGA"},"content":{"rendered":"<p><strong>M\u00e9ret:\u00a0<\/strong>15\u201d (\u00e1tl\u00f3san l\u00e1that\u00f3 ter\u00fclet)<\/p>\n<p><strong>Befejez\u00e9s:\u00a0<\/strong>F\u00e9nyes<\/p>\n<p><strong>Felbont\u00e1s:\u00a0<\/strong>1024 x 768 \u2013 XGA<\/p>\n<p><strong>Csatlakoz\u00f3 t\u00edpusa:\u00a0<\/strong>30 t\u0171s, jobb fels\u0151, LVDS-30P1C6B-030C<\/p>\n<p><strong>H\u00e1tt\u00e9rvil\u00e1g\u00edt\u00e1s t\u00edpusa:\u00a0<\/strong>CCFL<\/p>\n<p>Modell:\u00a0b150xg07 v.5<\/p>\n<p>N\u00f6velje laptopja vizu\u00e1lis \u00e9lm\u00e9ny\u00e9t az AU OPTRONICS B150XG07 V.5 V.5 V6 V.7 LAPTOP LCD K\u00c9PERNY\u0150VEL. A kompatibilit\u00e1s \u00e9s az \u00e1ttekinthet\u0151s\u00e9g \u00e9rdek\u00e9ben ez a 15 h\u00fcvelykes XGA k\u00e9perny\u0151csere \u00e9l\u00e9nk l\u00e1tv\u00e1nyt \u00e9s \u00e9les r\u00e9szleteket biztos\u00edt a jobb megtekint\u00e9si \u00e9lm\u00e9ny \u00e9rdek\u00e9ben.<\/p>\n<p>F\u0151bb jellemz\u0151k:<\/p>\n<p>&#8211; Kompatibilit\u00e1s: K\u00fcl\u00f6nf\u00e9le laptopmodellekkel kompatibilis a sokoldal\u00fa haszn\u00e1lat \u00e9rdek\u00e9ben.<\/p>\n<p>&#8211; \u00c9l\u00e9nk l\u00e1tv\u00e1ny: \u00c9lvezze az \u00e9l\u00e9nk sz\u00edneket \u00e9s az \u00e9les r\u00e9szleteket ezzel a kiv\u00e1l\u00f3 min\u0151s\u00e9g\u0171 LCD-k\u00e9perny\u0151 cser\u00e9vel.<\/p>\n<p>&#8211; K\u00f6nny\u0171 telep\u00edt\u00e9s: Egyszer\u0171 telep\u00edt\u00e9ssel k\u00f6nnyed\u00e9n friss\u00edtheti laptopja kijelz\u0151j\u00e9t.<\/p>\n<p>&#8211; Tov\u00e1bbfejlesztett megtekint\u00e9si \u00e9lm\u00e9ny: N\u00f6velje vizu\u00e1lis \u00e9lm\u00e9ny\u00e9t a jobb tisztas\u00e1ggal \u00e9s f\u00e9nyer\u0151vel.<\/p>\n<p>Friss\u00edtse laptopj\u00e1t m\u00e9g ma az AU OPTRONICS B150XG07 V.5 V6 V.7 LAPTOP LCD K\u00c9PERNY\u0150J\u00c9VEL. V\u00e1s\u00e1roljon bizalommal, tudva, hogy min\u0151s\u00e9gi cserealkatr\u00e9szekbe fektet be k\u00e9sz\u00fcl\u00e9k\u00e9hez. Ha k\u00e9rd\u00e9se van, vagy seg\u00edts\u00e9gre van sz\u00fcks\u00e9ge, ne habozzon kapcsolatba l\u00e9pni vel\u00fcnk. Az\u00e9rt vagyunk itt, hogy seg\u00edts\u00fcnk laptopja kijelz\u0151j\u00e9nek jav\u00edt\u00e1s\u00e1ban.<\/p>\n","protected":false},"excerpt":{"rendered":"<p>Friss\u00edtse laptopja kijelz\u0151j\u00e9t ezzel az AU OPTRONICS B150XG07 V.5 V6 V.7 LAPTOP LCD K\u00c9PERNY\u0150VEL. A k\u00fcl\u00f6nf\u00e9le modellekkel kompatibilis ez a 15&#8243;-os XGA k\u00e9perny\u0151csere \u00e9l\u00e9nk l\u00e1tv\u00e1nyt biztos\u00edt a m\u00e9g jobb megtekint\u00e9si \u00e9lm\u00e9ny \u00e9rdek\u00e9ben. Friss\u00edtse laptopja kijelz\u0151j\u00e9t m\u00e9g ma!<\/p>\n<p><strong>M\u00e9ret:\u00a0<\/strong>15\u201d (\u00e1tl\u00f3s l\u00e1that\u00f3 ter\u00fclet)<\/p>\n<p><strong>Befejez\u00e9s:\u00a0<\/strong>F\u00e9nyes<\/p>\n<p><strong>Felbont\u00e1s:\u00a0<\/strong>1024 x 768 \u2013 XGA<\/p>\n<p><strong>Csatlakoz\u00f3 t\u00edpusa:\u00a0<\/strong>30 t\u0171s, jobb fels\u0151, LVDS-30P1C6B-030C<\/p>\n<p><strong>H\u00e1tt\u00e9rvil\u00e1g\u00edt\u00e1s t\u00edpusa:\u00a0<\/strong>CCFL<\/p>\n<p>Modell:\u00a0b150xg07 v.5<\/p>\n","protected":false},"featured_media":8255,"template":"","meta":[],"product_brand":[],"product_cat":[77,21],"product_tag":[],"class_list":{"0":"post-8209","1":"product","2":"type-product","3":"status-publish","4":"has-post-thumbnail","6":"product_cat-77","7":"product_cat-laptop-screens-lcd-panels","9":"first","10":"instock","11":"taxable","12":"shipping-taxable","13":"purchasable","14":"product-type-simple"},"_links":{"self":[{"href":"https:\/\/boreait.com\/hu\/wp-json\/wp\/v2\/product\/8209","targetHints":{"allow":["GET"]}}],"collection":[{"href":"https:\/\/boreait.com\/hu\/wp-json\/wp\/v2\/product"}],"about":[{"href":"https:\/\/boreait.com\/hu\/wp-json\/wp\/v2\/types\/product"}],"wp:featuredmedia":[{"embeddable":true,"href":"https:\/\/boreait.com\/hu\/wp-json\/wp\/v2\/media\/8255"}],"wp:attachment":[{"href":"https:\/\/boreait.com\/hu\/wp-json\/wp\/v2\/media?parent=8209"}],"wp:term":[{"taxonomy":"product_brand","embeddable":true,"href":"https:\/\/boreait.com\/hu\/wp-json\/wp\/v2\/product_brand?post=8209"},{"taxonomy":"product_cat","embeddable":true,"href":"https:\/\/boreait.com\/hu\/wp-json\/wp\/v2\/product_cat?post=8209"},{"taxonomy":"product_tag","embeddable":true,"href":"https:\/\/boreait.com\/hu\/wp-json\/wp\/v2\/product_tag?post=8209"}],"curies":[{"name":"wp","href":"https:\/\/api.w.org\/{rel}","templated":true}]}}