{"id":8186,"date":"2025-09-17T12:02:31","date_gmt":"2025-09-17T10:02:31","guid":{"rendered":"https:\/\/boreait.com\/hu\/?post_type=product&#038;p=8186"},"modified":"2025-09-17T12:03:30","modified_gmt":"2025-09-17T10:03:30","slug":"14kbbd-dell-latitude-14-rugged-extreme-7404-14-rugged-5404-5414-billentyuzet-csatlakozo-aramkor","status":"publish","type":"product","link":"https:\/\/boreait.com\/hu\/termek\/14kbbd-dell-latitude-14-rugged-extreme-7404-14-rugged-5404-5414-billentyuzet-csatlakozo-aramkor\/","title":{"rendered":"14KBBD \u2013 Dell Latitude 14 Rugged Extreme (7404) 14 Rugged (5404 5414) billenty\u0171zet csatlakoz\u00f3 \u00e1ramk\u00f6r"},"content":{"rendered":"<p>Fokozza Dell Latitude 14 Rugged Extreme (7404) \/ 14 Rugged (5404 \/ 5414) laptopja funkcionalit\u00e1s\u00e1t az eredeti Keyboard Junction Circuit Board 14KBBD cikksz\u00e1m\u00fa billenty\u0171zettel. A tart\u00f3ss\u00e1g \u00e9s a kompatibilit\u00e1s jegy\u00e9ben k\u00e9sz\u00fclt, ez az eredeti cserealkatr\u00e9sz megb\u00edzhat\u00f3 teljes\u00edtm\u00e9nyt \u00e9s egyszer\u0171 telep\u00edt\u00e9st biztos\u00edt.<\/p>\n<p>F\u0151bb jellemz\u0151k:<\/p>\n<p>&#8211; Eredeti Dell csere: A kompatibilit\u00e1s \u00e9s a megb\u00edzhat\u00f3s\u00e1g biztos\u00edt\u00e1sa hiteles cserealkatr\u00e9szekkel.<\/p>\n<p>&#8211; K\u00f6nny\u0171 telep\u00edt\u00e9s: Egyszer\u0171 telep\u00edt\u00e9ssel k\u00f6nnyed\u00e9n friss\u00edtheti eszk\u00f6ze funkci\u00f3it.<\/p>\n<p>&#8211; Fokozott teljes\u00edtm\u00e9ny: Ezzel az \u00e1ramk\u00f6ri lappal jav\u00edthatja laptopja billenty\u0171zet\u00e9nek teljes\u00edtm\u00e9ny\u00e9t.<\/p>\n<p>&#8211; Tart\u00f3s konstrukci\u00f3: \u00dagy tervezt\u00e9k, hogy ellen\u00e1lljon a massz\u00edv haszn\u00e1latnak, \u00edgy biztos\u00edtva a hossz\u00fa \u00e9lettartamot \u00e9s a megb\u00edzhat\u00f3s\u00e1got.<\/p>\n<p>Friss\u00edtse Dell Latitude 14 Rugged Extreme (7404) \/ 14 Rugged (5404 \/ 5414) laptopj\u00e1t m\u00e9g ma az eredeti Keyboard Junction Circuit Board seg\u00edts\u00e9g\u00e9vel. V\u00e1s\u00e1roljon bizalommal, tudva, hogy min\u0151s\u00e9gi cserealkatr\u00e9szekbe fektet be k\u00e9sz\u00fcl\u00e9k\u00e9hez. Ha k\u00e9rd\u00e9se van, vagy seg\u00edts\u00e9gre van sz\u00fcks\u00e9ge, ne habozzon kapcsolatba l\u00e9pni vel\u00fcnk. Az\u00e9rt vagyunk itt, hogy seg\u00edts\u00fcnk eszk\u00f6ze funkcionalit\u00e1s\u00e1nak jav\u00edt\u00e1s\u00e1ban.<\/p>\n","protected":false},"excerpt":{"rendered":"<p>Friss\u00edtse Dell Latitude 14 Rugged Extreme (7404) \/ 14 Rugged (5404 \/ 5414) laptopj\u00e1t ezzel az eredeti Keyboard Junction Circuit Board seg\u00edts\u00e9g\u00e9vel. K\u00f6nnyen telep\u00edthet\u0151 \u00e9s kompatibilis a 14KBBD cikksz\u00e1mmal. Fokozza eszk\u00f6ze funkcionalit\u00e1s\u00e1t m\u00e9g ma!<\/p>\n","protected":false},"featured_media":8250,"template":"","meta":[],"product_brand":[],"product_cat":[27],"product_tag":[17],"class_list":{"0":"post-8186","1":"product","2":"type-product","3":"status-publish","4":"has-post-thumbnail","6":"product_cat-motherboards-board-parts","7":"product_tag-dell","9":"first","10":"instock","11":"taxable","12":"shipping-taxable","13":"purchasable","14":"product-type-simple"},"_links":{"self":[{"href":"https:\/\/boreait.com\/hu\/wp-json\/wp\/v2\/product\/8186","targetHints":{"allow":["GET"]}}],"collection":[{"href":"https:\/\/boreait.com\/hu\/wp-json\/wp\/v2\/product"}],"about":[{"href":"https:\/\/boreait.com\/hu\/wp-json\/wp\/v2\/types\/product"}],"wp:featuredmedia":[{"embeddable":true,"href":"https:\/\/boreait.com\/hu\/wp-json\/wp\/v2\/media\/8250"}],"wp:attachment":[{"href":"https:\/\/boreait.com\/hu\/wp-json\/wp\/v2\/media?parent=8186"}],"wp:term":[{"taxonomy":"product_brand","embeddable":true,"href":"https:\/\/boreait.com\/hu\/wp-json\/wp\/v2\/product_brand?post=8186"},{"taxonomy":"product_cat","embeddable":true,"href":"https:\/\/boreait.com\/hu\/wp-json\/wp\/v2\/product_cat?post=8186"},{"taxonomy":"product_tag","embeddable":true,"href":"https:\/\/boreait.com\/hu\/wp-json\/wp\/v2\/product_tag?post=8186"}],"curies":[{"name":"wp","href":"https:\/\/api.w.org\/{rel}","templated":true}]}}