{"id":8184,"date":"2025-09-17T12:02:31","date_gmt":"2025-09-17T10:02:31","guid":{"rendered":"https:\/\/boreait.com\/hu\/?post_type=product&#038;p=8184"},"modified":"2025-09-17T12:03:27","modified_gmt":"2025-09-17T10:03:27","slug":"eredeti-dell-latitude-14-7404-rugged-extreme-a-frame-0mj28k","status":"publish","type":"product","link":"https:\/\/boreait.com\/hu\/termek\/eredeti-dell-latitude-14-7404-rugged-extreme-a-frame-0mj28k\/","title":{"rendered":"Eredeti DELL Latitude 14 7404 Rugged Extreme A Frame 0MJ28K"},"content":{"rendered":"<p>N\u00f6velje DELL Latitude 14 7404 Rugged Extreme laptopja tart\u00f3ss\u00e1g\u00e1t az eredeti A Frame cserealkatr\u00e9szrel. A strapab\u00edr\u00f3 haszn\u00e1latra k\u00e9sz\u00fclt, \u00e9s kifejezetten az \u00d6n k\u00e9sz\u00fcl\u00e9k\u00e9hez tervezt\u00e9k, ez a hiteles csere megb\u00edzhat\u00f3 teljes\u00edtm\u00e9nyt \u00e9s egyszer\u0171 telep\u00edt\u00e9st biztos\u00edt.<\/p>\n<p>F\u0151bb jellemz\u0151k:<\/p>\n<p>&#8211; Eredeti DELL csere: A kompatibilit\u00e1s \u00e9s a megb\u00edzhat\u00f3s\u00e1g biztos\u00edt\u00e1sa hiteles cserealkatr\u00e9szekkel.<\/p>\n<p>&#8211; Robusztus konstrukci\u00f3: \u00dagy tervezt\u00e9k, hogy ellen\u00e1lljon a sz\u00e9ls\u0151s\u00e9ges k\u00f6r\u00fclm\u00e9nyeknek, biztos\u00edtva a tart\u00f3ss\u00e1got \u00e9s a hossz\u00fa \u00e9lettartamot.<\/p>\n<p>&#8211; K\u00f6nny\u0171 telep\u00edt\u00e9s: Egyszer\u0171 telep\u00edt\u00e9ssel k\u00f6nnyed\u00e9n n\u00f6velheti eszk\u00f6ze tart\u00f3ss\u00e1g\u00e1t.<\/p>\n<p>&#8211; Fokozott tart\u00f3ss\u00e1g: N\u00f6velje laptopja ellen\u00e1ll\u00f3 k\u00e9pess\u00e9g\u00e9t a sz\u00e9ls\u0151s\u00e9ges k\u00f6rnyezetekhez \u00e9s haszn\u00e1lathoz.<\/p>\n<p>Friss\u00edtse DELL Latitude 14 7404 Rugged Extreme laptopj\u00e1t m\u00e9g ma az eredeti A Frame kerettel. V\u00e1s\u00e1roljon bizalommal, tudva, hogy min\u0151s\u00e9gi cserealkatr\u00e9szekbe fektet be k\u00e9sz\u00fcl\u00e9k\u00e9hez. Ha k\u00e9rd\u00e9se van, vagy seg\u00edts\u00e9gre van sz\u00fcks\u00e9ge, ne habozzon kapcsolatba l\u00e9pni vel\u00fcnk. Az\u00e9rt vagyunk itt, hogy seg\u00edts\u00fcnk k\u00e9sz\u00fcl\u00e9ke tart\u00f3ss\u00e1g\u00e1nak n\u00f6vel\u00e9s\u00e9ben.<\/p>\n","protected":false},"excerpt":{"rendered":"<p>N\u00f6velje DELL Latitude 14 7404 Rugged Extreme tart\u00f3ss\u00e1g\u00e1t ezzel az eredeti A kerettel. A strapab\u00edr\u00f3 haszn\u00e1latra k\u00e9sz\u00fclt, hiteles cserealkatr\u00e9sz megb\u00edzhat\u00f3 teljes\u00edtm\u00e9nyt \u00e9s egyszer\u0171 telep\u00edt\u00e9st biztos\u00edt. N\u00f6velje k\u00e9sz\u00fcl\u00e9ke tart\u00f3ss\u00e1g\u00e1t m\u00e9g ma!<\/p>\n","protected":false},"featured_media":8247,"template":"","meta":[],"product_brand":[],"product_cat":[16],"product_tag":[17],"class_list":{"0":"post-8184","1":"product","2":"type-product","3":"status-publish","4":"has-post-thumbnail","6":"product_cat-laptop-housing","7":"product_tag-dell","9":"first","10":"instock","11":"taxable","12":"shipping-taxable","13":"purchasable","14":"product-type-simple"},"_links":{"self":[{"href":"https:\/\/boreait.com\/hu\/wp-json\/wp\/v2\/product\/8184","targetHints":{"allow":["GET"]}}],"collection":[{"href":"https:\/\/boreait.com\/hu\/wp-json\/wp\/v2\/product"}],"about":[{"href":"https:\/\/boreait.com\/hu\/wp-json\/wp\/v2\/types\/product"}],"wp:featuredmedia":[{"embeddable":true,"href":"https:\/\/boreait.com\/hu\/wp-json\/wp\/v2\/media\/8247"}],"wp:attachment":[{"href":"https:\/\/boreait.com\/hu\/wp-json\/wp\/v2\/media?parent=8184"}],"wp:term":[{"taxonomy":"product_brand","embeddable":true,"href":"https:\/\/boreait.com\/hu\/wp-json\/wp\/v2\/product_brand?post=8184"},{"taxonomy":"product_cat","embeddable":true,"href":"https:\/\/boreait.com\/hu\/wp-json\/wp\/v2\/product_cat?post=8184"},{"taxonomy":"product_tag","embeddable":true,"href":"https:\/\/boreait.com\/hu\/wp-json\/wp\/v2\/product_tag?post=8184"}],"curies":[{"name":"wp","href":"https:\/\/api.w.org\/{rel}","templated":true}]}}