{"id":8183,"date":"2025-09-17T12:02:31","date_gmt":"2025-09-17T10:02:31","guid":{"rendered":"https:\/\/boreait.com\/hu\/?post_type=product&#038;p=8183"},"modified":"2025-09-17T12:03:23","modified_gmt":"2025-09-17T10:03:23","slug":"latitude-14-7404-xfr-fekete-csuklotamasz-borito-ujjlenyomat-ytthh-0ytthh","status":"publish","type":"product","link":"https:\/\/boreait.com\/hu\/termek\/latitude-14-7404-xfr-fekete-csuklotamasz-borito-ujjlenyomat-ytthh-0ytthh\/","title":{"rendered":"Latitude 14 7404 XFR fekete csukl\u00f3t\u00e1masz bor\u00edt\u00f3 + ujjlenyomat YTTHH 0YTTHH"},"content":{"rendered":"<p>Emelje fel Latitude 14 7404 XFR k\u00e9sz\u00fcl\u00e9ke megjelen\u00e9s\u00e9t \u00e9s biztons\u00e1g\u00e1t az ujjlenyomat-olvas\u00f3val ell\u00e1tott, YTTHH 0YTTHH cikksz\u00e1m\u00fa, eredeti fekete csukl\u00f3t\u00e1masz-fed\u00e9llel. A tart\u00f3ss\u00e1g \u00e9s a funkcionalit\u00e1s jegy\u00e9ben k\u00e9sz\u00fclt, ez az autentikus cserealkatr\u00e9sz fokozott eszt\u00e9tik\u00e1t \u00e9s fejlett biztons\u00e1gi funkci\u00f3kat biztos\u00edt.<\/p>\n<p>F\u0151bb jellemz\u0151k:<\/p>\n<p>&#8211; Eredeti Dell csere: A kompatibilit\u00e1s \u00e9s a megb\u00edzhat\u00f3s\u00e1g biztos\u00edt\u00e1sa hiteles cserealkatr\u00e9szekkel.<\/p>\n<p>&#8211; Tov\u00e1bbfejlesztett megjelen\u00e9s: Alak\u00edtsa \u00e1t Latitude 14 7404 XFR k\u00e9sz\u00fcl\u00e9ke megjelen\u00e9s\u00e9t ezzel az eleg\u00e1ns, fekete csukl\u00f3t\u00e1masz-burkolattal.<\/p>\n<p>&#8211; Fokozott biztons\u00e1g: V\u00e9dje eszk\u00f6z\u00e9t az integr\u00e1lt ujjlenyomat-olvas\u00f3val a fokozott biztons\u00e1gi int\u00e9zked\u00e9sek \u00e9rdek\u00e9ben.<\/p>\n<p>&#8211; K\u00f6nny\u0171 telep\u00edt\u00e9s: Egyszer\u0171 telep\u00edt\u00e9ssel k\u00f6nnyed\u00e9n friss\u00edtheti eszk\u00f6z\u00e9t.<\/p>\n<p>Friss\u00edtse Latitude 14 7404 XFR k\u00e9sz\u00fcl\u00e9k\u00e9t m\u00e9g ma az ujjlenyomat-olvas\u00f3val ell\u00e1tott, eredeti fekete teny\u00e9rt\u00e1masz bor\u00edt\u00f3val. V\u00e1s\u00e1roljon bizalommal, tudva, hogy min\u0151s\u00e9gi cserealkatr\u00e9szekbe fektet be k\u00e9sz\u00fcl\u00e9k\u00e9hez. Ha k\u00e9rd\u00e9se van, vagy seg\u00edts\u00e9gre van sz\u00fcks\u00e9ge, ne habozzon kapcsolatba l\u00e9pni vel\u00fcnk. Az\u00e9rt vagyunk itt, hogy seg\u00edts\u00fcnk eszk\u00f6ze megjelen\u00e9s\u00e9nek \u00e9s biztons\u00e1g\u00e1nak jav\u00edt\u00e1s\u00e1ban.<\/p>\n","protected":false},"excerpt":{"rendered":"<p>Fokozza Latitude 14 7404 XFR megjelen\u00e9s\u00e9t \u00e9s biztons\u00e1g\u00e1t ezzel az ujjlenyomat-olvas\u00f3val ell\u00e1tott, eredeti fekete csukl\u00f3t\u00e1masz-fed\u00e9llel. Kompatibilis a YTTHH 0YTTHH cikksz\u00e1mmal. Friss\u00edtse k\u00e9sz\u00fcl\u00e9k\u00e9t m\u00e9g ma!<\/p>\n","protected":false},"featured_media":8245,"template":"","meta":[],"product_brand":[],"product_cat":[16],"product_tag":[17],"class_list":{"0":"post-8183","1":"product","2":"type-product","3":"status-publish","4":"has-post-thumbnail","6":"product_cat-laptop-housing","7":"product_tag-dell","9":"first","10":"instock","11":"taxable","12":"shipping-taxable","13":"purchasable","14":"product-type-simple"},"_links":{"self":[{"href":"https:\/\/boreait.com\/hu\/wp-json\/wp\/v2\/product\/8183","targetHints":{"allow":["GET"]}}],"collection":[{"href":"https:\/\/boreait.com\/hu\/wp-json\/wp\/v2\/product"}],"about":[{"href":"https:\/\/boreait.com\/hu\/wp-json\/wp\/v2\/types\/product"}],"wp:featuredmedia":[{"embeddable":true,"href":"https:\/\/boreait.com\/hu\/wp-json\/wp\/v2\/media\/8245"}],"wp:attachment":[{"href":"https:\/\/boreait.com\/hu\/wp-json\/wp\/v2\/media?parent=8183"}],"wp:term":[{"taxonomy":"product_brand","embeddable":true,"href":"https:\/\/boreait.com\/hu\/wp-json\/wp\/v2\/product_brand?post=8183"},{"taxonomy":"product_cat","embeddable":true,"href":"https:\/\/boreait.com\/hu\/wp-json\/wp\/v2\/product_cat?post=8183"},{"taxonomy":"product_tag","embeddable":true,"href":"https:\/\/boreait.com\/hu\/wp-json\/wp\/v2\/product_tag?post=8183"}],"curies":[{"name":"wp","href":"https:\/\/api.w.org\/{rel}","templated":true}]}}