{"id":8169,"date":"2025-09-17T12:02:07","date_gmt":"2025-09-17T10:02:07","guid":{"rendered":"https:\/\/boreait.com\/hu\/?post_type=product&#038;p=8169"},"modified":"2025-09-17T12:03:12","modified_gmt":"2025-09-17T10:03:12","slug":"eredeti-dell-latitude-14-7404-robusztus-also-burkolat-csere-0769j","status":"publish","type":"product","link":"https:\/\/boreait.com\/hu\/termek\/eredeti-dell-latitude-14-7404-robusztus-also-burkolat-csere-0769j\/","title":{"rendered":"Eredeti Dell Latitude 14 7404 robusztus als\u00f3 burkolat csere 0769J"},"content":{"rendered":"<p>Fokozza Dell Latitude 14 7404 robusztus laptopja v\u00e9delm\u00e9t \u00e9s eszt\u00e9tik\u00e1j\u00e1t az eredeti als\u00f3 burkolat cser\u00e9vel. A tart\u00f3ss\u00e1g \u00e9s a kompatibilit\u00e1s jegy\u00e9ben k\u00e9sz\u00fclt, ez az eredeti cserealkatr\u00e9sz megb\u00edzhat\u00f3 teljes\u00edtm\u00e9nyt \u00e9s egyszer\u0171 telep\u00edt\u00e9st biztos\u00edt.<\/p>\n<p>F\u0151bb jellemz\u0151k:<\/p>\n<p>&#8211; Eredeti Dell csere: A kompatibilit\u00e1s \u00e9s a megb\u00edzhat\u00f3s\u00e1g biztos\u00edt\u00e1sa hiteles cserealkatr\u00e9szekkel.<\/p>\n<p>&#8211; K\u00f6nny\u0171 telep\u00edt\u00e9s: Egyszer\u0171 telep\u00edt\u00e9ssel k\u00f6nnyed\u00e9n friss\u00edtheti eszk\u00f6ze als\u00f3 fedel\u00e9t.<\/p>\n<p>&#8211; Fokozott v\u00e9delem: V\u00e9dje meg laptopja bels\u0151 alkatr\u00e9szeit ezzel a robusztus als\u00f3 bor\u00edt\u00e1ssal.<\/p>\n<p>&#8211; Tov\u00e1bbfejlesztett eszt\u00e9tika: Fokozza eszk\u00f6ze megjelen\u00e9s\u00e9t az eleg\u00e1ns \u00e9s egys\u00e9ges als\u00f3 bor\u00edt\u00e1ssal.<\/p>\n<p>&#8211; Tart\u00f3s konstrukci\u00f3: \u00dagy tervezt\u00e9k, hogy ellen\u00e1lljon a massz\u00edv haszn\u00e1latnak, \u00edgy biztos\u00edtva a hossz\u00fa \u00e9lettartamot \u00e9s a megb\u00edzhat\u00f3s\u00e1got.<\/p>\n<p>Friss\u00edtse Dell Latitude 14 7404 robusztus laptopj\u00e1t m\u00e9g ma az eredeti als\u00f3 burkolat cser\u00e9vel. V\u00e1s\u00e1roljon bizalommal, tudva, hogy min\u0151s\u00e9gi cserealkatr\u00e9szekbe fektet be k\u00e9sz\u00fcl\u00e9k\u00e9hez. Ha k\u00e9rd\u00e9se van, vagy seg\u00edts\u00e9gre van sz\u00fcks\u00e9ge, ne habozzon kapcsolatba l\u00e9pni vel\u00fcnk. Az\u00e9rt vagyunk itt, hogy seg\u00edts\u00fcnk eszk\u00f6ze funkcionalit\u00e1s\u00e1nak \u00e9s megjelen\u00e9s\u00e9nek jav\u00edt\u00e1s\u00e1ban.<\/p>\n","protected":false},"excerpt":{"rendered":"<p>Friss\u00edtse Dell Latitude 14 7404 Rugged als\u00f3 fedel\u00e9t ezzel az eredeti cserealkatr\u00e9szrel. K\u00f6nnyen felszerelhet\u0151 \u00e9s tart\u00f3s kialak\u00edt\u00e1s\u00fa. Fokozza eszk\u00f6ze v\u00e9delm\u00e9t \u00e9s eszt\u00e9tik\u00e1j\u00e1t m\u00e9g ma!<\/p>\n","protected":false},"featured_media":8230,"template":"","meta":[],"product_brand":[],"product_cat":[16],"product_tag":[17],"class_list":{"0":"post-8169","1":"product","2":"type-product","3":"status-publish","4":"has-post-thumbnail","6":"product_cat-laptop-housing","7":"product_tag-dell","9":"first","10":"instock","11":"taxable","12":"shipping-taxable","13":"purchasable","14":"product-type-simple"},"_links":{"self":[{"href":"https:\/\/boreait.com\/hu\/wp-json\/wp\/v2\/product\/8169","targetHints":{"allow":["GET"]}}],"collection":[{"href":"https:\/\/boreait.com\/hu\/wp-json\/wp\/v2\/product"}],"about":[{"href":"https:\/\/boreait.com\/hu\/wp-json\/wp\/v2\/types\/product"}],"wp:featuredmedia":[{"embeddable":true,"href":"https:\/\/boreait.com\/hu\/wp-json\/wp\/v2\/media\/8230"}],"wp:attachment":[{"href":"https:\/\/boreait.com\/hu\/wp-json\/wp\/v2\/media?parent=8169"}],"wp:term":[{"taxonomy":"product_brand","embeddable":true,"href":"https:\/\/boreait.com\/hu\/wp-json\/wp\/v2\/product_brand?post=8169"},{"taxonomy":"product_cat","embeddable":true,"href":"https:\/\/boreait.com\/hu\/wp-json\/wp\/v2\/product_cat?post=8169"},{"taxonomy":"product_tag","embeddable":true,"href":"https:\/\/boreait.com\/hu\/wp-json\/wp\/v2\/product_tag?post=8169"}],"curies":[{"name":"wp","href":"https:\/\/api.w.org\/{rel}","templated":true}]}}