{"id":8168,"date":"2025-09-17T12:02:07","date_gmt":"2025-09-17T10:02:07","guid":{"rendered":"https:\/\/boreait.com\/hu\/?post_type=product&#038;p=8168"},"modified":"2026-01-27T11:05:21","modified_gmt":"2026-01-27T10:05:21","slug":"oem-dell-latitude-14-7404-xfr-akkumulator-zaro-retesz-chb02-ytthh","status":"publish","type":"product","link":"https:\/\/boreait.com\/hu\/termek\/oem-dell-latitude-14-7404-xfr-akkumulator-zaro-retesz-chb02-ytthh\/","title":{"rendered":"OEM Dell Latitude 14 7404 XFR AKKUMUL\u00c1TOR Z\u00c1R\u00d3 RETESZ CHB02 YTTHH"},"content":{"rendered":"<p>N\u00f6velje Dell Latitude 14 7404 XFR laptopja biztons\u00e1g\u00e1t \u00e9s megb\u00edzhat\u00f3s\u00e1g\u00e1t a CHB02 YTTHH OEM akkumul\u00e1torz\u00e1rral. A pontoss\u00e1gra \u00e9s tart\u00f3ss\u00e1gra tervezett eredeti Dell cserealkatr\u00e9sz biztos\u00edtja a laptop akkumul\u00e1tor\u00e1nak biztons\u00e1gos elhelyez\u00e9s\u00e9t.<\/p>\n<p>F\u0151bb jellemz\u0151k:<\/p>\n<p>&#8211; OEM Dell csere: A kompatibilit\u00e1s \u00e9s a megb\u00edzhat\u00f3s\u00e1g biztos\u00edt\u00e1sa eredeti OEM cserealkatr\u00e9szekkel.<\/p>\n<p>&#8211; Az akkumul\u00e1tor biztons\u00e1gos elhelyez\u00e9se: Ezzel a z\u00e1r\u00f3retesszel megel\u0151zheti a laptop akkumul\u00e1tor\u00e1nak v\u00e9letlen elmozdul\u00e1s\u00e1t vagy s\u00e9r\u00fcl\u00e9s\u00e9t.<\/p>\n<p>&#8211; K\u00f6nny\u0171 telep\u00edt\u00e9s: Egyszer\u0171 telep\u00edt\u00e9ssel k\u00f6nnyed\u00e9n n\u00f6velheti laptopja biztons\u00e1g\u00e1t.<\/p>\n<p>&#8211; Fokozott megb\u00edzhat\u00f3s\u00e1g: Meg\u0151rizheti nyugalm\u00e1t, ha tudja, hogy laptopja akkumul\u00e1tora biztons\u00e1gosan r\u00f6gz\u00fcl.<\/p>\n<p>Friss\u00edtse Dell Latitude 14 7404 XFR laptopj\u00e1t m\u00e9g ma az OEM akkumul\u00e1torr\u00f6gz\u00edt\u0151 retesszel. V\u00e1s\u00e1roljon bizalommal, tudva, hogy min\u0151s\u00e9gi cserealkatr\u00e9szekbe fektet be k\u00e9sz\u00fcl\u00e9k\u00e9hez. Ha k\u00e9rd\u00e9se van, vagy seg\u00edts\u00e9gre van sz\u00fcks\u00e9ge, ne habozzon kapcsolatba l\u00e9pni vel\u00fcnk. Az\u00e9rt vagyunk itt, hogy seg\u00edts\u00fcnk laptopja biztons\u00e1g\u00e1nak \u00e9s megb\u00edzhat\u00f3s\u00e1g\u00e1nak n\u00f6vel\u00e9s\u00e9ben.<\/p>\n","protected":false},"excerpt":{"rendered":"<p>Biztos\u00edtsa az akkumul\u00e1tor biztons\u00e1gos elhelyez\u00e9s\u00e9t a Dell Latitude 14 7404 XFR sz\u00e1m\u00e1ra ezzel az OEM akkumul\u00e1torr\u00f6gz\u00edt\u0151 retesszel CHB02 YTTHH. N\u00f6velje laptopja megb\u00edzhat\u00f3s\u00e1g\u00e1t m\u00e9g ma!<\/p>\n","protected":false},"featured_media":8229,"template":"","meta":[],"product_brand":[],"product_cat":[16],"product_tag":[17],"class_list":{"0":"post-8168","1":"product","2":"type-product","3":"status-publish","4":"has-post-thumbnail","6":"product_cat-laptop-housing","7":"product_tag-dell","9":"first","10":"instock","11":"taxable","12":"shipping-taxable","13":"purchasable","14":"product-type-simple"},"_links":{"self":[{"href":"https:\/\/boreait.com\/hu\/wp-json\/wp\/v2\/product\/8168","targetHints":{"allow":["GET"]}}],"collection":[{"href":"https:\/\/boreait.com\/hu\/wp-json\/wp\/v2\/product"}],"about":[{"href":"https:\/\/boreait.com\/hu\/wp-json\/wp\/v2\/types\/product"}],"wp:featuredmedia":[{"embeddable":true,"href":"https:\/\/boreait.com\/hu\/wp-json\/wp\/v2\/media\/8229"}],"wp:attachment":[{"href":"https:\/\/boreait.com\/hu\/wp-json\/wp\/v2\/media?parent=8168"}],"wp:term":[{"taxonomy":"product_brand","embeddable":true,"href":"https:\/\/boreait.com\/hu\/wp-json\/wp\/v2\/product_brand?post=8168"},{"taxonomy":"product_cat","embeddable":true,"href":"https:\/\/boreait.com\/hu\/wp-json\/wp\/v2\/product_cat?post=8168"},{"taxonomy":"product_tag","embeddable":true,"href":"https:\/\/boreait.com\/hu\/wp-json\/wp\/v2\/product_tag?post=8168"}],"curies":[{"name":"wp","href":"https:\/\/api.w.org\/{rel}","templated":true}]}}