{"id":8166,"date":"2025-09-17T12:02:06","date_gmt":"2025-09-17T10:02:06","guid":{"rendered":"https:\/\/boreait.com\/hu\/?post_type=product&#038;p=8166"},"modified":"2025-09-17T12:03:06","modified_gmt":"2025-09-17T10:03:06","slug":"akkumulatorajto-zarpanel-fedel-a-dell-latitude-7404-rugged-x0ydk-keszulekhez","status":"publish","type":"product","link":"https:\/\/boreait.com\/hu\/termek\/akkumulatorajto-zarpanel-fedel-a-dell-latitude-7404-rugged-x0ydk-keszulekhez\/","title":{"rendered":"Akkumul\u00e1torajt\u00f3 z\u00e1rpanel fed\u00e9l a Dell Latitude 7404 Rugged X0YDK k\u00e9sz\u00fcl\u00e9khez"},"content":{"rendered":"<p>B\u0151v\u00edtse Dell Latitude 7404 Rugged laptop akkumul\u00e1tortart\u00f3j\u00e1t az X0YDK cikksz\u00e1m\u00fa eredeti Battery Door Lock Panel Coverrel. A tart\u00f3ss\u00e1g \u00e9s a kompatibilit\u00e1s jegy\u00e9ben k\u00e9sz\u00fclt ez az autentikus cserealkatr\u00e9sz, amely megfelel\u0151 illeszked\u00e9st \u00e9s funkcionalit\u00e1st biztos\u00edt k\u00e9sz\u00fcl\u00e9k\u00e9nek.<\/p>\n<p>F\u0151bb jellemz\u0151k:<\/p>\n<p>&#8211; Eredeti Dell csere: A kompatibilit\u00e1s \u00e9s a megb\u00edzhat\u00f3s\u00e1g biztos\u00edt\u00e1sa hiteles cserealkatr\u00e9szekkel.<\/p>\n<p>&#8211; K\u00f6nny\u0171 telep\u00edt\u00e9s: Egyszer\u0171 telep\u00edt\u00e9ssel k\u00f6nnyed\u00e9n b\u0151v\u00edtheti laptopja akkumul\u00e1tortart\u00f3j\u00e1t.<\/p>\n<p>&#8211; Tov\u00e1bbfejlesztett funkcionalit\u00e1s: \u00c1ll\u00edtsa vissza az akkumul\u00e1torajt\u00f3 panel fedel\u00e9nek megfelel\u0151 z\u00e1rszerkezet\u00e9t.<\/p>\n<p>&#8211; Tart\u00f3s konstrukci\u00f3: \u00dagy tervezt\u00e9k, hogy ellen\u00e1lljon a massz\u00edv haszn\u00e1latnak, \u00edgy biztos\u00edtva a hossz\u00fa \u00e9lettartamot \u00e9s a megb\u00edzhat\u00f3s\u00e1got.<\/p>\n<p>Friss\u00edtse Dell Latitude 7404 Rugged laptopj\u00e1t m\u00e9g ma az eredeti akkumul\u00e1torajt\u00f3 z\u00e1rpanel fed\u00e9llel. V\u00e1s\u00e1roljon bizalommal, tudva, hogy min\u0151s\u00e9gi cserealkatr\u00e9szekbe fektet be k\u00e9sz\u00fcl\u00e9k\u00e9hez. Ha k\u00e9rd\u00e9se van, vagy seg\u00edts\u00e9gre van sz\u00fcks\u00e9ge, ne habozzon kapcsolatba l\u00e9pni vel\u00fcnk. Az\u00e9rt vagyunk itt, hogy seg\u00edts\u00fcnk eszk\u00f6ze funkcionalit\u00e1s\u00e1nak jav\u00edt\u00e1s\u00e1ban.<\/p>\n","protected":false},"excerpt":{"rendered":"<p>Cser\u00e9lje ki Dell Latitude 7404 Rugged akkumul\u00e1torajt\u00f3j\u00e1nak z\u00e1rpanel\u00e9nek fedel\u00e9t erre az eredeti X0YDK alkatr\u00e9szre. Biztos\u00edtsa az eszk\u00f6z megfelel\u0151 illeszked\u00e9s\u00e9t \u00e9s m\u0171k\u00f6d\u00e9s\u00e9t. B\u0151v\u00edtse laptopja akkumul\u00e1tortart\u00f3j\u00e1t m\u00e9g ma!<\/p>\n","protected":false},"featured_media":8227,"template":"","meta":[],"product_brand":[],"product_cat":[16],"product_tag":[17],"class_list":{"0":"post-8166","1":"product","2":"type-product","3":"status-publish","4":"has-post-thumbnail","6":"product_cat-laptop-housing","7":"product_tag-dell","9":"first","10":"instock","11":"taxable","12":"shipping-taxable","13":"purchasable","14":"product-type-simple"},"_links":{"self":[{"href":"https:\/\/boreait.com\/hu\/wp-json\/wp\/v2\/product\/8166","targetHints":{"allow":["GET"]}}],"collection":[{"href":"https:\/\/boreait.com\/hu\/wp-json\/wp\/v2\/product"}],"about":[{"href":"https:\/\/boreait.com\/hu\/wp-json\/wp\/v2\/types\/product"}],"wp:featuredmedia":[{"embeddable":true,"href":"https:\/\/boreait.com\/hu\/wp-json\/wp\/v2\/media\/8227"}],"wp:attachment":[{"href":"https:\/\/boreait.com\/hu\/wp-json\/wp\/v2\/media?parent=8166"}],"wp:term":[{"taxonomy":"product_brand","embeddable":true,"href":"https:\/\/boreait.com\/hu\/wp-json\/wp\/v2\/product_brand?post=8166"},{"taxonomy":"product_cat","embeddable":true,"href":"https:\/\/boreait.com\/hu\/wp-json\/wp\/v2\/product_cat?post=8166"},{"taxonomy":"product_tag","embeddable":true,"href":"https:\/\/boreait.com\/hu\/wp-json\/wp\/v2\/product_tag?post=8166"}],"curies":[{"name":"wp","href":"https:\/\/api.w.org\/{rel}","templated":true}]}}