{"id":8165,"date":"2025-09-17T12:02:06","date_gmt":"2025-09-17T10:02:06","guid":{"rendered":"https:\/\/boreait.com\/hu\/?post_type=product&#038;p=8165"},"modified":"2025-09-17T12:03:05","modified_gmt":"2025-09-17T10:03:05","slug":"eredeti-dell-latitude-7404-7414-rugged-extreme-hddpcec-portfedel-mac03-ytthh","status":"publish","type":"product","link":"https:\/\/boreait.com\/hu\/termek\/eredeti-dell-latitude-7404-7414-rugged-extreme-hddpcec-portfedel-mac03-ytthh\/","title":{"rendered":"Eredeti Dell Latitude 7404 7414 Rugged Extreme HDDPCEC portfed\u00e9l \u2013 MAC03 YTTHH"},"content":{"rendered":"<p>\u00d3vja Dell Latitude 7404\/7414 Rugged Extreme HDDPCEC-portj\u00e1t az eredeti MAC03 YTTHH portfed\u00e9llel. A tart\u00f3ss\u00e1got \u00e9s a kompatibilit\u00e1st szem el\u0151tt tartva k\u00e9sz\u00fclt, ez az eredeti cserealkatr\u00e9sz megb\u00edzhat\u00f3 v\u00e9delmet ny\u00fajt robusztus laptopja sz\u00e1m\u00e1ra.<\/p>\n<p>F\u0151bb jellemz\u0151k:<\/p>\n<p>&#8211; Eredeti Dell csere: A kompatibilit\u00e1s \u00e9s a megb\u00edzhat\u00f3s\u00e1g biztos\u00edt\u00e1sa hiteles cserealkatr\u00e9szekkel.<\/p>\n<p>&#8211; Fokozott v\u00e9delem: V\u00e9dje meg Dell Latitude 7404\/7414 Rugged Extreme HDDPCEC-portj\u00e1t a port\u00f3l, t\u00f6rmel\u00e9kt\u0151l \u00e9s s\u00e9r\u00fcl\u00e9sekt\u0151l.<\/p>\n<p>&#8211; K\u00f6nny\u0171 telep\u00edt\u00e9s: K\u00f6nnyed\u00e9n telep\u00edtse a port fedel\u00e9t az azonnali v\u00e9delem \u00e9rdek\u00e9ben, nincs sz\u00fcks\u00e9g szakmai seg\u00edts\u00e9gre.<\/p>\n<p>&#8211; Robusztus kialak\u00edt\u00e1s: \u00dagy tervezt\u00e9k, hogy ellen\u00e1lljon a sz\u00e9ls\u0151s\u00e9ges k\u00f6r\u00fclm\u00e9nyeknek, \u00edgy biztos\u00edtva a hossz\u00fa \u00e9lettartamot \u00e9s a megb\u00edzhat\u00f3s\u00e1got.<\/p>\n<p>Friss\u00edtse Dell Latitude 7404\/7414 Rugged Extreme laptopj\u00e1t m\u00e9g ma az eredeti MAC03 YTTHH portfed\u00e9llel. V\u00e1s\u00e1roljon bizalommal, tudva, hogy min\u0151s\u00e9gi cserealkatr\u00e9szekbe fektet be k\u00e9sz\u00fcl\u00e9k\u00e9hez. Ha k\u00e9rd\u00e9se van, vagy seg\u00edts\u00e9gre van sz\u00fcks\u00e9ge, ne habozzon kapcsolatba l\u00e9pni vel\u00fcnk. Az\u00e9rt vagyunk itt, hogy seg\u00edts\u00fcnk meg\u00f3vni robusztus laptopj\u00e1t.<\/p>\n","protected":false},"excerpt":{"rendered":"<p>V\u00e9dje Dell Latitude 7404\/7414 Rugged Extreme HDDPCEC-portj\u00e1t ezzel az eredeti MAC03 YTTHH portfed\u00e9llel. Biztos\u00edtsa a tart\u00f3ss\u00e1got \u00e9s a kompatibilit\u00e1st robusztus laptopj\u00e1val. V\u00e1s\u00e1roljon most, hogy meg\u00f3vja k\u00e9sz\u00fcl\u00e9k\u00e9t!<\/p>\n","protected":false},"featured_media":8226,"template":"","meta":[],"product_brand":[],"product_cat":[16],"product_tag":[17],"class_list":{"0":"post-8165","1":"product","2":"type-product","3":"status-publish","4":"has-post-thumbnail","6":"product_cat-laptop-housing","7":"product_tag-dell","9":"first","10":"instock","11":"taxable","12":"shipping-taxable","13":"purchasable","14":"product-type-simple"},"_links":{"self":[{"href":"https:\/\/boreait.com\/hu\/wp-json\/wp\/v2\/product\/8165","targetHints":{"allow":["GET"]}}],"collection":[{"href":"https:\/\/boreait.com\/hu\/wp-json\/wp\/v2\/product"}],"about":[{"href":"https:\/\/boreait.com\/hu\/wp-json\/wp\/v2\/types\/product"}],"wp:featuredmedia":[{"embeddable":true,"href":"https:\/\/boreait.com\/hu\/wp-json\/wp\/v2\/media\/8226"}],"wp:attachment":[{"href":"https:\/\/boreait.com\/hu\/wp-json\/wp\/v2\/media?parent=8165"}],"wp:term":[{"taxonomy":"product_brand","embeddable":true,"href":"https:\/\/boreait.com\/hu\/wp-json\/wp\/v2\/product_brand?post=8165"},{"taxonomy":"product_cat","embeddable":true,"href":"https:\/\/boreait.com\/hu\/wp-json\/wp\/v2\/product_cat?post=8165"},{"taxonomy":"product_tag","embeddable":true,"href":"https:\/\/boreait.com\/hu\/wp-json\/wp\/v2\/product_tag?post=8165"}],"curies":[{"name":"wp","href":"https:\/\/api.w.org\/{rel}","templated":true}]}}