{"id":8161,"date":"2025-09-17T12:02:05","date_gmt":"2025-09-17T10:02:05","guid":{"rendered":"https:\/\/boreait.com\/hu\/?post_type=product&#038;p=8161"},"modified":"2026-01-27T11:04:59","modified_gmt":"2026-01-27T10:04:59","slug":"eredeti-dell-latitude-14-7404-rugged-extreme-corner-gumi-lokharito-hat-jobb-oldal","status":"publish","type":"product","link":"https:\/\/boreait.com\/hu\/termek\/eredeti-dell-latitude-14-7404-rugged-extreme-corner-gumi-lokharito-hat-jobb-oldal\/","title":{"rendered":"Eredeti Dell Latitude 14 7404 Rugged Extreme Corner gumi l\u00f6kh\u00e1r\u00edt\u00f3 H\u00c1T JOBB oldal"},"content":{"rendered":"<p>V\u00e9dje meg Dell Latitude 14 7404 Rugged Extreme k\u00e9sz\u00fcl\u00e9k\u00e9t az \u00fct\u00e9sekt\u0151l \u00e9s \u00fct\u00e9sekt\u0151l az eredeti, a JOBB H\u00c1TS\u00d3 oldalra tervezett Corner gumi\u00fctk\u00f6z\u0151vel. Ez a robusztus haszn\u00e1latra k\u00e9sz\u00fclt l\u00f6kh\u00e1r\u00edt\u00f3 megn\u00f6veli k\u00e9sz\u00fcl\u00e9ke tart\u00f3ss\u00e1g\u00e1t, mik\u00f6zben tov\u00e1bbi v\u00e9delmet ny\u00fajt.<\/p>\n<p>F\u0151bb jellemz\u0151k:<\/p>\n<p>&#8211; Eredeti Dell csere: A kompatibilit\u00e1s \u00e9s a megb\u00edzhat\u00f3s\u00e1g biztos\u00edt\u00e1sa hiteles cserealkatr\u00e9szekkel.<\/p>\n<p>&#8211; Robusztus kialak\u00edt\u00e1s: \u00dagy tervezt\u00e9k, hogy ellen\u00e1lljon a zord k\u00f6r\u00fclm\u00e9nyeknek \u00e9s a massz\u00edv haszn\u00e1latnak, biztos\u00edtva a hossz\u00fa \u00e9lettartamot \u00e9s a megb\u00edzhat\u00f3s\u00e1got.<\/p>\n<p>&#8211; K\u00f6nny\u0171 telep\u00edt\u00e9s: Egyszer\u0171 telep\u00edt\u00e9ssel k\u00f6nnyed\u00e9n n\u00f6velheti eszk\u00f6ze tart\u00f3ss\u00e1g\u00e1t.<\/p>\n<p>&#8211; Fokozott v\u00e9delem: v\u00e9di eszk\u00f6z\u00e9t az \u00fct\u00e9sekt\u0151l \u00e9s \u00fct\u00e9sekt\u0151l, meghosszabb\u00edtva az \u00e9lettartam\u00e1t.<\/p>\n<p>Friss\u00edtse Dell Latitude 14 7404 Rugged Extreme k\u00e9sz\u00fcl\u00e9k\u00e9t m\u00e9g ma az eredeti sarokgumi l\u00f6kh\u00e1r\u00edt\u00f3val. V\u00e1s\u00e1roljon bizalommal, tudva, hogy min\u0151s\u00e9gi cserealkatr\u00e9szekbe fektet be k\u00e9sz\u00fcl\u00e9k\u00e9hez. Ha k\u00e9rd\u00e9se van, vagy seg\u00edts\u00e9gre van sz\u00fcks\u00e9ge, ne habozzon kapcsolatba l\u00e9pni vel\u00fcnk. Az\u00e9rt vagyunk itt, hogy seg\u00edts\u00fcnk k\u00e9sz\u00fcl\u00e9ke tart\u00f3ss\u00e1g\u00e1nak n\u00f6vel\u00e9s\u00e9ben.<\/p>\n","protected":false},"excerpt":{"rendered":"<p>N\u00f6velje Dell Latitude 14 7404 Rugged Extreme tart\u00f3ss\u00e1g\u00e1t ezzel az eredeti sarokgumi l\u00f6kh\u00e1r\u00edt\u00f3val a JOBB H\u00c1TS\u00d3 oldalra. A massz\u00edv haszn\u00e1latra tervezett l\u00f6kh\u00e1r\u00edt\u00f3 tov\u00e1bbi v\u00e9delmet ny\u00fajt az \u00fct\u00e9sek \u00e9s \u00fct\u00e9sek ellen. N\u00f6velje k\u00e9sz\u00fcl\u00e9ke tart\u00f3ss\u00e1g\u00e1t m\u00e9g ma!<\/p>\n","protected":false},"featured_media":8222,"template":"","meta":[],"product_brand":[],"product_cat":[16],"product_tag":[17],"class_list":{"0":"post-8161","1":"product","2":"type-product","3":"status-publish","4":"has-post-thumbnail","6":"product_cat-laptop-housing","7":"product_tag-dell","9":"first","10":"instock","11":"taxable","12":"shipping-taxable","13":"purchasable","14":"product-type-simple"},"_links":{"self":[{"href":"https:\/\/boreait.com\/hu\/wp-json\/wp\/v2\/product\/8161","targetHints":{"allow":["GET"]}}],"collection":[{"href":"https:\/\/boreait.com\/hu\/wp-json\/wp\/v2\/product"}],"about":[{"href":"https:\/\/boreait.com\/hu\/wp-json\/wp\/v2\/types\/product"}],"wp:featuredmedia":[{"embeddable":true,"href":"https:\/\/boreait.com\/hu\/wp-json\/wp\/v2\/media\/8222"}],"wp:attachment":[{"href":"https:\/\/boreait.com\/hu\/wp-json\/wp\/v2\/media?parent=8161"}],"wp:term":[{"taxonomy":"product_brand","embeddable":true,"href":"https:\/\/boreait.com\/hu\/wp-json\/wp\/v2\/product_brand?post=8161"},{"taxonomy":"product_cat","embeddable":true,"href":"https:\/\/boreait.com\/hu\/wp-json\/wp\/v2\/product_cat?post=8161"},{"taxonomy":"product_tag","embeddable":true,"href":"https:\/\/boreait.com\/hu\/wp-json\/wp\/v2\/product_tag?post=8161"}],"curies":[{"name":"wp","href":"https:\/\/api.w.org\/{rel}","templated":true}]}}