{"id":8159,"date":"2025-09-17T12:02:04","date_gmt":"2025-09-17T10:02:04","guid":{"rendered":"https:\/\/boreait.com\/hu\/?post_type=product&#038;p=8159"},"modified":"2026-01-27T11:04:31","modified_gmt":"2026-01-27T10:04:31","slug":"eredeti-dell-latitude-14-7404-rugged-extreme-corner-gumi-lokharito-vissza-bal-oldal","status":"publish","type":"product","link":"https:\/\/boreait.com\/hu\/termek\/eredeti-dell-latitude-14-7404-rugged-extreme-corner-gumi-lokharito-vissza-bal-oldal\/","title":{"rendered":"Eredeti Dell Latitude 14 7404 Rugged Extreme Corner gumi l\u00f6kh\u00e1r\u00edt\u00f3 VISSZA BAL oldal"},"content":{"rendered":"<p>\u00d3vja meg Dell Latitude 14 7404 Rugged Extreme k\u00e9sz\u00fcl\u00e9k\u00e9t az eredeti, a BAL H\u00c1T oldalra tervezett Corner gumi l\u00f6kh\u00e1r\u00edt\u00f3val. A tart\u00f3ss\u00e1g \u00e9s a kompatibilit\u00e1s jegy\u00e9ben ez az eredeti cserealkatr\u00e9sz megb\u00edzhat\u00f3 v\u00e9delmet ny\u00fajt az \u00fct\u00e9sek \u00e9s \u00fct\u00e9sek ellen.<\/p>\n<p>F\u0151bb jellemz\u0151k:<\/p>\n<p>&#8211; Eredeti Dell csere: A kompatibilit\u00e1s \u00e9s a megb\u00edzhat\u00f3s\u00e1g biztos\u00edt\u00e1sa hiteles cserealkatr\u00e9szekkel.<\/p>\n<p>&#8211; K\u00f6nny\u0171 telep\u00edt\u00e9s: K\u00f6nnyed\u00e9n megv\u00e9dheti eszk\u00f6z\u00e9t az egyszer\u0171 telep\u00edt\u00e9ssel.<\/p>\n<p>&#8211; Fokozott tart\u00f3ss\u00e1g: v\u00e9dje meg laptopj\u00e1t az \u00fct\u00e9sekt\u0151l \u00e9s \u00fct\u00e9sekt\u0151l ezzel a massz\u00edv sarokl\u00f6kh\u00e1r\u00edt\u00f3val.<\/p>\n<p>&#8211; Pontos illeszked\u00e9s: kifejezetten a Dell Latitude 14 7404 Rugged Extreme BACK BAL oldal\u00e1hoz tervezt\u00e9k.<\/p>\n<p>&#8211; Megb\u00edzhat\u00f3 v\u00e9delem: \u00d3vja k\u00e9sz\u00fcl\u00e9k\u00e9t a k\u00e1rosod\u00e1st\u00f3l \u00e9s a kop\u00e1st\u00f3l zord k\u00f6rnyezetben.<\/p>\n<p>Friss\u00edtse Dell Latitude 14 7404 Rugged Extreme k\u00e9sz\u00fcl\u00e9k\u00e9t m\u00e9g ma az eredeti sarokgumi l\u00f6kh\u00e1r\u00edt\u00f3val. V\u00e1s\u00e1roljon bizalommal, tudva, hogy min\u0151s\u00e9gi cserealkatr\u00e9szekbe fektet be k\u00e9sz\u00fcl\u00e9k\u00e9hez. Ha k\u00e9rd\u00e9se van, vagy seg\u00edts\u00e9gre van sz\u00fcks\u00e9ge, ne habozzon kapcsolatba l\u00e9pni vel\u00fcnk. Az\u00e9rt vagyunk itt, hogy seg\u00edts\u00fcnk megv\u00e9deni eszk\u00f6z\u00e9t a mindennapi haszn\u00e1lat viszontags\u00e1gait\u00f3l.<\/p>\n","protected":false},"excerpt":{"rendered":"<p>V\u00e9dje Dell Latitude 14 7404 Rugged Extreme k\u00e9sz\u00fcl\u00e9k\u00e9t ezzel az eredeti sarokgumi l\u00f6kh\u00e1r\u00edt\u00f3val a BAL H\u00c1TS\u00d3 oldal\u00e1n. Tart\u00f3ss\u00e1gra \u00e9s kompatibilit\u00e1sra tervezve. \u00d3vja k\u00e9sz\u00fcl\u00e9k\u00e9t m\u00e9g ma!<\/p>\n","protected":false},"featured_media":8207,"template":"","meta":[],"product_brand":[],"product_cat":[16],"product_tag":[17],"class_list":{"0":"post-8159","1":"product","2":"type-product","3":"status-publish","4":"has-post-thumbnail","6":"product_cat-laptop-housing","7":"product_tag-dell","9":"first","10":"instock","11":"taxable","12":"shipping-taxable","13":"purchasable","14":"product-type-simple"},"_links":{"self":[{"href":"https:\/\/boreait.com\/hu\/wp-json\/wp\/v2\/product\/8159","targetHints":{"allow":["GET"]}}],"collection":[{"href":"https:\/\/boreait.com\/hu\/wp-json\/wp\/v2\/product"}],"about":[{"href":"https:\/\/boreait.com\/hu\/wp-json\/wp\/v2\/types\/product"}],"wp:featuredmedia":[{"embeddable":true,"href":"https:\/\/boreait.com\/hu\/wp-json\/wp\/v2\/media\/8207"}],"wp:attachment":[{"href":"https:\/\/boreait.com\/hu\/wp-json\/wp\/v2\/media?parent=8159"}],"wp:term":[{"taxonomy":"product_brand","embeddable":true,"href":"https:\/\/boreait.com\/hu\/wp-json\/wp\/v2\/product_brand?post=8159"},{"taxonomy":"product_cat","embeddable":true,"href":"https:\/\/boreait.com\/hu\/wp-json\/wp\/v2\/product_cat?post=8159"},{"taxonomy":"product_tag","embeddable":true,"href":"https:\/\/boreait.com\/hu\/wp-json\/wp\/v2\/product_tag?post=8159"}],"curies":[{"name":"wp","href":"https:\/\/api.w.org\/{rel}","templated":true}]}}