{"id":8132,"date":"2025-09-17T12:01:40","date_gmt":"2025-09-17T10:01:40","guid":{"rendered":"https:\/\/boreait.com\/hu\/?post_type=product&#038;p=8132"},"modified":"2025-09-17T12:02:41","modified_gmt":"2025-09-17T10:02:41","slug":"eredeti-dell-latitude-14-7404-robusztus-extrem-hatso-muanyag-burkolat-l-bal-oldal","status":"publish","type":"product","link":"https:\/\/boreait.com\/hu\/termek\/eredeti-dell-latitude-14-7404-robusztus-extrem-hatso-muanyag-burkolat-l-bal-oldal\/","title":{"rendered":"Eredeti Dell Latitude 14 7404 robusztus extr\u00e9m h\u00e1ts\u00f3 m\u0171anyag burkolat L bal oldal"},"content":{"rendered":"<p>\u00c1ll\u00edtsa vissza Dell Latitude 14 7404 Rugged Extreme laptopja megjelen\u00e9s\u00e9t \u00e9s tart\u00f3ss\u00e1g\u00e1t a bal oldali eredeti m\u0171anyag h\u00e1tlappal. A prec\u00edzen megalkotott \u00e9s strapab\u00edr\u00f3 haszn\u00e1latra tervezett eredeti cserealkatr\u00e9sz gondoskodik arr\u00f3l, hogy laptopja v\u00e9dett maradjon, \u00e9s j\u00f3l n\u00e9zzen ki.<\/p>\n<p>F\u0151bb jellemz\u0151k:<\/p>\n<p>&#8211; Eredeti Dell csere: A kompatibilit\u00e1s \u00e9s a megb\u00edzhat\u00f3s\u00e1g biztos\u00edt\u00e1sa hiteles cserealkatr\u00e9szekkel.<\/p>\n<p>&#8211; K\u00f6nny\u0171 telep\u00edt\u00e9s: K\u00f6nnyed\u00e9n cser\u00e9lje ki laptopja h\u00e1ts\u00f3 m\u0171anyag bor\u00edt\u00e1s\u00e1t egy egyszer\u0171 telep\u00edt\u00e9si elj\u00e1r\u00e1ssal.<\/p>\n<p>&#8211; Fokozott tart\u00f3ss\u00e1g: V\u00e9dje meg laptopj\u00e1t egy olyan bor\u00edt\u00e1ssal, amelyet \u00fagy terveztek, hogy ellen\u00e1lljon a zord haszn\u00e1latnak.<\/p>\n<p>&#8211; T\u00f6k\u00e9letes illeszked\u00e9s: Kifejezetten a Dell Latitude 14 7404 Rugged Extreme modellhez tervezt\u00e9k, t\u00f6k\u00e9letes illeszked\u00e9st \u00e9s kivitelt biztos\u00edtva.<\/p>\n<p>Friss\u00edtse laptopja teljes\u00edtm\u00e9ny\u00e9t:<\/p>\n<p>Tapasztalja meg a jobb v\u00e9delmet \u00e9s eszt\u00e9tik\u00e1t, ha kicser\u00e9li laptopja kopott vagy s\u00e9r\u00fclt h\u00e1ts\u00f3 m\u0171anyag bor\u00edt\u00e1s\u00e1t.<\/p>\n<p>Egyszer\u0171 telep\u00edt\u00e9s:<\/p>\n<p>Friss\u00edtse laptopja v\u00e9delm\u00e9t \u00e9s megjelen\u00e9s\u00e9t egy egyszer\u0171 telep\u00edt\u00e9si folyamattal, amely nem ig\u00e9nyel szakmai seg\u00edts\u00e9get.<\/p>\n<p>Min\u0151s\u00e9gbiztos\u00edt\u00e1s:<\/p>\n<p>Biztos lehet benne, hogy egy kiv\u00e1l\u00f3 min\u0151s\u00e9g\u0171, eredeti Dell cserealkatr\u00e9szbe fektet be, amelyet a megb\u00edzhat\u00f3s\u00e1g \u00e9s a hossz\u00fa \u00e9lettartam \u00e9rdek\u00e9ben terveztek.<\/p>\n<p>Friss\u00edtse Dell Latitude 14 7404 Rugged Extreme laptopj\u00e1t m\u00e9g ma a bal oldali eredeti m\u0171anyag h\u00e1tlappal. V\u00e1s\u00e1roljon bizalommal, tudva, hogy laptopja min\u0151s\u00e9gi cserealkatr\u00e9sz\u00e9be fektet be. Ha k\u00e9rd\u00e9se van, vagy seg\u00edts\u00e9gre van sz\u00fcks\u00e9ge, ne habozzon kapcsolatba l\u00e9pni vel\u00fcnk. Az\u00e9rt vagyunk itt, hogy seg\u00edts\u00fcnk eszk\u00f6ze v\u00e9delm\u00e9nek \u00e9s eszt\u00e9tik\u00e1j\u00e1nak fokoz\u00e1s\u00e1ban.<\/p>\n","protected":false},"excerpt":{"rendered":"<p>\u00c1ll\u00edtsa vissza Dell Latitude 14 7404 Rugged Extreme megjelen\u00e9s\u00e9t \u00e9s tart\u00f3ss\u00e1g\u00e1t ezzel az eredeti, bal oldali m\u0171anyag h\u00e1tlappal. K\u00f6nnyen telep\u00edthet\u0151 \u00e9s tart\u00f3s, ez a cserealkatr\u00e9sz gondoskodik arr\u00f3l, hogy laptopja v\u00e9dett maradjon, \u00e9s j\u00f3l n\u00e9zzen ki. Kompatibilis a Dell Latitude 14 7404 modellel.<\/p>\n","protected":false},"featured_media":8194,"template":"","meta":[],"product_brand":[],"product_cat":[16],"product_tag":[17],"class_list":{"0":"post-8132","1":"product","2":"type-product","3":"status-publish","4":"has-post-thumbnail","6":"product_cat-laptop-housing","7":"product_tag-dell","9":"first","10":"instock","11":"taxable","12":"shipping-taxable","13":"purchasable","14":"product-type-simple"},"_links":{"self":[{"href":"https:\/\/boreait.com\/hu\/wp-json\/wp\/v2\/product\/8132","targetHints":{"allow":["GET"]}}],"collection":[{"href":"https:\/\/boreait.com\/hu\/wp-json\/wp\/v2\/product"}],"about":[{"href":"https:\/\/boreait.com\/hu\/wp-json\/wp\/v2\/types\/product"}],"wp:featuredmedia":[{"embeddable":true,"href":"https:\/\/boreait.com\/hu\/wp-json\/wp\/v2\/media\/8194"}],"wp:attachment":[{"href":"https:\/\/boreait.com\/hu\/wp-json\/wp\/v2\/media?parent=8132"}],"wp:term":[{"taxonomy":"product_brand","embeddable":true,"href":"https:\/\/boreait.com\/hu\/wp-json\/wp\/v2\/product_brand?post=8132"},{"taxonomy":"product_cat","embeddable":true,"href":"https:\/\/boreait.com\/hu\/wp-json\/wp\/v2\/product_cat?post=8132"},{"taxonomy":"product_tag","embeddable":true,"href":"https:\/\/boreait.com\/hu\/wp-json\/wp\/v2\/product_tag?post=8132"}],"curies":[{"name":"wp","href":"https:\/\/api.w.org\/{rel}","templated":true}]}}