{"id":8130,"date":"2025-09-17T12:01:39","date_gmt":"2025-09-17T10:01:39","guid":{"rendered":"https:\/\/boreait.com\/hu\/?post_type=product&#038;p=8130"},"modified":"2025-09-17T12:02:38","modified_gmt":"2025-09-17T10:02:38","slug":"eredeti-dell-latitude-12-rugged-extreme-7204-kabel-a-bekapcsologombhoz-0801-4kb2e00-3","status":"publish","type":"product","link":"https:\/\/boreait.com\/hu\/termek\/eredeti-dell-latitude-12-rugged-extreme-7204-kabel-a-bekapcsologombhoz-0801-4kb2e00-3\/","title":{"rendered":"Eredeti Dell Latitude 12 Rugged Extreme 7204 k\u00e1bel a bekapcsol\u00f3gombhoz 0801-4KB2E00"},"content":{"rendered":"<p>Gondoskodjon Dell Latitude 12 Rugged Extreme 7204 megb\u00edzhat\u00f3 m\u0171k\u00f6d\u00e9s\u00e9r\u0151l a 0801-4KB2E00 cikksz\u00e1m\u00fa, eredeti Power Button Board k\u00e1bellel. A tart\u00f3ss\u00e1gra \u00e9s a z\u00f6kken\u0151mentes kompatibilit\u00e1sra tervezett eredeti cserealkatr\u00e9sz optim\u00e1lis teljes\u00edtm\u00e9nyt garant\u00e1l.<\/p>\n<p>F\u0151bb jellemz\u0151k:<\/p>\n<p>&#8211; Eredeti Dell csere: A kompatibilit\u00e1s \u00e9s a megb\u00edzhat\u00f3s\u00e1g biztos\u00edt\u00e1sa hiteles cserealkatr\u00e9szekkel.<\/p>\n<p>&#8211; K\u00f6nny\u0171 telep\u00edt\u00e9s: Egyszer\u0171 telep\u00edt\u00e9ssel k\u00f6nnyed\u00e9n friss\u00edtheti eszk\u00f6ze bekapcsol\u00f3gombj\u00e1nak funkci\u00f3it.<\/p>\n<p>&#8211; Megb\u00edzhat\u00f3 teljes\u00edtm\u00e9ny: Fenntartja a bekapcsol\u00f3gomb megb\u00edzhat\u00f3 m\u0171k\u00f6d\u00e9s\u00e9t ezzel a kiv\u00e1l\u00f3 min\u0151s\u00e9g\u0171 k\u00e1bellel.<\/p>\n<p>&#8211; Tart\u00f3s konstrukci\u00f3: \u00dagy tervezt\u00e9k, hogy ellen\u00e1lljon a massz\u00edv haszn\u00e1latnak, \u00edgy biztos\u00edtva a hossz\u00fa \u00e9lettartamot \u00e9s a megb\u00edzhat\u00f3s\u00e1got.<\/p>\n<p>Friss\u00edtse Dell Latitude 12 Rugged Extreme 7204 k\u00e9sz\u00fcl\u00e9k\u00e9t m\u00e9g ma az eredeti t\u00e1pk\u00e1bellel a bekapcsol\u00f3gombhoz. V\u00e1s\u00e1roljon bizalommal, tudva, hogy min\u0151s\u00e9gi cserealkatr\u00e9szekbe fektet be k\u00e9sz\u00fcl\u00e9k\u00e9hez. Ha k\u00e9rd\u00e9se van, vagy seg\u00edts\u00e9gre van sz\u00fcks\u00e9ge, ne habozzon kapcsolatba l\u00e9pni vel\u00fcnk. Az\u00e9rt vagyunk itt, hogy seg\u00edts\u00fcnk meg\u0151rizni eszk\u00f6ze m\u0171k\u00f6d\u0151k\u00e9pess\u00e9g\u00e9t.<\/p>\n","protected":false},"excerpt":{"rendered":"<p>Cser\u00e9lje ki a Dell Latitude 12 Rugged Extreme 7204 bekapcsol\u00f3gomb k\u00e1bel\u00e9t erre az eredeti alkatr\u00e9szre. K\u00f6nnyen telep\u00edthet\u0151 \u00e9s kompatibilis a 0801-4KB2E00 cikksz\u00e1mmal. Biztos\u00edtsa a bekapcsol\u00f3gomb megb\u00edzhat\u00f3 m\u0171k\u00f6d\u00e9s\u00e9t m\u00e9g ma!<\/p>\n","protected":false},"featured_media":8191,"template":"","meta":[],"product_brand":[],"product_cat":[27],"product_tag":[17],"class_list":{"0":"post-8130","1":"product","2":"type-product","3":"status-publish","4":"has-post-thumbnail","6":"product_cat-motherboards-board-parts","7":"product_tag-dell","9":"first","10":"instock","11":"taxable","12":"shipping-taxable","13":"purchasable","14":"product-type-simple"},"_links":{"self":[{"href":"https:\/\/boreait.com\/hu\/wp-json\/wp\/v2\/product\/8130","targetHints":{"allow":["GET"]}}],"collection":[{"href":"https:\/\/boreait.com\/hu\/wp-json\/wp\/v2\/product"}],"about":[{"href":"https:\/\/boreait.com\/hu\/wp-json\/wp\/v2\/types\/product"}],"wp:featuredmedia":[{"embeddable":true,"href":"https:\/\/boreait.com\/hu\/wp-json\/wp\/v2\/media\/8191"}],"wp:attachment":[{"href":"https:\/\/boreait.com\/hu\/wp-json\/wp\/v2\/media?parent=8130"}],"wp:term":[{"taxonomy":"product_brand","embeddable":true,"href":"https:\/\/boreait.com\/hu\/wp-json\/wp\/v2\/product_brand?post=8130"},{"taxonomy":"product_cat","embeddable":true,"href":"https:\/\/boreait.com\/hu\/wp-json\/wp\/v2\/product_cat?post=8130"},{"taxonomy":"product_tag","embeddable":true,"href":"https:\/\/boreait.com\/hu\/wp-json\/wp\/v2\/product_tag?post=8130"}],"curies":[{"name":"wp","href":"https:\/\/api.w.org\/{rel}","templated":true}]}}