{"id":8129,"date":"2025-09-17T12:01:39","date_gmt":"2025-09-17T10:01:39","guid":{"rendered":"https:\/\/boreait.com\/hu\/?post_type=product&#038;p=8129"},"modified":"2025-09-17T12:02:36","modified_gmt":"2025-09-17T10:02:36","slug":"eredeti-dell-latitude-12-rugged-7204-laptop-lcd-hatlap-14vtt-014vtt-cn-014vtt","status":"publish","type":"product","link":"https:\/\/boreait.com\/hu\/termek\/eredeti-dell-latitude-12-rugged-7204-laptop-lcd-hatlap-14vtt-014vtt-cn-014vtt\/","title":{"rendered":"Eredeti Dell Latitude 12 Rugged 7204 laptop LCD h\u00e1tlap 14VTT 014VTT CN-014VTT"},"content":{"rendered":"<p>N\u00f6velje Dell Latitude 12 Rugged 7204 laptopja tart\u00f3ss\u00e1g\u00e1t \u00e9s eszt\u00e9tik\u00e1j\u00e1t az eredeti LCD h\u00e1tlappal, cikksz\u00e1m: 14VTT 014VTT CN-014VTT. Ez a prec\u00edz \u00e9s megb\u00edzhat\u00f3 cserealkatr\u00e9sz nemcsak laptopja megjelen\u00e9s\u00e9t jav\u00edtja, hanem az LCD-k\u00e9perny\u0151 v\u00e9delm\u00e9t is biztos\u00edtja.<\/p>\n<p>F\u0151bb jellemz\u0151k:<\/p>\n<p>&#8211; Eredeti Dell csere: A kompatibilit\u00e1s \u00e9s a megb\u00edzhat\u00f3s\u00e1g biztos\u00edt\u00e1sa hiteles cserealkatr\u00e9szekkel.<\/p>\n<p>&#8211; K\u00f6nny\u0171 telep\u00edt\u00e9s: Egyszer\u0171 telep\u00edt\u00e9ssel k\u00f6nnyed\u00e9n friss\u00edtheti laptopja megjelen\u00e9s\u00e9t.<\/p>\n<p>&#8211; Fokozott tart\u00f3ss\u00e1g: v\u00e9dje meg laptopja LCD-k\u00e9perny\u0151j\u00e9t ezzel az er\u0151s h\u00e1tlappal.<\/p>\n<p>&#8211; Eleg\u00e1ns diz\u00e1jn: Fokozza Dell Latitude 12 Rugged 7204 eszt\u00e9tik\u00e1j\u00e1t ezzel a st\u00edlusos h\u00e1tlappal.<\/p>\n<p>Friss\u00edtse Dell Latitude 12 Rugged 7204 laptopj\u00e1t m\u00e9g ma az eredeti LCD h\u00e1tlappal. V\u00e1s\u00e1roljon bizalommal, tudva, hogy min\u0151s\u00e9gi cserealkatr\u00e9szekbe fektet be k\u00e9sz\u00fcl\u00e9k\u00e9hez. Ha k\u00e9rd\u00e9se van, vagy seg\u00edts\u00e9gre van sz\u00fcks\u00e9ge, ne habozzon kapcsolatba l\u00e9pni vel\u00fcnk. Az\u00e9rt vagyunk itt, hogy seg\u00edts\u00fcnk k\u00e9sz\u00fcl\u00e9ke tart\u00f3ss\u00e1g\u00e1nak \u00e9s eszt\u00e9tik\u00e1j\u00e1nak n\u00f6vel\u00e9s\u00e9ben.<\/p>\n","protected":false},"excerpt":{"rendered":"<p>Fokozza Dell Latitude 12 Rugged 7204 tart\u00f3ss\u00e1g\u00e1t \u00e9s eszt\u00e9tik\u00e1j\u00e1t ezzel az eredeti LCD h\u00e1tlappal. K\u00f6nnyen telep\u00edthet\u0151 \u00e9s kompatibilis a 14VTT 014VTT CN-014VTT cikksz\u00e1mmal. Friss\u00edtse laptopja megjelen\u00e9s\u00e9t m\u00e9g ma!<\/p>\n","protected":false},"featured_media":8189,"template":"","meta":[],"product_brand":[],"product_cat":[16],"product_tag":[17],"class_list":{"0":"post-8129","1":"product","2":"type-product","3":"status-publish","4":"has-post-thumbnail","6":"product_cat-laptop-housing","7":"product_tag-dell","9":"first","10":"instock","11":"taxable","12":"shipping-taxable","13":"purchasable","14":"product-type-simple"},"_links":{"self":[{"href":"https:\/\/boreait.com\/hu\/wp-json\/wp\/v2\/product\/8129","targetHints":{"allow":["GET"]}}],"collection":[{"href":"https:\/\/boreait.com\/hu\/wp-json\/wp\/v2\/product"}],"about":[{"href":"https:\/\/boreait.com\/hu\/wp-json\/wp\/v2\/types\/product"}],"wp:featuredmedia":[{"embeddable":true,"href":"https:\/\/boreait.com\/hu\/wp-json\/wp\/v2\/media\/8189"}],"wp:attachment":[{"href":"https:\/\/boreait.com\/hu\/wp-json\/wp\/v2\/media?parent=8129"}],"wp:term":[{"taxonomy":"product_brand","embeddable":true,"href":"https:\/\/boreait.com\/hu\/wp-json\/wp\/v2\/product_brand?post=8129"},{"taxonomy":"product_cat","embeddable":true,"href":"https:\/\/boreait.com\/hu\/wp-json\/wp\/v2\/product_cat?post=8129"},{"taxonomy":"product_tag","embeddable":true,"href":"https:\/\/boreait.com\/hu\/wp-json\/wp\/v2\/product_tag?post=8129"}],"curies":[{"name":"wp","href":"https:\/\/api.w.org\/{rel}","templated":true}]}}