{"id":8127,"date":"2025-09-17T12:01:39","date_gmt":"2025-09-17T10:01:39","guid":{"rendered":"https:\/\/boreait.com\/hu\/?post_type=product&#038;p=8127"},"modified":"2025-09-17T12:02:23","modified_gmt":"2025-09-17T10:02:23","slug":"dell-latitude-12-7204-laptop-alaplap-6346h-cn-06346h-i5-4310u-cpu-teljesen-tesztelve","status":"publish","type":"product","link":"https:\/\/boreait.com\/hu\/termek\/dell-latitude-12-7204-laptop-alaplap-6346h-cn-06346h-i5-4310u-cpu-teljesen-tesztelve\/","title":{"rendered":"Dell Latitude 12 7204 Laptop alaplap 6346H CN-06346H I5-4310u CPU Teljesen tesztelve"},"content":{"rendered":"<p>N\u00f6velje Dell Latitude 12 7204 E7204 laptopja teljes\u00edtm\u00e9ny\u00e9t \u00e9s megb\u00edzhat\u00f3s\u00e1g\u00e1t az eredeti alaplappal, cikksz\u00e1m: 6346H 06346H CN-06346H TW-06346H I5 4310u CPU-val. A kompatibilit\u00e1s \u00e9rdek\u00e9ben kialak\u00edtott \u00e9s megb\u00edzhat\u00f3s\u00e1g szempontj\u00e1b\u00f3l tesztelt hiteles cserealkatr\u00e9sz biztos\u00edtja az optim\u00e1lis teljes\u00edtm\u00e9nyt.<\/p>\n<p>F\u0151bb jellemz\u0151k:<\/p>\n<p>&#8211; Eredeti Dell csere: A kompatibilit\u00e1s \u00e9s a megb\u00edzhat\u00f3s\u00e1g biztos\u00edt\u00e1sa hiteles cserealkatr\u00e9szekkel.<\/p>\n<p>&#8211; Teljesen tesztelt: Garant\u00e1ltan 100%-ban teljes k\u00f6r\u0171en tesztelt\u00e9k a megb\u00edzhat\u00f3s\u00e1got \u00e9s a teljes\u00edtm\u00e9nyt.<\/p>\n<p>&#8211; Fokozott teljes\u00edtm\u00e9ny: N\u00f6velje laptopja teljes\u00edtm\u00e9ny\u00e9t ezzel a kiv\u00e1l\u00f3 min\u0151s\u00e9g\u0171 alaplappal.<\/p>\n<p>&#8211; Kompatibilit\u00e1s: \u00dagy tervezt\u00e9k, hogy z\u00f6kken\u0151mentesen m\u0171k\u00f6dj\u00f6n a Dell Latitude 12 7204 E7204 laptopokkal.<\/p>\n<p>&#8211; DDR3 t\u00e1mogat\u00e1s: Kompatibilis a DDR3 mem\u00f3ri\u00e1val a g\u00f6rd\u00fcl\u00e9keny \u00e9s hat\u00e9kony m\u0171k\u00f6d\u00e9s \u00e9rdek\u00e9ben.<\/p>\n<p>Friss\u00edtse Dell Latitude 12 7204 E7204 laptopj\u00e1t m\u00e9g ma az eredeti alaplappal. V\u00e1s\u00e1roljon bizalommal, tudva, hogy min\u0151s\u00e9gi cserealkatr\u00e9szekbe fektet be k\u00e9sz\u00fcl\u00e9k\u00e9hez. Ha k\u00e9rd\u00e9se van, vagy seg\u00edts\u00e9gre van sz\u00fcks\u00e9ge, ne habozzon kapcsolatba l\u00e9pni vel\u00fcnk. Az\u00e9rt vagyunk itt, hogy seg\u00edts\u00fcnk laptopja teljes\u00edtm\u00e9ny\u00e9nek n\u00f6vel\u00e9s\u00e9ben.<\/p>\n","protected":false},"excerpt":{"rendered":"<p>Friss\u00edtse Dell Latitude 12 7204 E7204 laptopj\u00e1t ezzel az eredeti alaplappal. Kompatibilis a 6346H 06346H CN-06346H TW-06346H cikksz\u00e1mmal, megb\u00edzhat\u00f3s\u00e1g szempontj\u00e1b\u00f3l teljes k\u00f6r\u0171en tesztelt. N\u00f6velje laptopja teljes\u00edtm\u00e9ny\u00e9t m\u00e9g ma!<\/p>\n","protected":false},"featured_media":8179,"template":"","meta":[],"product_brand":[],"product_cat":[27],"product_tag":[17],"class_list":{"0":"post-8127","1":"product","2":"type-product","3":"status-publish","4":"has-post-thumbnail","6":"product_cat-motherboards-board-parts","7":"product_tag-dell","9":"first","10":"instock","11":"taxable","12":"shipping-taxable","13":"purchasable","14":"product-type-simple"},"_links":{"self":[{"href":"https:\/\/boreait.com\/hu\/wp-json\/wp\/v2\/product\/8127","targetHints":{"allow":["GET"]}}],"collection":[{"href":"https:\/\/boreait.com\/hu\/wp-json\/wp\/v2\/product"}],"about":[{"href":"https:\/\/boreait.com\/hu\/wp-json\/wp\/v2\/types\/product"}],"wp:featuredmedia":[{"embeddable":true,"href":"https:\/\/boreait.com\/hu\/wp-json\/wp\/v2\/media\/8179"}],"wp:attachment":[{"href":"https:\/\/boreait.com\/hu\/wp-json\/wp\/v2\/media?parent=8127"}],"wp:term":[{"taxonomy":"product_brand","embeddable":true,"href":"https:\/\/boreait.com\/hu\/wp-json\/wp\/v2\/product_brand?post=8127"},{"taxonomy":"product_cat","embeddable":true,"href":"https:\/\/boreait.com\/hu\/wp-json\/wp\/v2\/product_cat?post=8127"},{"taxonomy":"product_tag","embeddable":true,"href":"https:\/\/boreait.com\/hu\/wp-json\/wp\/v2\/product_tag?post=8127"}],"curies":[{"name":"wp","href":"https:\/\/api.w.org\/{rel}","templated":true}]}}