{"id":8126,"date":"2025-09-17T12:01:38","date_gmt":"2025-09-17T10:01:38","guid":{"rendered":"https:\/\/boreait.com\/hu\/?post_type=product&#038;p=8126"},"modified":"2025-09-17T12:02:21","modified_gmt":"2025-09-17T10:02:21","slug":"eredeti-dell-oem-latitude-rugged-7204-also-burkolat-k3n9v","status":"publish","type":"product","link":"https:\/\/boreait.com\/hu\/termek\/eredeti-dell-oem-latitude-rugged-7204-also-burkolat-k3n9v\/","title":{"rendered":"Eredeti Dell OEM Latitude Rugged 7204 als\u00f3 burkolat K3N9V"},"content":{"rendered":"<p>N\u00f6velje Dell Latitude Rugged 7204 laptopja tart\u00f3ss\u00e1g\u00e1t \u00e9s v\u00e9delm\u00e9t az eredeti OEM als\u00f3 burkolattal. Ez a kifejezetten strapab\u00edr\u00f3 haszn\u00e1latra k\u00e9sz\u00fclt burkolat tov\u00e1bbi v\u00e9delmet ny\u00fajt, \u00e9s biztos\u00edtja k\u00e9sz\u00fcl\u00e9ke hossz\u00fa \u00e9lettartam\u00e1t. Dell cikksz\u00e1m: K3N9V<\/p>\n<p>F\u0151bb jellemz\u0151k:<\/p>\n<p>&#8211; Eredeti Dell OEM csere: A kompatibilit\u00e1s \u00e9s a megb\u00edzhat\u00f3s\u00e1g biztos\u00edt\u00e1sa hiteles cserealkatr\u00e9szekkel.<\/p>\n<p>&#8211; K\u00f6nny\u0171 telep\u00edt\u00e9s: Egyszer\u0171 telep\u00edt\u00e9ssel k\u00f6nnyed\u00e9n n\u00f6velheti laptopja tart\u00f3ss\u00e1g\u00e1t.<\/p>\n<p>&#8211; Robusztus kialak\u00edt\u00e1s: \u00dagy tervezt\u00e9k, hogy ellen\u00e1lljon a neh\u00e9z k\u00f6r\u00fclm\u00e9nyeknek, \u00edgy tov\u00e1bbi v\u00e9delmet ny\u00fajt eszk\u00f6z\u00e9nek.<\/p>\n<p>&#8211; Fokozott tart\u00f3ss\u00e1g: N\u00f6velje laptopja \u00e9lettartam\u00e1t ezzel a tart\u00f3s als\u00f3 bor\u00edt\u00e1ssal.<\/p>\n<p>Friss\u00edtse Dell Latitude Rugged 7204 laptopj\u00e1t m\u00e9g ma az eredeti OEM als\u00f3 burkolattal. V\u00e1s\u00e1roljon bizalommal, tudva, hogy min\u0151s\u00e9gi cserealkatr\u00e9szekbe fektet be k\u00e9sz\u00fcl\u00e9k\u00e9hez. Ha k\u00e9rd\u00e9se van, vagy seg\u00edts\u00e9gre van sz\u00fcks\u00e9ge, ne habozzon kapcsolatba l\u00e9pni vel\u00fcnk. Az\u00e9rt vagyunk itt, hogy seg\u00edts\u00fcnk k\u00e9sz\u00fcl\u00e9ke tart\u00f3ss\u00e1g\u00e1nak n\u00f6vel\u00e9s\u00e9ben.<\/p>\n","protected":false},"excerpt":{"rendered":"<p>N\u00f6velje Dell Latitude Rugged 7204 tart\u00f3ss\u00e1g\u00e1t ezzel az eredeti OEM als\u00f3 bor\u00edt\u00f3val. K\u00f6nnyen felszerelhet\u0151 \u00e9s strapab\u00edr\u00f3 haszn\u00e1latra k\u00e9sz\u00fclt, ez a burkolat v\u00e9delmet ny\u00fajt k\u00e9sz\u00fcl\u00e9ke sz\u00e1m\u00e1ra. N\u00f6velje laptopja tart\u00f3ss\u00e1g\u00e1t m\u00e9g ma!<\/p>\n","protected":false},"featured_media":8177,"template":"","meta":[],"product_brand":[],"product_cat":[16],"product_tag":[17],"class_list":{"0":"post-8126","1":"product","2":"type-product","3":"status-publish","4":"has-post-thumbnail","6":"product_cat-laptop-housing","7":"product_tag-dell","9":"first","10":"instock","11":"taxable","12":"shipping-taxable","13":"purchasable","14":"product-type-simple"},"_links":{"self":[{"href":"https:\/\/boreait.com\/hu\/wp-json\/wp\/v2\/product\/8126","targetHints":{"allow":["GET"]}}],"collection":[{"href":"https:\/\/boreait.com\/hu\/wp-json\/wp\/v2\/product"}],"about":[{"href":"https:\/\/boreait.com\/hu\/wp-json\/wp\/v2\/types\/product"}],"wp:featuredmedia":[{"embeddable":true,"href":"https:\/\/boreait.com\/hu\/wp-json\/wp\/v2\/media\/8177"}],"wp:attachment":[{"href":"https:\/\/boreait.com\/hu\/wp-json\/wp\/v2\/media?parent=8126"}],"wp:term":[{"taxonomy":"product_brand","embeddable":true,"href":"https:\/\/boreait.com\/hu\/wp-json\/wp\/v2\/product_brand?post=8126"},{"taxonomy":"product_cat","embeddable":true,"href":"https:\/\/boreait.com\/hu\/wp-json\/wp\/v2\/product_cat?post=8126"},{"taxonomy":"product_tag","embeddable":true,"href":"https:\/\/boreait.com\/hu\/wp-json\/wp\/v2\/product_tag?post=8126"}],"curies":[{"name":"wp","href":"https:\/\/api.w.org\/{rel}","templated":true}]}}