{"id":8103,"date":"2025-09-17T12:01:13","date_gmt":"2025-09-17T10:01:13","guid":{"rendered":"https:\/\/boreait.com\/hu\/?post_type=product&#038;p=8103"},"modified":"2026-01-27T11:01:33","modified_gmt":"2026-01-27T10:01:33","slug":"oem-dell-latitude-12-rugged-extreme-7204-7214-ush-kb-junction-board-hua01-ytgdr","status":"publish","type":"product","link":"https:\/\/boreait.com\/hu\/termek\/oem-dell-latitude-12-rugged-extreme-7204-7214-ush-kb-junction-board-hua01-ytgdr\/","title":{"rendered":"OEM Dell Latitude 12 Rugged Extreme 7204 7214 USH KB Junction Board HUA01 YTGDR"},"content":{"rendered":"<p>Fokozza Dell Latitude 12 Rugged Extreme 7204 7214 funkcionalit\u00e1s\u00e1t a HUA01 YTGDR cikksz\u00e1m\u00fa eredeti USH KB Junction Board seg\u00edts\u00e9g\u00e9vel. A kompatibilit\u00e1s \u00e9s a megb\u00edzhat\u00f3s\u00e1g jegy\u00e9ben k\u00e9sz\u00fclt, ez az eredeti cserealkatr\u00e9sz z\u00f6kken\u0151mentes integr\u00e1ci\u00f3t \u00e9s megb\u00edzhat\u00f3 teljes\u00edtm\u00e9nyt biztos\u00edt.<\/p>\n<p>F\u0151bb jellemz\u0151k:<\/p>\n<p>&#8211; Eredeti Dell csere: A kompatibilit\u00e1s \u00e9s a megb\u00edzhat\u00f3s\u00e1g biztos\u00edt\u00e1sa hiteles cserealkatr\u00e9szekkel.<\/p>\n<p>&#8211; K\u00f6nny\u0171 telep\u00edt\u00e9s: Egyszer\u0171 telep\u00edt\u00e9ssel k\u00f6nnyed\u00e9n friss\u00edtheti eszk\u00f6ze funkci\u00f3it.<\/p>\n<p>&#8211; Az eszk\u00f6z tov\u00e1bbfejlesztett funkcionalit\u00e1sa: Ezzel az eredeti cserealkatr\u00e9szrel jav\u00edthatja laptopja funkcionalit\u00e1s\u00e1t.<\/p>\n<p>&#8211; Tart\u00f3s konstrukci\u00f3: \u00dagy tervezt\u00e9k, hogy ellen\u00e1lljon a massz\u00edv haszn\u00e1latnak, \u00edgy biztos\u00edtva a hossz\u00fa \u00e9lettartamot \u00e9s a megb\u00edzhat\u00f3s\u00e1got.<\/p>\n<p>Friss\u00edtse Dell Latitude 12 Rugged Extreme 7204 7214 k\u00e9sz\u00fcl\u00e9k\u00e9t m\u00e9g ma az eredeti USH KB Junction Board seg\u00edts\u00e9g\u00e9vel. V\u00e1s\u00e1roljon bizalommal, tudva, hogy min\u0151s\u00e9gi cserealkatr\u00e9szekbe fektet be k\u00e9sz\u00fcl\u00e9k\u00e9hez. Ha k\u00e9rd\u00e9se van, vagy seg\u00edts\u00e9gre van sz\u00fcks\u00e9ge, ne habozzon kapcsolatba l\u00e9pni vel\u00fcnk. Az\u00e9rt vagyunk itt, hogy seg\u00edts\u00fcnk eszk\u00f6ze funkcionalit\u00e1s\u00e1nak jav\u00edt\u00e1s\u00e1ban.<\/p>\n","protected":false},"excerpt":{"rendered":"<p>Friss\u00edtse Dell Latitude 12 Rugged Extreme 7204 7214 k\u00e9sz\u00fcl\u00e9k\u00e9t ezzel az eredeti USH KB csatlakoz\u00f3k\u00e1rty\u00e1val. K\u00f6nnyen telep\u00edthet\u0151 \u00e9s kompatibilis a HUA01 YTGDR cikksz\u00e1mmal. Fokozza eszk\u00f6ze funkcionalit\u00e1s\u00e1t m\u00e9g ma!<\/p>\n","protected":false},"featured_media":8154,"template":"","meta":[],"product_brand":[],"product_cat":[27],"product_tag":[17],"class_list":{"0":"post-8103","1":"product","2":"type-product","3":"status-publish","4":"has-post-thumbnail","6":"product_cat-motherboards-board-parts","7":"product_tag-dell","9":"first","10":"instock","11":"taxable","12":"shipping-taxable","13":"purchasable","14":"product-type-simple"},"_links":{"self":[{"href":"https:\/\/boreait.com\/hu\/wp-json\/wp\/v2\/product\/8103","targetHints":{"allow":["GET"]}}],"collection":[{"href":"https:\/\/boreait.com\/hu\/wp-json\/wp\/v2\/product"}],"about":[{"href":"https:\/\/boreait.com\/hu\/wp-json\/wp\/v2\/types\/product"}],"wp:featuredmedia":[{"embeddable":true,"href":"https:\/\/boreait.com\/hu\/wp-json\/wp\/v2\/media\/8154"}],"wp:attachment":[{"href":"https:\/\/boreait.com\/hu\/wp-json\/wp\/v2\/media?parent=8103"}],"wp:term":[{"taxonomy":"product_brand","embeddable":true,"href":"https:\/\/boreait.com\/hu\/wp-json\/wp\/v2\/product_brand?post=8103"},{"taxonomy":"product_cat","embeddable":true,"href":"https:\/\/boreait.com\/hu\/wp-json\/wp\/v2\/product_cat?post=8103"},{"taxonomy":"product_tag","embeddable":true,"href":"https:\/\/boreait.com\/hu\/wp-json\/wp\/v2\/product_tag?post=8103"}],"curies":[{"name":"wp","href":"https:\/\/api.w.org\/{rel}","templated":true}]}}