{"id":8099,"date":"2025-09-17T12:01:11","date_gmt":"2025-09-17T10:01:11","guid":{"rendered":"https:\/\/boreait.com\/hu\/?post_type=product&#038;p=8099"},"modified":"2025-09-17T12:01:54","modified_gmt":"2025-09-17T10:01:54","slug":"sarok-kepernyokeret-hatso-bal-oldali-gumi-a-dell-latitude-12-rugged-extreme-7204-hez-3","status":"publish","type":"product","link":"https:\/\/boreait.com\/hu\/termek\/sarok-kepernyokeret-hatso-bal-oldali-gumi-a-dell-latitude-12-rugged-extreme-7204-hez-3\/","title":{"rendered":"Sarok k\u00e9perny\u0151keret h\u00e1ts\u00f3 bal oldali gumi a Dell Latitude 12 Rugged Extreme 7204-hez"},"content":{"rendered":"<p>N\u00f6velje Dell Latitude 12 Rugged Extreme 7204 tart\u00f3ss\u00e1g\u00e1t az eredeti sarok k\u00e9perny\u0151kerettel, h\u00e1ts\u00f3 bal oldali gumival. Ez a prec\u00edz \u00e9s megb\u00edzhat\u00f3 cserealkatr\u00e9sz egyszer\u0171 telep\u00edt\u00e9st \u00e9s szoros illeszked\u00e9st biztos\u00edt a k\u00e9sz\u00fcl\u00e9k k\u00e9perny\u0151j\u00e9nek v\u00e9delme \u00e9rdek\u00e9ben.<\/p>\n<p>F\u0151bb jellemz\u0151k:<\/p>\n<p>&#8211; Eredeti Dell csere: A kompatibilit\u00e1s \u00e9s a megb\u00edzhat\u00f3s\u00e1g biztos\u00edt\u00e1sa hiteles cserealkatr\u00e9szekkel.<\/p>\n<p>&#8211; K\u00f6nny\u0171 telep\u00edt\u00e9s: A jobb tart\u00f3ss\u00e1g \u00e9rdek\u00e9ben k\u00f6nnyed\u00e9n cser\u00e9lje ki a bal h\u00e1ts\u00f3 k\u00e9perny\u0151keret gumij\u00e1t.<\/p>\n<p>&#8211; Fokozott tart\u00f3ss\u00e1g: Ezzel az er\u0151s gumir\u00e9sszel \u00f3vja meg Dell Latitude 12 Rugged Extreme 7204 k\u00e9perny\u0151j\u00e9t a s\u00e9r\u00fcl\u00e9sekt\u0151l.<\/p>\n<p>Friss\u00edtse eszk\u00f6z\u00e9t m\u00e9g ma az eredeti sarok k\u00e9perny\u0151kerettel, bal h\u00e1ts\u00f3 gumival. V\u00e1s\u00e1roljon bizalommal, tudva, hogy min\u0151s\u00e9gi cserealkatr\u00e9szt fektet be Dell Latitude 12 Rugged Extreme 7204 k\u00e9sz\u00fcl\u00e9k\u00e9hez. Ha k\u00e9rd\u00e9se van, vagy seg\u00edts\u00e9gre van sz\u00fcks\u00e9ge, ne habozzon kapcsolatba l\u00e9pni vel\u00fcnk. Az\u00e9rt vagyunk itt, hogy seg\u00edts\u00fcnk k\u00e9sz\u00fcl\u00e9ke tart\u00f3ss\u00e1g\u00e1nak n\u00f6vel\u00e9s\u00e9ben.<\/p>\n","protected":false},"excerpt":{"rendered":"<p>Cser\u00e9lje ki a Dell Latitude 12 Rugged Extreme 7204 k\u00e9perny\u0151keret bal h\u00e1ts\u00f3 sark\u00e1nak gumij\u00e1t a jobb tart\u00f3ss\u00e1g \u00e9rdek\u00e9ben. Eredeti cserealkatr\u00e9sz, amelyet az egyszer\u0171 telep\u00edt\u00e9shez terveztek.<\/p>\n","protected":false},"featured_media":8149,"template":"","meta":[],"product_brand":[],"product_cat":[16],"product_tag":[17],"class_list":{"0":"post-8099","1":"product","2":"type-product","3":"status-publish","4":"has-post-thumbnail","6":"product_cat-laptop-housing","7":"product_tag-dell","9":"first","10":"instock","11":"taxable","12":"shipping-taxable","13":"purchasable","14":"product-type-simple"},"_links":{"self":[{"href":"https:\/\/boreait.com\/hu\/wp-json\/wp\/v2\/product\/8099","targetHints":{"allow":["GET"]}}],"collection":[{"href":"https:\/\/boreait.com\/hu\/wp-json\/wp\/v2\/product"}],"about":[{"href":"https:\/\/boreait.com\/hu\/wp-json\/wp\/v2\/types\/product"}],"wp:featuredmedia":[{"embeddable":true,"href":"https:\/\/boreait.com\/hu\/wp-json\/wp\/v2\/media\/8149"}],"wp:attachment":[{"href":"https:\/\/boreait.com\/hu\/wp-json\/wp\/v2\/media?parent=8099"}],"wp:term":[{"taxonomy":"product_brand","embeddable":true,"href":"https:\/\/boreait.com\/hu\/wp-json\/wp\/v2\/product_brand?post=8099"},{"taxonomy":"product_cat","embeddable":true,"href":"https:\/\/boreait.com\/hu\/wp-json\/wp\/v2\/product_cat?post=8099"},{"taxonomy":"product_tag","embeddable":true,"href":"https:\/\/boreait.com\/hu\/wp-json\/wp\/v2\/product_tag?post=8099"}],"curies":[{"name":"wp","href":"https:\/\/api.w.org\/{rel}","templated":true}]}}