{"id":8097,"date":"2025-09-17T12:01:11","date_gmt":"2025-09-17T10:01:11","guid":{"rendered":"https:\/\/boreait.com\/hu\/?post_type=product&#038;p=8097"},"modified":"2025-09-17T12:01:52","modified_gmt":"2025-09-17T10:01:52","slug":"sarok-kepernyokeret-jobb-elso-gumi-a-dell-latitude-12-rugged-extreme-7204-hez-3","status":"publish","type":"product","link":"https:\/\/boreait.com\/hu\/termek\/sarok-kepernyokeret-jobb-elso-gumi-a-dell-latitude-12-rugged-extreme-7204-hez-3\/","title":{"rendered":"sarok k\u00e9perny\u0151keret jobb els\u0151 gumi a Dell Latitude 12 Rugged extreme 7204-hez"},"content":{"rendered":"<p>N\u00f6velje Dell Latitude 12 Rugged Extreme 7204 laptopja tart\u00f3ss\u00e1g\u00e1t az\u00e1ltal, hogy a jobb els\u0151 gumi sarok k\u00e9perny\u0151keretet erre az eredeti cserealkatr\u00e9szre cser\u00e9li. A prec\u00edz illeszked\u00e9sre \u00e9s megb\u00edzhat\u00f3 teljes\u00edtm\u00e9nyre kialak\u00edtott gumikeret fokozott v\u00e9delmet ny\u00fajt az \u00fct\u00e9sek \u00e9s \u00fct\u00e9sek ellen.<\/p>\n<p>F\u0151bb jellemz\u0151k:<\/p>\n<p>&#8211; Eredeti Dell csere: A kompatibilit\u00e1s \u00e9s a megb\u00edzhat\u00f3s\u00e1g biztos\u00edt\u00e1sa hiteles cserealkatr\u00e9szekkel.<\/p>\n<p>&#8211; J\u00f3l illeszked\u0151: \u00dagy tervezt\u00e9k, hogy z\u00f6kken\u0151mentesen illeszkedjen a Dell Latitude 12 Rugged Extreme 7204-hez a fokozott v\u00e9delem \u00e9rdek\u00e9ben.<\/p>\n<p>&#8211; Tart\u00f3s konstrukci\u00f3: Kiv\u00e1l\u00f3 min\u0151s\u00e9g\u0171 gumi anyagb\u00f3l k\u00e9sz\u00fclt, hogy ellen\u00e1lljon a massz\u00edv haszn\u00e1latnak.<\/p>\n<p>&#8211; K\u00f6nny\u0171 telep\u00edt\u00e9s: Egyszer\u0171en cser\u00e9lje ki a jobb els\u0151 gumi sarok k\u00e9perny\u0151keretet, nincs sz\u00fcks\u00e9g szakmai seg\u00edts\u00e9gre.<\/p>\n<p>Friss\u00edtse Dell Latitude 12 Rugged Extreme 7204 laptopj\u00e1t m\u00e9g ma az eredeti jobb els\u0151 gumi sarok k\u00e9perny\u0151kerettel. V\u00e1s\u00e1roljon bizalommal, tudva, hogy min\u0151s\u00e9gi cserealkatr\u00e9szekbe fektet be k\u00e9sz\u00fcl\u00e9k\u00e9hez. Ha k\u00e9rd\u00e9se van, vagy seg\u00edts\u00e9gre van sz\u00fcks\u00e9ge, ne habozzon kapcsolatba l\u00e9pni vel\u00fcnk. Az\u00e9rt vagyunk itt, hogy seg\u00edts\u00fcnk k\u00e9sz\u00fcl\u00e9ke tart\u00f3ss\u00e1g\u00e1nak n\u00f6vel\u00e9s\u00e9ben.<\/p>\n","protected":false},"excerpt":{"rendered":"<p>Cser\u00e9lje ki a Dell Latitude 12 Rugged Extreme 7204 jobb els\u0151 gumi sarok k\u00e9perny\u0151keret\u00e9t a nagyobb tart\u00f3ss\u00e1g \u00e9rdek\u00e9ben. Gy\u0151z\u0151dj\u00f6n meg r\u00f3la, hogy ez az eredeti cserealkatr\u00e9sz j\u00f3l illeszkedik. Friss\u00edtse laptopja v\u00e9delm\u00e9t m\u00e9g ma!<\/p>\n","protected":false},"featured_media":8147,"template":"","meta":[],"product_brand":[],"product_cat":[16],"product_tag":[17],"class_list":{"0":"post-8097","1":"product","2":"type-product","3":"status-publish","4":"has-post-thumbnail","6":"product_cat-laptop-housing","7":"product_tag-dell","9":"first","10":"instock","11":"taxable","12":"shipping-taxable","13":"purchasable","14":"product-type-simple"},"_links":{"self":[{"href":"https:\/\/boreait.com\/hu\/wp-json\/wp\/v2\/product\/8097","targetHints":{"allow":["GET"]}}],"collection":[{"href":"https:\/\/boreait.com\/hu\/wp-json\/wp\/v2\/product"}],"about":[{"href":"https:\/\/boreait.com\/hu\/wp-json\/wp\/v2\/types\/product"}],"wp:featuredmedia":[{"embeddable":true,"href":"https:\/\/boreait.com\/hu\/wp-json\/wp\/v2\/media\/8147"}],"wp:attachment":[{"href":"https:\/\/boreait.com\/hu\/wp-json\/wp\/v2\/media?parent=8097"}],"wp:term":[{"taxonomy":"product_brand","embeddable":true,"href":"https:\/\/boreait.com\/hu\/wp-json\/wp\/v2\/product_brand?post=8097"},{"taxonomy":"product_cat","embeddable":true,"href":"https:\/\/boreait.com\/hu\/wp-json\/wp\/v2\/product_cat?post=8097"},{"taxonomy":"product_tag","embeddable":true,"href":"https:\/\/boreait.com\/hu\/wp-json\/wp\/v2\/product_tag?post=8097"}],"curies":[{"name":"wp","href":"https:\/\/api.w.org\/{rel}","templated":true}]}}