{"id":8095,"date":"2025-09-17T12:01:10","date_gmt":"2025-09-17T10:01:10","guid":{"rendered":"https:\/\/boreait.com\/hu\/?post_type=product&#038;p=8095"},"modified":"2026-01-27T11:01:19","modified_gmt":"2026-01-27T10:01:19","slug":"eredeti-dell-latitude-12-rugged-extreme-7204-sarok-elso-jobb-oldali-gumicsere","status":"publish","type":"product","link":"https:\/\/boreait.com\/hu\/termek\/eredeti-dell-latitude-12-rugged-extreme-7204-sarok-elso-jobb-oldali-gumicsere\/","title":{"rendered":"Eredeti Dell Latitude 12 Rugged Extreme 7204 sarok els\u0151 jobb oldali gumicsere"},"content":{"rendered":"<p>N\u00f6velje Dell Latitude 12 Rugged Extreme 7204 tart\u00f3ss\u00e1g\u00e1t \u00e9s v\u00e9delm\u00e9t az eredeti jobb els\u0151 sarokgumi cser\u00e9vel. Ez a prec\u00edz \u00e9s megb\u00edzhat\u00f3 cserealkatr\u00e9sz biztos\u00edtja a megfelel\u0151 illeszked\u00e9st \u00e9s funkcionalit\u00e1st.<\/p>\n<p>F\u0151bb jellemz\u0151k:<\/p>\n<p>&#8211; Eredeti Dell csere: A kompatibilit\u00e1s \u00e9s a megb\u00edzhat\u00f3s\u00e1g biztos\u00edt\u00e1sa hiteles cserealkatr\u00e9szekkel.<\/p>\n<p>&#8211; Fokozott v\u00e9delem: Ezzel a tart\u00f3s gumisarokkal \u00f3vja meg eszk\u00f6z\u00e9t az \u00fct\u00e9sekt\u0151l \u00e9s \u00fct\u00e9sekt\u0151l.<\/p>\n<p>&#8211; K\u00f6nny\u0171 telep\u00edt\u00e9s: K\u00f6nnyed\u00e9n cser\u00e9lje ki a jobb els\u0151 sarok gumij\u00e1t an\u00e9lk\u00fcl, hogy szakember seg\u00edts\u00e9g\u00e9re lenne sz\u00fcks\u00e9ge.<\/p>\n<p>&#8211; Prec\u00edzi\u00f3s kivitelez\u00e9s: Kifejezetten a Dell Latitude 12 Rugged Extreme 7204-hez tervezt\u00e9k, t\u00f6k\u00e9letes illeszked\u00e9st biztos\u00edtva.<\/p>\n<p>Friss\u00edtse Dell Latitude 12 Rugged Extreme 7204 k\u00e9sz\u00fcl\u00e9k\u00e9t m\u00e9g ma az eredeti jobb els\u0151 sarokgumi cser\u00e9vel. V\u00e1s\u00e1roljon bizalommal, tudva, hogy min\u0151s\u00e9gi cserealkatr\u00e9szekbe fektet be k\u00e9sz\u00fcl\u00e9k\u00e9hez. Ha k\u00e9rd\u00e9se van, vagy seg\u00edts\u00e9gre van sz\u00fcks\u00e9ge, ne habozzon kapcsolatba l\u00e9pni vel\u00fcnk. Az\u00e9rt vagyunk itt, hogy seg\u00edts\u00fcnk eszk\u00f6ze tart\u00f3ss\u00e1g\u00e1nak \u00e9s funkcionalit\u00e1s\u00e1nak n\u00f6vel\u00e9s\u00e9ben.<\/p>\n","protected":false},"excerpt":{"rendered":"<p>Cser\u00e9lje ki a Dell Latitude 12 Rugged Extreme 7204 jobb els\u0151 sark\u00e1nak gumij\u00e1t erre az eredeti cserealkatr\u00e9szre. Biztos\u00edtsa k\u00e9sz\u00fcl\u00e9ke megfelel\u0151 v\u00e9delm\u00e9t \u00e9s tart\u00f3ss\u00e1g\u00e1t. Friss\u00edtsen most!<\/p>\n","protected":false},"featured_media":8145,"template":"","meta":[],"product_brand":[],"product_cat":[16],"product_tag":[17],"class_list":{"0":"post-8095","1":"product","2":"type-product","3":"status-publish","4":"has-post-thumbnail","6":"product_cat-laptop-housing","7":"product_tag-dell","9":"first","10":"instock","11":"taxable","12":"shipping-taxable","13":"purchasable","14":"product-type-simple"},"_links":{"self":[{"href":"https:\/\/boreait.com\/hu\/wp-json\/wp\/v2\/product\/8095","targetHints":{"allow":["GET"]}}],"collection":[{"href":"https:\/\/boreait.com\/hu\/wp-json\/wp\/v2\/product"}],"about":[{"href":"https:\/\/boreait.com\/hu\/wp-json\/wp\/v2\/types\/product"}],"wp:featuredmedia":[{"embeddable":true,"href":"https:\/\/boreait.com\/hu\/wp-json\/wp\/v2\/media\/8145"}],"wp:attachment":[{"href":"https:\/\/boreait.com\/hu\/wp-json\/wp\/v2\/media?parent=8095"}],"wp:term":[{"taxonomy":"product_brand","embeddable":true,"href":"https:\/\/boreait.com\/hu\/wp-json\/wp\/v2\/product_brand?post=8095"},{"taxonomy":"product_cat","embeddable":true,"href":"https:\/\/boreait.com\/hu\/wp-json\/wp\/v2\/product_cat?post=8095"},{"taxonomy":"product_tag","embeddable":true,"href":"https:\/\/boreait.com\/hu\/wp-json\/wp\/v2\/product_tag?post=8095"}],"curies":[{"name":"wp","href":"https:\/\/api.w.org\/{rel}","templated":true}]}}