{"id":8094,"date":"2025-09-17T12:01:09","date_gmt":"2025-09-17T10:01:09","guid":{"rendered":"https:\/\/boreait.com\/hu\/?post_type=product&#038;p=8094"},"modified":"2025-09-17T12:01:50","modified_gmt":"2025-09-17T10:01:50","slug":"bal-elso-sarok-gumi-a-dell-latitude-12-rugged-extreme-7204-hez-2","status":"publish","type":"product","link":"https:\/\/boreait.com\/hu\/termek\/bal-elso-sarok-gumi-a-dell-latitude-12-rugged-extreme-7204-hez-2\/","title":{"rendered":"Bal els\u0151 sarok gumi a Dell Latitude 12 Rugged Extreme 7204-hez"},"content":{"rendered":"<p>N\u00f6velje Dell Latitude 12 Rugged Extreme 7204 tart\u00f3ss\u00e1g\u00e1t a csere sarok els\u0151 bal oldali gumival. A pontoss\u00e1gra \u00e9s tart\u00f3ss\u00e1gra tervezett eredeti Dell cserealkatr\u00e9sz biztos\u00edtja a megfelel\u0151 illeszked\u00e9st \u00e9s funkcionalit\u00e1st.<\/p>\n<p>F\u0151bb jellemz\u0151k:<\/p>\n<p>&#8211; Eredeti Dell csere: A kompatibilit\u00e1s \u00e9s a megb\u00edzhat\u00f3s\u00e1g biztos\u00edt\u00e1sa hiteles cserealkatr\u00e9szekkel.<\/p>\n<p>&#8211; Fokozott tart\u00f3ss\u00e1g: Ezzel a strapab\u00edr\u00f3 gumisarokkal megv\u00e9dheti robusztus laptopj\u00e1t a s\u00e9r\u00fcl\u00e9sekt\u0151l.<\/p>\n<p>&#8211; K\u00f6nny\u0171 telep\u00edt\u00e9s: K\u00f6nnyed\u00e9n cser\u00e9lje ki a sarok els\u0151 bal oldali gumit, egyszer\u0171 telep\u00edt\u00e9ssel.<\/p>\n<p>&#8211; Kompatibilit\u00e1s: kifejezetten a Dell Latitude 12 Rugged Extreme 7204-hez tervezt\u00e9k a z\u00f6kken\u0151mentes integr\u00e1ci\u00f3 \u00e9rdek\u00e9ben.<\/p>\n<p>Friss\u00edtse Dell Latitude 12 Rugged Extreme 7204 k\u00e9sz\u00fcl\u00e9k\u00e9t m\u00e9g ma az eredeti bal els\u0151 sarokgumival. V\u00e1s\u00e1roljon bizalommal, tudva, hogy strapab\u00edr\u00f3 laptopja min\u0151s\u00e9gi cserealkatr\u00e9sz\u00e9be fektet be. Ha k\u00e9rd\u00e9se van, vagy seg\u00edts\u00e9gre van sz\u00fcks\u00e9ge, ne habozzon kapcsolatba l\u00e9pni vel\u00fcnk. Az\u00e9rt vagyunk itt, hogy seg\u00edts\u00fcnk eszk\u00f6ze tart\u00f3ss\u00e1g\u00e1nak \u00e9s funkcionalit\u00e1s\u00e1nak n\u00f6vel\u00e9s\u00e9ben.<\/p>\n","protected":false},"excerpt":{"rendered":"<p>Cser\u00e9lje ki a Dell Latitude 12 Rugged Extreme 7204 bal els\u0151 sarokgumij\u00e1t a nagyobb tart\u00f3ss\u00e1g \u00e9rdek\u00e9ben. Az eredeti Dell cserealkatr\u00e9sz biztos\u00edtja a megfelel\u0151 illeszked\u00e9st \u00e9s m\u0171k\u00f6d\u00e9st. Friss\u00edtse robusztus laptopj\u00e1t m\u00e9g ma!<\/p>\n","protected":false},"featured_media":8144,"template":"","meta":[],"product_brand":[],"product_cat":[16],"product_tag":[17],"class_list":{"0":"post-8094","1":"product","2":"type-product","3":"status-publish","4":"has-post-thumbnail","6":"product_cat-laptop-housing","7":"product_tag-dell","9":"first","10":"instock","11":"taxable","12":"shipping-taxable","13":"purchasable","14":"product-type-simple"},"_links":{"self":[{"href":"https:\/\/boreait.com\/hu\/wp-json\/wp\/v2\/product\/8094","targetHints":{"allow":["GET"]}}],"collection":[{"href":"https:\/\/boreait.com\/hu\/wp-json\/wp\/v2\/product"}],"about":[{"href":"https:\/\/boreait.com\/hu\/wp-json\/wp\/v2\/types\/product"}],"wp:featuredmedia":[{"embeddable":true,"href":"https:\/\/boreait.com\/hu\/wp-json\/wp\/v2\/media\/8144"}],"wp:attachment":[{"href":"https:\/\/boreait.com\/hu\/wp-json\/wp\/v2\/media?parent=8094"}],"wp:term":[{"taxonomy":"product_brand","embeddable":true,"href":"https:\/\/boreait.com\/hu\/wp-json\/wp\/v2\/product_brand?post=8094"},{"taxonomy":"product_cat","embeddable":true,"href":"https:\/\/boreait.com\/hu\/wp-json\/wp\/v2\/product_cat?post=8094"},{"taxonomy":"product_tag","embeddable":true,"href":"https:\/\/boreait.com\/hu\/wp-json\/wp\/v2\/product_tag?post=8094"}],"curies":[{"name":"wp","href":"https:\/\/api.w.org\/{rel}","templated":true}]}}