{"id":8093,"date":"2025-09-17T12:01:09","date_gmt":"2025-09-17T10:01:09","guid":{"rendered":"https:\/\/boreait.com\/hu\/?post_type=product&#038;p=8093"},"modified":"2025-09-17T12:01:49","modified_gmt":"2025-09-17T10:01:49","slug":"eredeti-dell-latitude-12-rugged-extreme-7204-sarok-hatso-jobb-gumi-2","status":"publish","type":"product","link":"https:\/\/boreait.com\/hu\/termek\/eredeti-dell-latitude-12-rugged-extreme-7204-sarok-hatso-jobb-gumi-2\/","title":{"rendered":"Eredeti Dell Latitude 12 Rugged Extreme 7204 sarok h\u00e1ts\u00f3 jobb gumi"},"content":{"rendered":"<p>V\u00e9dje \u00e9s er\u0151s\u00edtse meg Dell Latitude 12 Rugged Extreme 7204 k\u00e9sz\u00fcl\u00e9k\u00e9t az eredeti Corner Back Right gumival. A tart\u00f3ss\u00e1g \u00e9s a kompatibilit\u00e1s jegy\u00e9ben k\u00e9sz\u00fclt, ez az eredeti cserealkatr\u00e9sz megb\u00edzhat\u00f3 teljes\u00edtm\u00e9nyt \u00e9s egyszer\u0171 telep\u00edt\u00e9st biztos\u00edt.<\/p>\n<p>F\u0151bb jellemz\u0151k:<\/p>\n<p>&#8211; Eredeti Dell csere: A kompatibilit\u00e1s \u00e9s a megb\u00edzhat\u00f3s\u00e1g biztos\u00edt\u00e1sa hiteles cserealkatr\u00e9szekkel.<\/p>\n<p>&#8211; K\u00f6nny\u0171 telep\u00edt\u00e9s: Egyszer\u0171 telep\u00edt\u00e9ssel k\u00f6nnyed\u00e9n friss\u00edtheti eszk\u00f6ze v\u00e9delm\u00e9t.<\/p>\n<p>&#8211; Fokozott tart\u00f3ss\u00e1g: Er\u0151s\u00edtse meg laptopja sarkait a nagyobb robusztuss\u00e1g \u00e9s hossz\u00fa \u00e9lettartam \u00e9rdek\u00e9ben.<\/p>\n<p>&#8211; Egyedi illeszked\u00e9s: Kifejezetten a Dell Latitude 12 Rugged Extreme 7204-hez tervezt\u00e9k, t\u00f6k\u00e9letes illeszked\u00e9st \u00e9s megb\u00edzhat\u00f3 teljes\u00edtm\u00e9nyt biztos\u00edtva.<\/p>\n<p>Friss\u00edtse Dell Latitude 12 Rugged Extreme 7204 k\u00e9sz\u00fcl\u00e9k\u00e9t m\u00e9g ma az eredeti Corner Back Right gumival. V\u00e1s\u00e1roljon bizalommal, tudva, hogy min\u0151s\u00e9gi cserealkatr\u00e9szekbe fektet be k\u00e9sz\u00fcl\u00e9k\u00e9hez. Ha k\u00e9rd\u00e9se van, vagy seg\u00edts\u00e9gre van sz\u00fcks\u00e9ge, ne habozzon kapcsolatba l\u00e9pni vel\u00fcnk. Az\u00e9rt vagyunk itt, hogy seg\u00edts\u00fcnk k\u00e9sz\u00fcl\u00e9ke tart\u00f3ss\u00e1g\u00e1nak n\u00f6vel\u00e9s\u00e9ben.<\/p>\n","protected":false},"excerpt":{"rendered":"<p>N\u00f6velje Dell Latitude 12 Rugged Extreme 7204 tart\u00f3ss\u00e1g\u00e1t ezzel az eredeti jobb oldali sarokgumival. K\u00f6nnyen telep\u00edthet\u0151 \u00e9s kifejezetten az \u00d6n k\u00e9sz\u00fcl\u00e9k\u00e9hez k\u00e9sz\u00fclt. Friss\u00edtse laptopja v\u00e9delm\u00e9t m\u00e9g ma!<\/p>\n","protected":false},"featured_media":8143,"template":"","meta":[],"product_brand":[],"product_cat":[16],"product_tag":[17],"class_list":{"0":"post-8093","1":"product","2":"type-product","3":"status-publish","4":"has-post-thumbnail","6":"product_cat-laptop-housing","7":"product_tag-dell","9":"first","10":"instock","11":"taxable","12":"shipping-taxable","13":"purchasable","14":"product-type-simple"},"_links":{"self":[{"href":"https:\/\/boreait.com\/hu\/wp-json\/wp\/v2\/product\/8093","targetHints":{"allow":["GET"]}}],"collection":[{"href":"https:\/\/boreait.com\/hu\/wp-json\/wp\/v2\/product"}],"about":[{"href":"https:\/\/boreait.com\/hu\/wp-json\/wp\/v2\/types\/product"}],"wp:featuredmedia":[{"embeddable":true,"href":"https:\/\/boreait.com\/hu\/wp-json\/wp\/v2\/media\/8143"}],"wp:attachment":[{"href":"https:\/\/boreait.com\/hu\/wp-json\/wp\/v2\/media?parent=8093"}],"wp:term":[{"taxonomy":"product_brand","embeddable":true,"href":"https:\/\/boreait.com\/hu\/wp-json\/wp\/v2\/product_brand?post=8093"},{"taxonomy":"product_cat","embeddable":true,"href":"https:\/\/boreait.com\/hu\/wp-json\/wp\/v2\/product_cat?post=8093"},{"taxonomy":"product_tag","embeddable":true,"href":"https:\/\/boreait.com\/hu\/wp-json\/wp\/v2\/product_tag?post=8093"}],"curies":[{"name":"wp","href":"https:\/\/api.w.org\/{rel}","templated":true}]}}