{"id":8092,"date":"2025-09-17T12:01:09","date_gmt":"2025-09-17T10:01:09","guid":{"rendered":"https:\/\/boreait.com\/hu\/?post_type=product&#038;p=8092"},"modified":"2025-09-17T12:01:48","modified_gmt":"2025-09-17T10:01:48","slug":"sarok-hatul-bal-oldali-gumi-a-dell-latitude-12-rugged-extreme-7204-hez","status":"publish","type":"product","link":"https:\/\/boreait.com\/hu\/termek\/sarok-hatul-bal-oldali-gumi-a-dell-latitude-12-rugged-extreme-7204-hez\/","title":{"rendered":"Sarok h\u00e1tul bal oldali gumi a Dell Latitude 12 Rugged Extreme 7204-hez"},"content":{"rendered":"<p>N\u00f6velje Dell Latitude 12 Rugged Extreme 7204 tart\u00f3ss\u00e1g\u00e1t az eredeti Corner Back Bal gumi cser\u00e9vel. A prec\u00edz illeszked\u00e9sre \u00e9s tart\u00f3ss\u00e1gra kialak\u00edtott eredeti Dell alkatr\u00e9sz optim\u00e1lis teljes\u00edtm\u00e9nyt \u00e9s egyszer\u0171 telep\u00edt\u00e9st biztos\u00edt.<\/p>\n<p>F\u0151bb jellemz\u0151k:<\/p>\n<p>&#8211; Eredeti Dell csere: A kompatibilit\u00e1s \u00e9s a megb\u00edzhat\u00f3s\u00e1g biztos\u00edt\u00e1sa hiteles cserealkatr\u00e9szekkel.<\/p>\n<p>&#8211; K\u00f6nny\u0171 telep\u00edt\u00e9s: Egyszer\u0171 telep\u00edt\u00e9ssel k\u00f6nnyed\u00e9n n\u00f6velheti eszk\u00f6ze tart\u00f3ss\u00e1g\u00e1t.<\/p>\n<p>&#8211; Fokozott tart\u00f3ss\u00e1g: Ezzel az er\u0151s gumicser\u00e9vel \u00f3vja meg Dell Latitude 12 Rugged Extreme 7204 k\u00e9sz\u00fcl\u00e9k\u00e9t a s\u00e9r\u00fcl\u00e9sekt\u0151l.<\/p>\n<p>&#8211; Pontos illeszked\u00e9s: \u00dagy tervezt\u00e9k, hogy t\u00f6k\u00e9letesen illeszkedjen az eszk\u00f6z bal h\u00e1ts\u00f3 sark\u00e1hoz.<\/p>\n<p>Friss\u00edtse Dell Latitude 12 Rugged Extreme 7204 k\u00e9sz\u00fcl\u00e9k\u00e9t m\u00e9g ma az eredeti Corner Back Bal gumi cser\u00e9vel. V\u00e1s\u00e1roljon bizalommal, tudva, hogy min\u0151s\u00e9gi cserealkatr\u00e9szekbe fektet be k\u00e9sz\u00fcl\u00e9k\u00e9hez. Ha k\u00e9rd\u00e9se van, vagy seg\u00edts\u00e9gre van sz\u00fcks\u00e9ge, ne habozzon kapcsolatba l\u00e9pni vel\u00fcnk. Az\u00e9rt vagyunk itt, hogy seg\u00edts\u00fcnk k\u00e9sz\u00fcl\u00e9ke tart\u00f3ss\u00e1g\u00e1nak n\u00f6vel\u00e9s\u00e9ben.<\/p>\n","protected":false},"excerpt":{"rendered":"<p>Cser\u00e9lje ki a bal h\u00e1ts\u00f3 sarokgumit a Dell Latitude 12 Rugged Extreme 7204-en a jobb tart\u00f3ss\u00e1g \u00e9rdek\u00e9ben. Eredeti cserealkatr\u00e9sz a z\u00f6kken\u0151mentes kompatibilit\u00e1s \u00e9s az egyszer\u0171 telep\u00edt\u00e9s \u00e9rdek\u00e9ben.<\/p>\n","protected":false},"featured_media":8142,"template":"","meta":[],"product_brand":[],"product_cat":[16],"product_tag":[17],"class_list":{"0":"post-8092","1":"product","2":"type-product","3":"status-publish","4":"has-post-thumbnail","6":"product_cat-laptop-housing","7":"product_tag-dell","9":"first","10":"instock","11":"taxable","12":"shipping-taxable","13":"purchasable","14":"product-type-simple"},"_links":{"self":[{"href":"https:\/\/boreait.com\/hu\/wp-json\/wp\/v2\/product\/8092","targetHints":{"allow":["GET"]}}],"collection":[{"href":"https:\/\/boreait.com\/hu\/wp-json\/wp\/v2\/product"}],"about":[{"href":"https:\/\/boreait.com\/hu\/wp-json\/wp\/v2\/types\/product"}],"wp:featuredmedia":[{"embeddable":true,"href":"https:\/\/boreait.com\/hu\/wp-json\/wp\/v2\/media\/8142"}],"wp:attachment":[{"href":"https:\/\/boreait.com\/hu\/wp-json\/wp\/v2\/media?parent=8092"}],"wp:term":[{"taxonomy":"product_brand","embeddable":true,"href":"https:\/\/boreait.com\/hu\/wp-json\/wp\/v2\/product_brand?post=8092"},{"taxonomy":"product_cat","embeddable":true,"href":"https:\/\/boreait.com\/hu\/wp-json\/wp\/v2\/product_cat?post=8092"},{"taxonomy":"product_tag","embeddable":true,"href":"https:\/\/boreait.com\/hu\/wp-json\/wp\/v2\/product_tag?post=8092"}],"curies":[{"name":"wp","href":"https:\/\/api.w.org\/{rel}","templated":true}]}}