{"id":8076,"date":"2025-09-17T12:00:44","date_gmt":"2025-09-17T10:00:44","guid":{"rendered":"https:\/\/boreait.com\/hu\/?post_type=product&#038;p=8076"},"modified":"2025-09-17T12:01:47","modified_gmt":"2025-09-17T10:01:47","slug":"eredeti-dell-latitude-12-rugged-extreme-7204-7214-scec-olvasoport-fedel-hua14-29t6y-3","status":"publish","type":"product","link":"https:\/\/boreait.com\/hu\/termek\/eredeti-dell-latitude-12-rugged-extreme-7204-7214-scec-olvasoport-fedel-hua14-29t6y-3\/","title":{"rendered":"Eredeti Dell Latitude 12 Rugged Extreme 7204 7214 SCEC olvas\u00f3port fed\u00e9l HUA14 29T6Y"},"content":{"rendered":"<p>Gondoskodjon Dell Latitude 12 Rugged Extreme 7204 vagy 7214 biztons\u00e1g\u00e1r\u00f3l \u00e9s m\u0171k\u00f6d\u0151k\u00e9pess\u00e9g\u00e9r\u0151l az eredeti SC\/EC Reader Port Cover fed\u00e9llel, cikksz\u00e1m: HUA14 29T6Y. A tart\u00f3ss\u00e1g \u00e9s a kompatibilit\u00e1s \u00e9rdek\u00e9ben ez az eredeti cserealkatr\u00e9sz megv\u00e9di az SC\/EC olvas\u00f3portot a port\u00f3l, t\u00f6rmel\u00e9kt\u0151l \u00e9s s\u00e9r\u00fcl\u00e9sekt\u0151l.<\/p>\n<p>F\u0151bb jellemz\u0151k:<\/p>\n<p>&#8211; Eredeti Dell csere: A kompatibilit\u00e1s \u00e9s a megb\u00edzhat\u00f3s\u00e1g biztos\u00edt\u00e1sa hiteles cserealkatr\u00e9szekkel.<\/p>\n<p>&#8211; K\u00f6nny\u0171 telep\u00edt\u00e9s: K\u00f6nnyed\u00e9n helyezze fel a port fedel\u00e9t, hogy megv\u00e9dje eszk\u00f6ze SC\/EC olvas\u00f3portj\u00e1t.<\/p>\n<p>&#8211; Fokozott v\u00e9delem: \u00d3vja az SC\/EC olvas\u00f3portot a port\u00f3l, t\u00f6rmel\u00e9kt\u0151l \u00e9s az esetleges k\u00e1rosod\u00e1st\u00f3l az eszk\u00f6z \u00e9lettartam\u00e1nak meghosszabb\u00edt\u00e1sa \u00e9rdek\u00e9ben.<\/p>\n<p>&#8211; Kompatibilit\u00e1s: Kompatibilis a Dell Latitude 12 Rugged Extreme 7204 \u00e9s 7214 modellekkel, t\u00f6k\u00e9letes illeszked\u00e9st biztos\u00edtva.<\/p>\n<p>&#8211; Tart\u00f3s konstrukci\u00f3: Min\u0151s\u00e9gi anyagokb\u00f3l k\u00e9sz\u00fclt, hogy ellen\u00e1lljon a massz\u00edv haszn\u00e1latnak, biztos\u00edtva a hossz\u00fa \u00e9lettartamot \u00e9s a megb\u00edzhat\u00f3s\u00e1got.<\/p>\n<p>Friss\u00edtse Dell Latitude 12 Rugged Extreme 7204 vagy 7214 k\u00e9sz\u00fcl\u00e9k\u00e9t m\u00e9g ma az eredeti SC\/EC Reader Port Cover seg\u00edts\u00e9g\u00e9vel. V\u00e1s\u00e1roljon bizalommal, tudva, hogy min\u0151s\u00e9gi cserealkatr\u00e9szekbe fektet be k\u00e9sz\u00fcl\u00e9k\u00e9hez. Ha k\u00e9rd\u00e9se van, vagy seg\u00edts\u00e9gre van sz\u00fcks\u00e9ge, ne habozzon kapcsolatba l\u00e9pni vel\u00fcnk. Az\u00e9rt vagyunk itt, hogy seg\u00edts\u00fcnk megv\u00e9deni \u00e9s jav\u00edtani eszk\u00f6ze funkcionalit\u00e1s\u00e1t.<\/p>\n","protected":false},"excerpt":{"rendered":"<p>V\u00e9dje Dell Latitude 12 Rugged Extreme 7204 vagy 7214 SC\/EC olvas\u00f3portj\u00e1t ezzel az eredeti portfed\u00e9llel. K\u00f6nnyen telep\u00edthet\u0151 \u00e9s kompatibilis a HUA14 29T6Y cikksz\u00e1mmal. Gy\u0151z\u0151dj\u00f6n meg k\u00e9sz\u00fcl\u00e9ke biztons\u00e1g\u00e1r\u00f3l m\u00e9g ma!<\/p>\n","protected":false},"featured_media":8141,"template":"","meta":[],"product_brand":[],"product_cat":[16],"product_tag":[17],"class_list":{"0":"post-8076","1":"product","2":"type-product","3":"status-publish","4":"has-post-thumbnail","6":"product_cat-laptop-housing","7":"product_tag-dell","9":"first","10":"instock","11":"taxable","12":"shipping-taxable","13":"purchasable","14":"product-type-simple"},"_links":{"self":[{"href":"https:\/\/boreait.com\/hu\/wp-json\/wp\/v2\/product\/8076","targetHints":{"allow":["GET"]}}],"collection":[{"href":"https:\/\/boreait.com\/hu\/wp-json\/wp\/v2\/product"}],"about":[{"href":"https:\/\/boreait.com\/hu\/wp-json\/wp\/v2\/types\/product"}],"wp:featuredmedia":[{"embeddable":true,"href":"https:\/\/boreait.com\/hu\/wp-json\/wp\/v2\/media\/8141"}],"wp:attachment":[{"href":"https:\/\/boreait.com\/hu\/wp-json\/wp\/v2\/media?parent=8076"}],"wp:term":[{"taxonomy":"product_brand","embeddable":true,"href":"https:\/\/boreait.com\/hu\/wp-json\/wp\/v2\/product_brand?post=8076"},{"taxonomy":"product_cat","embeddable":true,"href":"https:\/\/boreait.com\/hu\/wp-json\/wp\/v2\/product_cat?post=8076"},{"taxonomy":"product_tag","embeddable":true,"href":"https:\/\/boreait.com\/hu\/wp-json\/wp\/v2\/product_tag?post=8076"}],"curies":[{"name":"wp","href":"https:\/\/api.w.org\/{rel}","templated":true}]}}