{"id":8073,"date":"2025-09-17T12:00:43","date_gmt":"2025-09-17T10:00:43","guid":{"rendered":"https:\/\/boreait.com\/hu\/?post_type=product&#038;p=8073"},"modified":"2025-09-17T12:01:37","modified_gmt":"2025-09-17T10:01:37","slug":"eredeti-dell-latitude-14-robusztus-extreme-lcd-hatlapi-fedel-hua01-xgcyy","status":"publish","type":"product","link":"https:\/\/boreait.com\/hu\/termek\/eredeti-dell-latitude-14-robusztus-extreme-lcd-hatlapi-fedel-hua01-xgcyy\/","title":{"rendered":"Eredeti Dell Latitude 14 robusztus Extreme LCD h\u00e1tlapi fed\u00e9l HUA01 XGCYY"},"content":{"rendered":"<p>Fokozza Dell Latitude 14 Rugged Extreme laptopja megjelen\u00e9s\u00e9t \u00e9s tart\u00f3ss\u00e1g\u00e1t az eredeti LCD h\u00e1ts\u00f3 fels\u0151 fed\u0151vel, cikksz\u00e1m: HUA01 XGCYY. Ez a prec\u00edz \u00e9s megb\u00edzhat\u00f3 cserealkatr\u00e9sz z\u00f6kken\u0151mentes illeszked\u00e9st \u00e9s egyszer\u0171 telep\u00edt\u00e9st biztos\u00edt.<\/p>\n<p>F\u0151bb jellemz\u0151k:<\/p>\n<p>&#8211; Eredeti Dell csere: A kompatibilit\u00e1s \u00e9s a megb\u00edzhat\u00f3s\u00e1g biztos\u00edt\u00e1sa hiteles cserealkatr\u00e9szekkel.<\/p>\n<p>&#8211; K\u00f6nny\u0171 telep\u00edt\u00e9s: Egyszer\u0171 telep\u00edt\u00e9ssel k\u00f6nnyed\u00e9n friss\u00edtheti laptopja megjelen\u00e9s\u00e9t.<\/p>\n<p>&#8211; Fokozott tart\u00f3ss\u00e1g: v\u00e9dje meg laptopja kijelz\u0151j\u00e9t ezzel a tart\u00f3s h\u00e1ts\u00f3 fed\u0151vel.<\/p>\n<p>&#8211; Eleg\u00e1ns diz\u00e1jn: Fokozza Dell Latitude 14 Rugged Extreme eszt\u00e9tik\u00e1j\u00e1t ezzel az eleg\u00e1ns LCD-burkolattal.<\/p>\n<p>&#8211; Kompatibilit\u00e1s: \u00dagy tervezt\u00e9k, hogy t\u00f6k\u00e9letesen illeszkedjen a laptophoz, optim\u00e1lis teljes\u00edtm\u00e9nyt biztos\u00edtva.<\/p>\n<p>Friss\u00edtse Dell Latitude 14 Rugged Extreme laptopj\u00e1t m\u00e9g ma az eredeti LCD h\u00e1ts\u00f3 fed\u0151lappal. V\u00e1s\u00e1roljon bizalommal, tudva, hogy min\u0151s\u00e9gi cserealkatr\u00e9szekbe fektet be k\u00e9sz\u00fcl\u00e9k\u00e9hez. Ha k\u00e9rd\u00e9se van, vagy seg\u00edts\u00e9gre van sz\u00fcks\u00e9ge, ne habozzon kapcsolatba l\u00e9pni vel\u00fcnk. Az\u00e9rt vagyunk itt, hogy seg\u00edts\u00fcnk \u00d6nnek n\u00f6velni laptopja tart\u00f3ss\u00e1g\u00e1t \u00e9s eszt\u00e9tik\u00e1j\u00e1t.<\/p>\n","protected":false},"excerpt":{"rendered":"<p>Friss\u00edtse Dell Latitude 14 Rugged Extreme megjelen\u00e9s\u00e9t ezzel az eredeti LCD h\u00e1tlapi fed\u0151vel. K\u00f6nnyen telep\u00edthet\u0151 \u00e9s kompatibilis a HUA01 XGCYY cikksz\u00e1mmal. N\u00f6velje laptopja tart\u00f3ss\u00e1g\u00e1t \u00e9s eszt\u00e9tik\u00e1j\u00e1t m\u00e9g ma!<\/p>\n","protected":false},"featured_media":8123,"template":"","meta":[],"product_brand":[],"product_cat":[16],"product_tag":[17],"class_list":{"0":"post-8073","1":"product","2":"type-product","3":"status-publish","4":"has-post-thumbnail","6":"product_cat-laptop-housing","7":"product_tag-dell","9":"first","10":"instock","11":"taxable","12":"shipping-taxable","13":"purchasable","14":"product-type-simple"},"_links":{"self":[{"href":"https:\/\/boreait.com\/hu\/wp-json\/wp\/v2\/product\/8073","targetHints":{"allow":["GET"]}}],"collection":[{"href":"https:\/\/boreait.com\/hu\/wp-json\/wp\/v2\/product"}],"about":[{"href":"https:\/\/boreait.com\/hu\/wp-json\/wp\/v2\/types\/product"}],"wp:featuredmedia":[{"embeddable":true,"href":"https:\/\/boreait.com\/hu\/wp-json\/wp\/v2\/media\/8123"}],"wp:attachment":[{"href":"https:\/\/boreait.com\/hu\/wp-json\/wp\/v2\/media?parent=8073"}],"wp:term":[{"taxonomy":"product_brand","embeddable":true,"href":"https:\/\/boreait.com\/hu\/wp-json\/wp\/v2\/product_brand?post=8073"},{"taxonomy":"product_cat","embeddable":true,"href":"https:\/\/boreait.com\/hu\/wp-json\/wp\/v2\/product_cat?post=8073"},{"taxonomy":"product_tag","embeddable":true,"href":"https:\/\/boreait.com\/hu\/wp-json\/wp\/v2\/product_tag?post=8073"}],"curies":[{"name":"wp","href":"https:\/\/api.w.org\/{rel}","templated":true}]}}