{"id":8062,"date":"2025-09-17T12:00:18","date_gmt":"2025-09-17T10:00:18","guid":{"rendered":"https:\/\/boreait.com\/hu\/?post_type=product&#038;p=8062"},"modified":"2025-09-17T12:01:31","modified_gmt":"2025-09-17T10:01:31","slug":"uj-oem-latitude-14-7404-xfr-fekete-csuklotamasz-borito-ujjlenyomat-ytthh-0ytthh","status":"publish","type":"product","link":"https:\/\/boreait.com\/hu\/termek\/uj-oem-latitude-14-7404-xfr-fekete-csuklotamasz-borito-ujjlenyomat-ytthh-0ytthh\/","title":{"rendered":"\u00daj OEM Latitude 14 7404 XFR fekete csukl\u00f3t\u00e1masz bor\u00edt\u00f3 + ujjlenyomat YTTHH 0YTTHH"},"content":{"rendered":"<p>Emelje fel Dell Latitude 14 7404 XFR laptopja megjelen\u00e9s\u00e9t \u00e9s biztons\u00e1g\u00e1t az \u00faj OEM csukl\u00f3t\u00e1masz-fed\u00e9llel. Az eszt\u00e9tika \u00e9s a funkcionalit\u00e1s szem el\u0151tt tart\u00e1s\u00e1val k\u00e9sz\u00fclt ez az eredeti alkatr\u00e9sz be\u00e9p\u00edtett ujjlenyomat-olvas\u00f3val a fokozott biztons\u00e1g \u00e9rdek\u00e9ben.<\/p>\n<p>F\u0151bb jellemz\u0151k:<\/p>\n<p>&#8211; OEM Dell csere: Biztos\u00edtsa a kompatibilit\u00e1st \u00e9s a megb\u00edzhat\u00f3s\u00e1got az eredeti berendez\u00e9s gy\u00e1rt\u00f3i alkatr\u00e9szeivel.<\/p>\n<p>&#8211; Be\u00e9p\u00edtett ujjlenyomat-olvas\u00f3: N\u00f6velje a biztons\u00e1got \u00e9s egyszer\u0171s\u00edtse a bejelentkez\u00e9si folyamatokat az integr\u00e1lt ujjlenyomat-olvas\u00f3val.<\/p>\n<p>&#8211; Eleg\u00e1ns diz\u00e1jn: A fekete csukl\u00f3t\u00e1masz bor\u00edt\u00e1s\u00e1val egy csipetnyi kifinomults\u00e1got var\u00e1zsolhat laptopj\u00e1ba.<\/p>\n<p>&#8211; K\u00f6nny\u0171 telep\u00edt\u00e9s: Egyszer\u0171 telep\u00edt\u00e9ssel k\u00f6nnyed\u00e9n friss\u00edtheti laptopj\u00e1t.<\/p>\n<p>&#8211; Kompatibilit\u00e1s: Kompatibilis a Dell Latitude 14 7404 XFR \u00e9s a YTTHH 0YTTHH cikksz\u00e1mmal.<\/p>\n<p>Friss\u00edtse Dell Latitude 14 7404 XFR laptopj\u00e1t m\u00e9g ma az \u00faj OEM csukl\u00f3t\u00e1masz-fed\u00e9llel. V\u00e1s\u00e1roljon bizalommal, tudva, hogy k\u00e9sz\u00fcl\u00e9ke eredeti alkatr\u00e9sz\u00e9be fektet be. Ha k\u00e9rd\u00e9se van, vagy seg\u00edts\u00e9gre van sz\u00fcks\u00e9ge, ne habozzon kapcsolatba l\u00e9pni vel\u00fcnk. Az\u00e9rt vagyunk itt, hogy seg\u00edts\u00fcnk laptopja megjelen\u00e9s\u00e9nek \u00e9s biztons\u00e1g\u00e1nak jav\u00edt\u00e1s\u00e1ban.<\/p>\n","protected":false},"excerpt":{"rendered":"<p>Fokozza Dell Latitude 14 7404 XFR megjelen\u00e9s\u00e9t \u00e9s biztons\u00e1g\u00e1t ezzel az \u00faj OEM csukl\u00f3t\u00e1masz-fed\u00e9llel. Be\u00e9p\u00edtett ujjlenyomat-olvas\u00f3val \u00e9s kompatibilis az YTTHH 0YTTHH cikksz\u00e1mmal. Friss\u00edtse laptopj\u00e1t m\u00e9g ma!<\/p>\n","protected":false},"featured_media":8119,"template":"","meta":[],"product_brand":[],"product_cat":[16],"product_tag":[],"class_list":{"0":"post-8062","1":"product","2":"type-product","3":"status-publish","4":"has-post-thumbnail","6":"product_cat-laptop-housing","8":"first","9":"instock","10":"taxable","11":"shipping-taxable","12":"purchasable","13":"product-type-simple"},"_links":{"self":[{"href":"https:\/\/boreait.com\/hu\/wp-json\/wp\/v2\/product\/8062","targetHints":{"allow":["GET"]}}],"collection":[{"href":"https:\/\/boreait.com\/hu\/wp-json\/wp\/v2\/product"}],"about":[{"href":"https:\/\/boreait.com\/hu\/wp-json\/wp\/v2\/types\/product"}],"wp:featuredmedia":[{"embeddable":true,"href":"https:\/\/boreait.com\/hu\/wp-json\/wp\/v2\/media\/8119"}],"wp:attachment":[{"href":"https:\/\/boreait.com\/hu\/wp-json\/wp\/v2\/media?parent=8062"}],"wp:term":[{"taxonomy":"product_brand","embeddable":true,"href":"https:\/\/boreait.com\/hu\/wp-json\/wp\/v2\/product_brand?post=8062"},{"taxonomy":"product_cat","embeddable":true,"href":"https:\/\/boreait.com\/hu\/wp-json\/wp\/v2\/product_cat?post=8062"},{"taxonomy":"product_tag","embeddable":true,"href":"https:\/\/boreait.com\/hu\/wp-json\/wp\/v2\/product_tag?post=8062"}],"curies":[{"name":"wp","href":"https:\/\/api.w.org\/{rel}","templated":true}]}}