{"id":8060,"date":"2025-09-17T12:00:18","date_gmt":"2025-09-17T10:00:18","guid":{"rendered":"https:\/\/boreait.com\/hu\/?post_type=product&#038;p=8060"},"modified":"2025-09-17T12:01:27","modified_gmt":"2025-09-17T10:01:27","slug":"dokkolo-csatlakozo-aramkori-kartya-dell-latitude-14-rugged-extreme-7404-0800-0g03b00-0800-0g04e00","status":"publish","type":"product","link":"https:\/\/boreait.com\/hu\/termek\/dokkolo-csatlakozo-aramkori-kartya-dell-latitude-14-rugged-extreme-7404-0800-0g03b00-0800-0g04e00\/","title":{"rendered":"Dokkol\u00f3 csatlakoz\u00f3 \u00e1ramk\u00f6ri k\u00e1rtya DELL Latitude 14 Rugged Extreme 7404 0800-0G03B00 0800-0G04E00"},"content":{"rendered":"<p>N\u00f6velje DELL Latitude 14 Rugged Extreme 7404 csatlakoztathat\u00f3s\u00e1g\u00e1t az eredeti dokkol\u00f3 csatlakoz\u00f3 \u00e1ramk\u00f6ri lappal, amely kompatibilis a 0800-0G03B00 \u00e9s 0800-0G04E00 cikksz\u00e1mokkal. Ez a tart\u00f3s \u00e9s megb\u00edzhat\u00f3 cserealkatr\u00e9sz z\u00f6kken\u0151mentes csatlakoztathat\u00f3s\u00e1got \u00e9s egyszer\u0171 telep\u00edt\u00e9st biztos\u00edt.<\/p>\n<p>F\u0151bb jellemz\u0151k:<\/p>\n<p>&#8211; Eredeti DELL csere: A kompatibilit\u00e1s \u00e9s a megb\u00edzhat\u00f3s\u00e1g biztos\u00edt\u00e1sa hiteles cserealkatr\u00e9szekkel.<\/p>\n<p>&#8211; K\u00f6nny\u0171 telep\u00edt\u00e9s: Egyszer\u0171 telep\u00edt\u00e9ssel k\u00f6nnyed\u00e9n friss\u00edtheti eszk\u00f6ze dokkol\u00f3csatlakoz\u00f3j\u00e1t.<\/p>\n<p>&#8211; Tov\u00e1bbfejlesztett csatlakoztathat\u00f3s\u00e1g: Jav\u00edtsa laptopja csatlakoztathat\u00f3s\u00e1g\u00e1t a tov\u00e1bbfejlesztett funkcionalit\u00e1s \u00e9rdek\u00e9ben.<\/p>\n<p>&#8211; Tart\u00f3s konstrukci\u00f3: \u00dagy tervezt\u00e9k, hogy ellen\u00e1lljon a massz\u00edv haszn\u00e1latnak, \u00edgy biztos\u00edtva a hossz\u00fa \u00e9lettartamot \u00e9s a megb\u00edzhat\u00f3s\u00e1got.<\/p>\n<p>Friss\u00edtse DELL Latitude 14 Rugged Extreme 7404 k\u00e9sz\u00fcl\u00e9k\u00e9t m\u00e9g ma az eredeti dokkol\u00f3 csatlakoz\u00f3 \u00e1ramk\u00f6ri lappal. V\u00e1s\u00e1roljon bizalommal, tudva, hogy min\u0151s\u00e9gi cserealkatr\u00e9szekbe fektet be k\u00e9sz\u00fcl\u00e9k\u00e9hez. Ha k\u00e9rd\u00e9se van, vagy seg\u00edts\u00e9gre van sz\u00fcks\u00e9ge, ne habozzon kapcsolatba l\u00e9pni vel\u00fcnk. Az\u00e9rt vagyunk itt, hogy seg\u00edts\u00fcnk eszk\u00f6ze funkcionalit\u00e1s\u00e1nak jav\u00edt\u00e1s\u00e1ban.<\/p>\n","protected":false},"excerpt":{"rendered":"<p>B\u0151v\u00edtse DELL Latitude 14 Rugged Extreme 7404 dokkol\u00f3csatlakoz\u00f3j\u00e1t ezzel az eredeti \u00e1ramk\u00f6ri lappal. K\u00f6nnyen telep\u00edthet\u0151 \u00e9s kompatibilis a 0800-0G03B00 \u00e9s 0800-0G04E00 cikksz\u00e1mokkal. Fokozza eszk\u00f6ze csatlakoztathat\u00f3s\u00e1g\u00e1t m\u00e9g ma!<\/p>\n","protected":false},"featured_media":8116,"template":"","meta":[],"product_brand":[],"product_cat":[27],"product_tag":[17],"class_list":{"0":"post-8060","1":"product","2":"type-product","3":"status-publish","4":"has-post-thumbnail","6":"product_cat-motherboards-board-parts","7":"product_tag-dell","9":"first","10":"instock","11":"taxable","12":"shipping-taxable","13":"purchasable","14":"product-type-simple"},"_links":{"self":[{"href":"https:\/\/boreait.com\/hu\/wp-json\/wp\/v2\/product\/8060","targetHints":{"allow":["GET"]}}],"collection":[{"href":"https:\/\/boreait.com\/hu\/wp-json\/wp\/v2\/product"}],"about":[{"href":"https:\/\/boreait.com\/hu\/wp-json\/wp\/v2\/types\/product"}],"wp:featuredmedia":[{"embeddable":true,"href":"https:\/\/boreait.com\/hu\/wp-json\/wp\/v2\/media\/8116"}],"wp:attachment":[{"href":"https:\/\/boreait.com\/hu\/wp-json\/wp\/v2\/media?parent=8060"}],"wp:term":[{"taxonomy":"product_brand","embeddable":true,"href":"https:\/\/boreait.com\/hu\/wp-json\/wp\/v2\/product_brand?post=8060"},{"taxonomy":"product_cat","embeddable":true,"href":"https:\/\/boreait.com\/hu\/wp-json\/wp\/v2\/product_cat?post=8060"},{"taxonomy":"product_tag","embeddable":true,"href":"https:\/\/boreait.com\/hu\/wp-json\/wp\/v2\/product_tag?post=8060"}],"curies":[{"name":"wp","href":"https:\/\/api.w.org\/{rel}","templated":true}]}}