{"id":8059,"date":"2025-09-17T12:00:18","date_gmt":"2025-09-17T10:00:18","guid":{"rendered":"https:\/\/boreait.com\/hu\/?post_type=product&#038;p=8059"},"modified":"2025-09-17T12:01:23","modified_gmt":"2025-09-17T10:01:23","slug":"oem-dell-precision-m3800-dual-band-wifi-vezetek-nelkuli-bluetooth-kartya-7260ngw-0kttyn","status":"publish","type":"product","link":"https:\/\/boreait.com\/hu\/termek\/oem-dell-precision-m3800-dual-band-wifi-vezetek-nelkuli-bluetooth-kartya-7260ngw-0kttyn\/","title":{"rendered":"OEM Dell Precision M3800 Dual Band Wifi vezet\u00e9k n\u00e9lk\u00fcli Bluetooth k\u00e1rtya 7260NGW 0KTTYN"},"content":{"rendered":"<p>Fokozza Dell Precision M3800 laptopja vezet\u00e9k n\u00e9lk\u00fcli kapcsolat\u00e1t az OEM Dual Band Wifi vezet\u00e9k n\u00e9lk\u00fcli Bluetooth k\u00e1rty\u00e1val, cikksz\u00e1m: 7260NGW 0KTTYN. A kompatibilit\u00e1s \u00e9s a megb\u00edzhat\u00f3s\u00e1g jegy\u00e9ben k\u00e9sz\u00fclt, ez az eredeti cserealkatr\u00e9sz z\u00f6kken\u0151mentes csatlakoztathat\u00f3s\u00e1got \u00e9s egyszer\u0171 telep\u00edt\u00e9st biztos\u00edt.<\/p>\n<p>F\u0151bb jellemz\u0151k:<\/p>\n<p>&#8211; OEM Dell csere: A kompatibilit\u00e1s \u00e9s a megb\u00edzhat\u00f3s\u00e1g biztos\u00edt\u00e1sa eredeti OEM cserealkatr\u00e9szekkel.<\/p>\n<p>&#8211; K\u00f6nny\u0171 telep\u00edt\u00e9s: Egyszer\u0171 telep\u00edt\u00e9ssel k\u00f6nnyed\u00e9n friss\u00edtheti laptopja vezet\u00e9k n\u00e9lk\u00fcli k\u00e9pess\u00e9geit.<\/p>\n<p>&#8211; K\u00e9ts\u00e1vos Wifi: \u00c9lvezze a gyorsabb \u00e9s stabilabb vezet\u00e9k n\u00e9lk\u00fcli kapcsolatot a k\u00e9ts\u00e1vos wifi t\u00e1mogat\u00e1ssal.<\/p>\n<p>&#8211; Bluetooth-kapcsolat: Maradjon kapcsolatban a Bluetooth-kompatibilis eszk\u00f6z\u00f6kkel a z\u00f6kken\u0151mentes f\u00e1jlmegoszt\u00e1s \u00e9s perif\u00e9riakapcsolatok \u00e9rdek\u00e9ben.<\/p>\n<p>Friss\u00edtse Dell Precision M3800 laptopj\u00e1t m\u00e9g ma az OEM Dual Band Wifi vezet\u00e9k n\u00e9lk\u00fcli Bluetooth k\u00e1rty\u00e1val. V\u00e1s\u00e1roljon bizalommal, tudva, hogy min\u0151s\u00e9gi cserealkatr\u00e9szekbe fektet be k\u00e9sz\u00fcl\u00e9k\u00e9hez. Ha k\u00e9rd\u00e9se van, vagy seg\u00edts\u00e9gre van sz\u00fcks\u00e9ge, ne habozzon kapcsolatba l\u00e9pni vel\u00fcnk. Az\u00e9rt vagyunk itt, hogy seg\u00edts\u00fcnk eszk\u00f6ze csatlakoztathat\u00f3s\u00e1g\u00e1nak jav\u00edt\u00e1s\u00e1ban.<\/p>\n","protected":false},"excerpt":{"rendered":"<p>B\u0151v\u00edtse Dell Precision M3800 vezet\u00e9k n\u00e9lk\u00fcli kapcsolat\u00e1t ezzel az OEM Dual Band Wifi vezet\u00e9k n\u00e9lk\u00fcli Bluetooth-k\u00e1rty\u00e1val. K\u00f6nnyen telep\u00edthet\u0151 \u00e9s kompatibilis a 7260NGW 0KTTYN cikksz\u00e1mmal. Fokozza laptopja vezet\u00e9k n\u00e9lk\u00fcli k\u00e9pess\u00e9geit m\u00e9g ma!<\/p>\n","protected":false},"featured_media":8114,"template":"","meta":[],"product_brand":[],"product_cat":[27],"product_tag":[17],"class_list":{"0":"post-8059","1":"product","2":"type-product","3":"status-publish","4":"has-post-thumbnail","6":"product_cat-motherboards-board-parts","7":"product_tag-dell","9":"first","10":"instock","11":"taxable","12":"shipping-taxable","13":"purchasable","14":"product-type-simple"},"_links":{"self":[{"href":"https:\/\/boreait.com\/hu\/wp-json\/wp\/v2\/product\/8059","targetHints":{"allow":["GET"]}}],"collection":[{"href":"https:\/\/boreait.com\/hu\/wp-json\/wp\/v2\/product"}],"about":[{"href":"https:\/\/boreait.com\/hu\/wp-json\/wp\/v2\/types\/product"}],"wp:featuredmedia":[{"embeddable":true,"href":"https:\/\/boreait.com\/hu\/wp-json\/wp\/v2\/media\/8114"}],"wp:attachment":[{"href":"https:\/\/boreait.com\/hu\/wp-json\/wp\/v2\/media?parent=8059"}],"wp:term":[{"taxonomy":"product_brand","embeddable":true,"href":"https:\/\/boreait.com\/hu\/wp-json\/wp\/v2\/product_brand?post=8059"},{"taxonomy":"product_cat","embeddable":true,"href":"https:\/\/boreait.com\/hu\/wp-json\/wp\/v2\/product_cat?post=8059"},{"taxonomy":"product_tag","embeddable":true,"href":"https:\/\/boreait.com\/hu\/wp-json\/wp\/v2\/product_tag?post=8059"}],"curies":[{"name":"wp","href":"https:\/\/api.w.org\/{rel}","templated":true}]}}