{"id":8058,"date":"2025-09-17T12:00:17","date_gmt":"2025-09-17T10:00:17","guid":{"rendered":"https:\/\/boreait.com\/hu\/?post_type=product&#038;p=8058"},"modified":"2025-09-17T12:01:22","modified_gmt":"2025-09-17T10:01:22","slug":"eredeti-dell-latitude-14-7404-rugged-extreme-back-muanyag-burkolat-r-jobb-oldalon","status":"publish","type":"product","link":"https:\/\/boreait.com\/hu\/termek\/eredeti-dell-latitude-14-7404-rugged-extreme-back-muanyag-burkolat-r-jobb-oldalon\/","title":{"rendered":"Eredeti Dell Latitude 14 7404 Rugged Extreme Back m\u0171anyag burkolat R jobb oldalon"},"content":{"rendered":"<p>Fokozza Dell Latitude 14 7404 Rugged Extreme laptopja megjelen\u00e9s\u00e9t \u00e9s tart\u00f3ss\u00e1g\u00e1t a jobb oldali eredeti m\u0171anyag h\u00e1tlappal. Ez a prec\u00edzi\u00f3s \u00e9s kompatibilit\u00e1si szempontokra kialak\u00edtott hiteles cserealkatr\u00e9sz z\u00f6kken\u0151mentes illeszked\u00e9st \u00e9s megb\u00edzhat\u00f3 teljes\u00edtm\u00e9nyt biztos\u00edt.<\/p>\n<p>F\u0151bb jellemz\u0151k:<\/p>\n<p>&#8211; Eredeti Dell csere: A kompatibilit\u00e1s \u00e9s a megb\u00edzhat\u00f3s\u00e1g biztos\u00edt\u00e1sa hiteles cserealkatr\u00e9szekkel.<\/p>\n<p>&#8211; K\u00f6nny\u0171 telep\u00edt\u00e9s: Egyszer\u0171 telep\u00edt\u00e9ssel k\u00f6nnyed\u00e9n friss\u00edtheti laptopja megjelen\u00e9s\u00e9t.<\/p>\n<p>&#8211; Fokozott tart\u00f3ss\u00e1g: V\u00e9dje k\u00e9sz\u00fcl\u00e9ke jobb oldal\u00e1t ezzel a tart\u00f3s m\u0171anyag h\u00e1tlappal.<\/p>\n<p>&#8211; Robusztus eszt\u00e9tika: Ezzel az eredeti cserealkatr\u00e9szrel meg\u0151rizheti Dell Latitude 14 7404 Rugged Extreme k\u00e9sz\u00fcl\u00e9ke massz\u00edv megjelen\u00e9s\u00e9t.<\/p>\n<p>Friss\u00edtse Dell Latitude 14 7404 Rugged Extreme laptopj\u00e1t m\u00e9g ma a jobb oldalon tal\u00e1lhat\u00f3 eredeti m\u0171anyag h\u00e1tlappal. V\u00e1s\u00e1roljon bizalommal, tudva, hogy min\u0151s\u00e9gi cserealkatr\u00e9szekbe fektet be k\u00e9sz\u00fcl\u00e9k\u00e9hez. Ha k\u00e9rd\u00e9se van, vagy seg\u00edts\u00e9gre van sz\u00fcks\u00e9ge, ne habozzon kapcsolatba l\u00e9pni vel\u00fcnk. Az\u00e9rt vagyunk itt, hogy seg\u00edts\u00fcnk laptopja eszt\u00e9tik\u00e1j\u00e1nak \u00e9s funkcionalit\u00e1s\u00e1nak jav\u00edt\u00e1s\u00e1ban.<\/p>\n","protected":false},"excerpt":{"rendered":"<p>Friss\u00edtse Dell Latitude 14 7404 Rugged Extreme megjelen\u00e9s\u00e9t ezzel az eredeti, jobb oldali m\u0171anyag h\u00e1tlappal. K\u00f6nnyen telep\u00edthet\u0151 \u00e9s kompatibilis a k\u00e9sz\u00fcl\u00e9kkel. Fokozza laptopja massz\u00edv eszt\u00e9tik\u00e1j\u00e1t m\u00e9g ma!<\/p>\n","protected":false},"featured_media":8113,"template":"","meta":[],"product_brand":[],"product_cat":[16],"product_tag":[17],"class_list":{"0":"post-8058","1":"product","2":"type-product","3":"status-publish","4":"has-post-thumbnail","6":"product_cat-laptop-housing","7":"product_tag-dell","9":"first","10":"instock","11":"taxable","12":"shipping-taxable","13":"purchasable","14":"product-type-simple"},"_links":{"self":[{"href":"https:\/\/boreait.com\/hu\/wp-json\/wp\/v2\/product\/8058","targetHints":{"allow":["GET"]}}],"collection":[{"href":"https:\/\/boreait.com\/hu\/wp-json\/wp\/v2\/product"}],"about":[{"href":"https:\/\/boreait.com\/hu\/wp-json\/wp\/v2\/types\/product"}],"wp:featuredmedia":[{"embeddable":true,"href":"https:\/\/boreait.com\/hu\/wp-json\/wp\/v2\/media\/8113"}],"wp:attachment":[{"href":"https:\/\/boreait.com\/hu\/wp-json\/wp\/v2\/media?parent=8058"}],"wp:term":[{"taxonomy":"product_brand","embeddable":true,"href":"https:\/\/boreait.com\/hu\/wp-json\/wp\/v2\/product_brand?post=8058"},{"taxonomy":"product_cat","embeddable":true,"href":"https:\/\/boreait.com\/hu\/wp-json\/wp\/v2\/product_cat?post=8058"},{"taxonomy":"product_tag","embeddable":true,"href":"https:\/\/boreait.com\/hu\/wp-json\/wp\/v2\/product_tag?post=8058"}],"curies":[{"name":"wp","href":"https:\/\/api.w.org\/{rel}","templated":true}]}}