{"id":8057,"date":"2025-09-17T12:00:17","date_gmt":"2025-09-17T10:00:17","guid":{"rendered":"https:\/\/boreait.com\/hu\/?post_type=product&#038;p=8057"},"modified":"2025-09-17T12:01:22","modified_gmt":"2025-09-17T10:01:22","slug":"eredeti-dell-latitude-14-7404-robusztus-extrem-elso-fogantyuzar-l-r","status":"publish","type":"product","link":"https:\/\/boreait.com\/hu\/termek\/eredeti-dell-latitude-14-7404-robusztus-extrem-elso-fogantyuzar-l-r\/","title":{"rendered":"Eredeti Dell Latitude 14 7404 robusztus extr\u00e9m els\u0151 foganty\u00faz\u00e1r L + R"},"content":{"rendered":"<p>N\u00f6velje Dell Latitude 14 7404 Rugged Extreme laptopja biztons\u00e1g\u00e1t \u00e9s tart\u00f3ss\u00e1g\u00e1t ezzel az eredeti bal \u00e9s jobb els\u0151 foganty\u00faz\u00e1r-k\u00e9szlettel. A pontoss\u00e1gra \u00e9s megb\u00edzhat\u00f3s\u00e1gra kialak\u00edtott hiteles cserealkatr\u00e9szek biztons\u00e1gos z\u00e1r\u00e1st \u00e9s v\u00e9delmet biztos\u00edtanak robusztus k\u00e9sz\u00fcl\u00e9ke sz\u00e1m\u00e1ra.<\/p>\n<p>F\u0151bb jellemz\u0151k:<\/p>\n<p>&#8211; Eredeti Dell csere: Biztos\u00edtsa a kompatibilit\u00e1st \u00e9s a megb\u00edzhat\u00f3s\u00e1got az eredeti cserealkatr\u00e9szekkel.<\/p>\n<p>&#8211; K\u00f6nny\u0171 telep\u00edt\u00e9s: Egyszer\u0171 telep\u00edt\u00e9ssel k\u00f6nnyed\u00e9n n\u00f6velheti eszk\u00f6ze biztons\u00e1g\u00e1t.<\/p>\n<p>&#8211; Fokozott biztons\u00e1g: Biztons\u00e1gosan z\u00e1rja le laptopja el\u00fcls\u0151 foganty\u00fait, hogy nagyobb v\u00e9delmet ny\u00fajtson a lop\u00e1s \u00e9s a v\u00e9letlen kinyit\u00e1s ellen.<\/p>\n<p>&#8211; Tart\u00f3s konstrukci\u00f3: \u00dagy tervezt\u00e9k, hogy ellen\u00e1lljon a massz\u00edv haszn\u00e1latnak, \u00edgy biztos\u00edtva a hossz\u00fa \u00e9lettartamot \u00e9s a megb\u00edzhat\u00f3s\u00e1got.<\/p>\n<p>Friss\u00edtse Dell Latitude 14 7404 Rugged Extreme laptopj\u00e1t m\u00e9g ma az eredeti Front Handle Lock k\u00e9szlettel. V\u00e1s\u00e1roljon bizalommal, tudva, hogy min\u0151s\u00e9gi cserealkatr\u00e9szekbe fektet be k\u00e9sz\u00fcl\u00e9k\u00e9hez. Ha k\u00e9rd\u00e9se van, vagy seg\u00edts\u00e9gre van sz\u00fcks\u00e9ge, ne habozzon kapcsolatba l\u00e9pni vel\u00fcnk. Az\u00e9rt vagyunk itt, hogy seg\u00edts\u00fcnk eszk\u00f6ze biztons\u00e1g\u00e1nak \u00e9s funkcionalit\u00e1s\u00e1nak fokoz\u00e1s\u00e1ban.<\/p>\n","protected":false},"excerpt":{"rendered":"<p>Friss\u00edtse Dell Latitude 14 7404 Rugged Extreme els\u0151 foganty\u00faz\u00e1r\u00e1t ezzel az eredeti bal \u00e9s jobb oldali z\u00e1rk\u00e9szlettel. K\u00f6nnyen telep\u00edthet\u0151 \u00e9s kompatibilis a k\u00e9sz\u00fcl\u00e9kkel. N\u00f6velje robusztus laptopja biztons\u00e1g\u00e1t \u00e9s tart\u00f3ss\u00e1g\u00e1t m\u00e9g ma!<\/p>\n","protected":false},"featured_media":8112,"template":"","meta":[],"product_brand":[],"product_cat":[19],"product_tag":[17],"class_list":{"0":"post-8057","1":"product","2":"type-product","3":"status-publish","4":"has-post-thumbnail","6":"product_cat-screen-hinge","7":"product_tag-dell","9":"first","10":"instock","11":"taxable","12":"shipping-taxable","13":"purchasable","14":"product-type-simple"},"_links":{"self":[{"href":"https:\/\/boreait.com\/hu\/wp-json\/wp\/v2\/product\/8057","targetHints":{"allow":["GET"]}}],"collection":[{"href":"https:\/\/boreait.com\/hu\/wp-json\/wp\/v2\/product"}],"about":[{"href":"https:\/\/boreait.com\/hu\/wp-json\/wp\/v2\/types\/product"}],"wp:featuredmedia":[{"embeddable":true,"href":"https:\/\/boreait.com\/hu\/wp-json\/wp\/v2\/media\/8112"}],"wp:attachment":[{"href":"https:\/\/boreait.com\/hu\/wp-json\/wp\/v2\/media?parent=8057"}],"wp:term":[{"taxonomy":"product_brand","embeddable":true,"href":"https:\/\/boreait.com\/hu\/wp-json\/wp\/v2\/product_brand?post=8057"},{"taxonomy":"product_cat","embeddable":true,"href":"https:\/\/boreait.com\/hu\/wp-json\/wp\/v2\/product_cat?post=8057"},{"taxonomy":"product_tag","embeddable":true,"href":"https:\/\/boreait.com\/hu\/wp-json\/wp\/v2\/product_tag?post=8057"}],"curies":[{"name":"wp","href":"https:\/\/api.w.org\/{rel}","templated":true}]}}