{"id":8051,"date":"2025-09-17T12:00:14","date_gmt":"2025-09-17T10:00:14","guid":{"rendered":"https:\/\/boreait.com\/hu\/?post_type=product&#038;p=8051"},"modified":"2025-09-17T12:01:06","modified_gmt":"2025-09-17T10:01:06","slug":"sarok-kepernyokeret-hatso-bal-oldali-gumi-a-dell-latitude-12-rugged-extreme-7204-hez-2","status":"publish","type":"product","link":"https:\/\/boreait.com\/hu\/termek\/sarok-kepernyokeret-hatso-bal-oldali-gumi-a-dell-latitude-12-rugged-extreme-7204-hez-2\/","title":{"rendered":"Sarok k\u00e9perny\u0151keret h\u00e1ts\u00f3 bal oldali gumi a Dell Latitude 12 Rugged Extreme 7204-hez"},"content":{"rendered":"<p>Friss\u00edtse Dell Latitude 12 Rugged Extreme 7204 k\u00e9sz\u00fcl\u00e9k\u00e9t a bal h\u00e1ts\u00f3 gumis sarokk\u00e9perny\u0151 kerettel, \u00edgy biztos\u00edtva a tart\u00f3ss\u00e1got \u00e9s a funkcionalit\u00e1st. A kompatibilit\u00e1s \u00e9s a megb\u00edzhat\u00f3s\u00e1g jegy\u00e9ben k\u00e9sz\u00fclt, ez az eredeti cserealkatr\u00e9sz garant\u00e1lja a megfelel\u0151 illeszked\u00e9st \u00e9s a z\u00f6kken\u0151mentes integr\u00e1ci\u00f3t.<\/p>\n<p>F\u0151bb jellemz\u0151k:<\/p>\n<p>&#8211; Eredeti Dell csere: A kompatibilit\u00e1s \u00e9s a megb\u00edzhat\u00f3s\u00e1g biztos\u00edt\u00e1sa hiteles cserealkatr\u00e9szekkel.<\/p>\n<p>&#8211; K\u00f6nny\u0171 telep\u00edt\u00e9s: K\u00f6nnyed\u00e9n cser\u00e9lje ki a sarok k\u00e9perny\u0151keret bal h\u00e1ts\u00f3 gumij\u00e1t a Dell Latitude 12 Rugged Extreme 7204-hez.<\/p>\n<p>&#8211; Fokozott tart\u00f3ss\u00e1g: v\u00e9dje meg robusztus laptopj\u00e1t ezzel az er\u0151s \u00e9s megb\u00edzhat\u00f3 gumialkatr\u00e9szrel.<\/p>\n<p>Friss\u00edtse Dell Latitude 12 Rugged Extreme 7204 k\u00e9sz\u00fcl\u00e9k\u00e9t m\u00e9g ma az eredeti sarok k\u00e9perny\u0151kerettel, a bal h\u00e1ts\u00f3 gumival. V\u00e1s\u00e1roljon bizalommal, tudva, hogy min\u0151s\u00e9gi cserealkatr\u00e9szekbe fektet be k\u00e9sz\u00fcl\u00e9k\u00e9hez. Ha k\u00e9rd\u00e9se van, vagy seg\u00edts\u00e9gre van sz\u00fcks\u00e9ge, ne habozzon kapcsolatba l\u00e9pni vel\u00fcnk. Az\u00e9rt vagyunk itt, hogy seg\u00edts\u00fcnk \u00d6nnek n\u00f6velni robusztus laptopja tart\u00f3ss\u00e1g\u00e1t \u00e9s funkcionalit\u00e1s\u00e1t.<\/p>\n","protected":false},"excerpt":{"rendered":"<p>Cser\u00e9lje ki Dell Latitude 12 Rugged Extreme 7204 k\u00e9sz\u00fcl\u00e9k\u00e9n a sarok k\u00e9perny\u0151keret bal h\u00e1ts\u00f3 gumij\u00e1t erre az eredeti cserealkatr\u00e9szre. Biztos\u00edtsa robusztus laptopja megfelel\u0151 illeszked\u00e9s\u00e9t \u00e9s funkcionalit\u00e1s\u00e1t.<\/p>\n","protected":false},"featured_media":8091,"template":"","meta":[],"product_brand":[],"product_cat":[16],"product_tag":[17],"class_list":{"0":"post-8051","1":"product","2":"type-product","3":"status-publish","4":"has-post-thumbnail","6":"product_cat-laptop-housing","7":"product_tag-dell","9":"first","10":"instock","11":"taxable","12":"shipping-taxable","13":"purchasable","14":"product-type-simple"},"_links":{"self":[{"href":"https:\/\/boreait.com\/hu\/wp-json\/wp\/v2\/product\/8051","targetHints":{"allow":["GET"]}}],"collection":[{"href":"https:\/\/boreait.com\/hu\/wp-json\/wp\/v2\/product"}],"about":[{"href":"https:\/\/boreait.com\/hu\/wp-json\/wp\/v2\/types\/product"}],"wp:featuredmedia":[{"embeddable":true,"href":"https:\/\/boreait.com\/hu\/wp-json\/wp\/v2\/media\/8091"}],"wp:attachment":[{"href":"https:\/\/boreait.com\/hu\/wp-json\/wp\/v2\/media?parent=8051"}],"wp:term":[{"taxonomy":"product_brand","embeddable":true,"href":"https:\/\/boreait.com\/hu\/wp-json\/wp\/v2\/product_brand?post=8051"},{"taxonomy":"product_cat","embeddable":true,"href":"https:\/\/boreait.com\/hu\/wp-json\/wp\/v2\/product_cat?post=8051"},{"taxonomy":"product_tag","embeddable":true,"href":"https:\/\/boreait.com\/hu\/wp-json\/wp\/v2\/product_tag?post=8051"}],"curies":[{"name":"wp","href":"https:\/\/api.w.org\/{rel}","templated":true}]}}