{"id":8050,"date":"2025-09-17T12:00:13","date_gmt":"2025-09-17T10:00:13","guid":{"rendered":"https:\/\/boreait.com\/hu\/?post_type=product&#038;p=8050"},"modified":"2025-09-17T12:01:04","modified_gmt":"2025-09-17T10:01:04","slug":"eredeti-dell-latitude-12-rugged-extreme-7204-sarok-kepernyokeret-hatso-jobb-oldali-gumi-2","status":"publish","type":"product","link":"https:\/\/boreait.com\/hu\/termek\/eredeti-dell-latitude-12-rugged-extreme-7204-sarok-kepernyokeret-hatso-jobb-oldali-gumi-2\/","title":{"rendered":"Eredeti Dell Latitude 12 Rugged Extreme 7204 Sarok k\u00e9perny\u0151keret H\u00e1ts\u00f3 jobb oldali gumi"},"content":{"rendered":"<p>N\u00f6velje Dell Latitude 12 Rugged Extreme 7204 laptopja tart\u00f3ss\u00e1g\u00e1t \u00e9s v\u00e9delm\u00e9t az eredeti sarok k\u00e9perny\u0151kerettel, jobb h\u00e1ts\u00f3 gumival. Ez a prec\u00edz \u00e9s megb\u00edzhat\u00f3 cserealkatr\u00e9sz szoros illeszked\u00e9st \u00e9s optim\u00e1lis v\u00e9delmet biztos\u00edt k\u00e9sz\u00fcl\u00e9k\u00e9nek.<\/p>\n<p>F\u0151bb jellemz\u0151k:<\/p>\n<p>&#8211; Eredeti Dell csere: A kompatibilit\u00e1s \u00e9s a megb\u00edzhat\u00f3s\u00e1g biztos\u00edt\u00e1sa hiteles cserealkatr\u00e9szekkel.<\/p>\n<p>&#8211; T\u00f6k\u00e9letesen illeszked\u0151: \u00dagy tervezt\u00e9k, hogy t\u00f6k\u00e9letesen illeszkedjen a Dell Latitude 12 Rugged Extreme 7204 jobb oldal\u00e1n l\u00e9v\u0151 sarokk\u00e9perny\u0151 keret\u00e9hez.<\/p>\n<p>&#8211; Fokozott tart\u00f3ss\u00e1g: Ezzel a tart\u00f3s gumi komponenssel \u00f3vja meg laptopj\u00e1t a s\u00e9r\u00fcl\u00e9sekt\u0151l.<\/p>\n<p>&#8211; K\u00f6nny\u0171 telep\u00edt\u00e9s: K\u00f6nnyed\u00e9n cser\u00e9lje ki a gumi alkatr\u00e9szt egyszer\u0171 telep\u00edt\u00e9ssel, nincs sz\u00fcks\u00e9g szakmai seg\u00edts\u00e9gre.<\/p>\n<p>Friss\u00edtse Dell Latitude 12 Rugged Extreme 7204 laptopj\u00e1t m\u00e9g ma az eredeti sarok k\u00e9perny\u0151kerettel, jobb h\u00e1ts\u00f3 gumival. V\u00e1s\u00e1roljon bizalommal, tudva, hogy min\u0151s\u00e9gi cserealkatr\u00e9szekbe fektet be k\u00e9sz\u00fcl\u00e9k\u00e9hez. Ha k\u00e9rd\u00e9se van, vagy seg\u00edts\u00e9gre van sz\u00fcks\u00e9ge, ne habozzon kapcsolatba l\u00e9pni vel\u00fcnk. Az\u00e9rt vagyunk itt, hogy seg\u00edts\u00fcnk k\u00e9sz\u00fcl\u00e9ke tart\u00f3ss\u00e1g\u00e1nak \u00e9s \u00e9lettartam\u00e1nak n\u00f6vel\u00e9s\u00e9ben.<\/p>\n","protected":false},"excerpt":{"rendered":"<p>Cser\u00e9lje ki a Dell Latitude 12 Rugged Extreme 7204 k\u00e9perny\u0151 jobb h\u00e1ts\u00f3 h\u00e1ts\u00f3 gumij\u00e1t erre az eredeti alkatr\u00e9szre. Biztos\u00edtsa k\u00e9sz\u00fcl\u00e9ke szoros illeszked\u00e9s\u00e9t \u00e9s optim\u00e1lis v\u00e9delm\u00e9t. N\u00f6velje laptopja tart\u00f3ss\u00e1g\u00e1t m\u00e9g ma!<\/p>\n","protected":false},"featured_media":8090,"template":"","meta":[],"product_brand":[],"product_cat":[16],"product_tag":[17],"class_list":{"0":"post-8050","1":"product","2":"type-product","3":"status-publish","4":"has-post-thumbnail","6":"product_cat-laptop-housing","7":"product_tag-dell","9":"first","10":"instock","11":"taxable","12":"shipping-taxable","13":"purchasable","14":"product-type-simple"},"_links":{"self":[{"href":"https:\/\/boreait.com\/hu\/wp-json\/wp\/v2\/product\/8050","targetHints":{"allow":["GET"]}}],"collection":[{"href":"https:\/\/boreait.com\/hu\/wp-json\/wp\/v2\/product"}],"about":[{"href":"https:\/\/boreait.com\/hu\/wp-json\/wp\/v2\/types\/product"}],"wp:featuredmedia":[{"embeddable":true,"href":"https:\/\/boreait.com\/hu\/wp-json\/wp\/v2\/media\/8090"}],"wp:attachment":[{"href":"https:\/\/boreait.com\/hu\/wp-json\/wp\/v2\/media?parent=8050"}],"wp:term":[{"taxonomy":"product_brand","embeddable":true,"href":"https:\/\/boreait.com\/hu\/wp-json\/wp\/v2\/product_brand?post=8050"},{"taxonomy":"product_cat","embeddable":true,"href":"https:\/\/boreait.com\/hu\/wp-json\/wp\/v2\/product_cat?post=8050"},{"taxonomy":"product_tag","embeddable":true,"href":"https:\/\/boreait.com\/hu\/wp-json\/wp\/v2\/product_tag?post=8050"}],"curies":[{"name":"wp","href":"https:\/\/api.w.org\/{rel}","templated":true}]}}