{"id":8048,"date":"2025-09-17T12:00:11","date_gmt":"2025-09-17T10:00:11","guid":{"rendered":"https:\/\/boreait.com\/hu\/?post_type=product&#038;p=8048"},"modified":"2025-09-17T12:00:59","modified_gmt":"2025-09-17T10:00:59","slug":"sarok-kepernyokeret-bal-elso-gumi-a-dell-latitude-12-rugged-extreme-7204-hez-2","status":"publish","type":"product","link":"https:\/\/boreait.com\/hu\/termek\/sarok-kepernyokeret-bal-elso-gumi-a-dell-latitude-12-rugged-extreme-7204-hez-2\/","title":{"rendered":"Sarok k\u00e9perny\u0151keret bal els\u0151 gumi a Dell Latitude 12 Rugged Extreme 7204-hez"},"content":{"rendered":"<p>N\u00f6velje Dell Latitude 12 Rugged Extreme 7204 tart\u00f3ss\u00e1g\u00e1t \u00e9s v\u00e9delm\u00e9t az eredeti, bal els\u0151 gumis sarok k\u00e9perny\u0151kerettel. Ez a prec\u00edzi\u00f3s \u00e9s kompatibilit\u00e1si szempontokra kialak\u00edtott eredeti cserealkatr\u00e9sz szoros illeszked\u00e9st \u00e9s megb\u00edzhat\u00f3 k\u00e9perny\u0151v\u00e9delmet biztos\u00edt.<\/p>\n<p>F\u0151bb jellemz\u0151k:<\/p>\n<p>&#8211; Eredeti Dell csere: A kompatibilit\u00e1s \u00e9s a megb\u00edzhat\u00f3s\u00e1g biztos\u00edt\u00e1sa hiteles cserealkatr\u00e9szekkel.<\/p>\n<p>&#8211; K\u00f6nny\u0171 telep\u00edt\u00e9s: K\u00f6nnyed\u00e9n cser\u00e9lje ki a bal els\u0151 gumi sarok k\u00e9perny\u0151keretet, szakember seg\u00edts\u00e9ge n\u00e9lk\u00fcl.<\/p>\n<p>&#8211; Tov\u00e1bbfejlesztett k\u00e9perny\u0151v\u00e9delem: Ezzel a gumikerettel \u00f3vja meg eszk\u00f6ze k\u00e9perny\u0151j\u00e9t a s\u00e9r\u00fcl\u00e9sekt\u0151l, \u00e9s biztos\u00edtsa a biztons\u00e1gos illeszked\u00e9st.<\/p>\n<p>&#8211; Tart\u00f3s konstrukci\u00f3: \u00dagy tervezt\u00e9k, hogy ellen\u00e1lljon a zord k\u00f6r\u00fclm\u00e9nyeknek, biztos\u00edtva a hossz\u00fa \u00e9lettartamot \u00e9s a megb\u00edzhat\u00f3s\u00e1got.<\/p>\n<p>Friss\u00edtse Dell Latitude 12 Rugged Extreme 7204 k\u00e9sz\u00fcl\u00e9k\u00e9t m\u00e9g ma az eredeti, bal el\u00fcls\u0151 gumis sarok k\u00e9perny\u0151kerettel. V\u00e1s\u00e1roljon bizalommal, tudva, hogy min\u0151s\u00e9gi cserealkatr\u00e9szekbe fektet be k\u00e9sz\u00fcl\u00e9k\u00e9hez. Ha k\u00e9rd\u00e9se van, vagy seg\u00edts\u00e9gre van sz\u00fcks\u00e9ge, ne habozzon kapcsolatba l\u00e9pni vel\u00fcnk. Az\u00e9rt vagyunk itt, hogy seg\u00edts\u00fcnk eszk\u00f6ze tart\u00f3ss\u00e1g\u00e1nak \u00e9s funkcionalit\u00e1s\u00e1nak n\u00f6vel\u00e9s\u00e9ben.<\/p>\n","protected":false},"excerpt":{"rendered":"<p>Cser\u00e9lje ki a Dell Latitude 12 Rugged Extreme 7204 bal els\u0151 gumi sarok k\u00e9perny\u0151keret\u00e9t erre az eredeti cserealkatr\u00e9szre. Biztos\u00edtsa az eszk\u00f6z k\u00e9perny\u0151j\u00e9nek megfelel\u0151 illeszked\u00e9s\u00e9t \u00e9s v\u00e9delm\u00e9t. Friss\u00edtsen most!<\/p>\n","protected":false},"featured_media":8088,"template":"","meta":[],"product_brand":[],"product_cat":[16],"product_tag":[17],"class_list":{"0":"post-8048","1":"product","2":"type-product","3":"status-publish","4":"has-post-thumbnail","6":"product_cat-laptop-housing","7":"product_tag-dell","9":"first","10":"instock","11":"taxable","12":"shipping-taxable","13":"purchasable","14":"product-type-simple"},"_links":{"self":[{"href":"https:\/\/boreait.com\/hu\/wp-json\/wp\/v2\/product\/8048","targetHints":{"allow":["GET"]}}],"collection":[{"href":"https:\/\/boreait.com\/hu\/wp-json\/wp\/v2\/product"}],"about":[{"href":"https:\/\/boreait.com\/hu\/wp-json\/wp\/v2\/types\/product"}],"wp:featuredmedia":[{"embeddable":true,"href":"https:\/\/boreait.com\/hu\/wp-json\/wp\/v2\/media\/8088"}],"wp:attachment":[{"href":"https:\/\/boreait.com\/hu\/wp-json\/wp\/v2\/media?parent=8048"}],"wp:term":[{"taxonomy":"product_brand","embeddable":true,"href":"https:\/\/boreait.com\/hu\/wp-json\/wp\/v2\/product_brand?post=8048"},{"taxonomy":"product_cat","embeddable":true,"href":"https:\/\/boreait.com\/hu\/wp-json\/wp\/v2\/product_cat?post=8048"},{"taxonomy":"product_tag","embeddable":true,"href":"https:\/\/boreait.com\/hu\/wp-json\/wp\/v2\/product_tag?post=8048"}],"curies":[{"name":"wp","href":"https:\/\/api.w.org\/{rel}","templated":true}]}}