{"id":8047,"date":"2025-09-17T12:00:10","date_gmt":"2025-09-17T10:00:10","guid":{"rendered":"https:\/\/boreait.com\/hu\/?post_type=product&#038;p=8047"},"modified":"2025-09-17T12:00:58","modified_gmt":"2025-09-17T10:00:58","slug":"oem-dell-latitude-12-rugged-extreme-72047214-ssd-hozzaferesi-fedel-ajto-maa01-29t6y-2","status":"publish","type":"product","link":"https:\/\/boreait.com\/hu\/termek\/oem-dell-latitude-12-rugged-extreme-72047214-ssd-hozzaferesi-fedel-ajto-maa01-29t6y-2\/","title":{"rendered":"OEM Dell Latitude 12 Rugged Extreme 72047214 SSD hozz\u00e1f\u00e9r\u00e9si fed\u00e9l ajt\u00f3 MAA01 29T6Y"},"content":{"rendered":"<p>N\u00f6velje Dell Latitude 12 Rugged Extreme 7204\/7214 t\u00e1rol\u00e1si k\u00e9pess\u00e9geit a MAA01 29T6Y cikksz\u00e1m\u00fa OEM SSD Access Cover Door ajt\u00f3val. A tart\u00f3ss\u00e1g \u00e9s a kompatibilit\u00e1s jegy\u00e9ben k\u00e9sz\u00fclt, ez az eredeti cserealkatr\u00e9sz megb\u00edzhat\u00f3 teljes\u00edtm\u00e9nyt \u00e9s egyszer\u0171 telep\u00edt\u00e9st biztos\u00edt.<\/p>\n<p>F\u0151bb jellemz\u0151k:<\/p>\n<p>&#8211; Eredeti Dell OEM csere: A kompatibilit\u00e1s \u00e9s a megb\u00edzhat\u00f3s\u00e1g biztos\u00edt\u00e1sa hiteles cserealkatr\u00e9szekkel.<\/p>\n<p>&#8211; K\u00f6nny\u0171 telep\u00edt\u00e9s: Egyszer\u0171 telep\u00edt\u00e9ssel k\u00f6nnyed\u00e9n b\u0151v\u00edtheti eszk\u00f6ze t\u00e1rhely\u00e9t.<\/p>\n<p>&#8211; Tov\u00e1bbfejlesztett t\u00e1rol\u00e1si kapacit\u00e1s: N\u00f6velje laptopja t\u00e1rol\u00f3kapacit\u00e1s\u00e1t a jobb funkcionalit\u00e1s \u00e9rdek\u00e9ben.<\/p>\n<p>&#8211; Tart\u00f3s konstrukci\u00f3: \u00dagy tervezt\u00e9k, hogy ellen\u00e1lljon a massz\u00edv haszn\u00e1latnak, \u00edgy biztos\u00edtva a hossz\u00fa \u00e9lettartamot \u00e9s a megb\u00edzhat\u00f3s\u00e1got.<\/p>\n<p>Friss\u00edtse Dell Latitude 12 Rugged Extreme 7204\/7214 k\u00e9sz\u00fcl\u00e9k\u00e9t m\u00e9g ma az OEM SSD hozz\u00e1f\u00e9r\u00e9si fed\u00e9llel. V\u00e1s\u00e1roljon bizalommal, tudva, hogy min\u0151s\u00e9gi cserealkatr\u00e9szekbe fektet be k\u00e9sz\u00fcl\u00e9k\u00e9hez. Ha k\u00e9rd\u00e9se van, vagy seg\u00edts\u00e9gre van sz\u00fcks\u00e9ge, ne habozzon kapcsolatba l\u00e9pni vel\u00fcnk. Az\u00e9rt vagyunk itt, hogy seg\u00edts\u00fcnk eszk\u00f6ze funkcionalit\u00e1s\u00e1nak jav\u00edt\u00e1s\u00e1ban.<\/p>\n","protected":false},"excerpt":{"rendered":"<p>Friss\u00edtse Dell Latitude 12 Rugged Extreme 7204\/7214 k\u00e9sz\u00fcl\u00e9k\u00e9t ezzel az OEM SSD hozz\u00e1f\u00e9r\u00e9si fed\u00e9llel. K\u00f6nnyen telep\u00edthet\u0151 \u00e9s kompatibilis a MAA01 29T6Y cikksz\u00e1mmal. N\u00f6velje eszk\u00f6ze t\u00e1rol\u00e1si k\u00e9pess\u00e9geit m\u00e9g ma!<\/p>\n","protected":false},"featured_media":8087,"template":"","meta":[],"product_brand":[],"product_cat":[16],"product_tag":[17],"class_list":{"0":"post-8047","1":"product","2":"type-product","3":"status-publish","4":"has-post-thumbnail","6":"product_cat-laptop-housing","7":"product_tag-dell","9":"first","10":"instock","11":"taxable","12":"shipping-taxable","13":"purchasable","14":"product-type-simple"},"_links":{"self":[{"href":"https:\/\/boreait.com\/hu\/wp-json\/wp\/v2\/product\/8047","targetHints":{"allow":["GET"]}}],"collection":[{"href":"https:\/\/boreait.com\/hu\/wp-json\/wp\/v2\/product"}],"about":[{"href":"https:\/\/boreait.com\/hu\/wp-json\/wp\/v2\/types\/product"}],"wp:featuredmedia":[{"embeddable":true,"href":"https:\/\/boreait.com\/hu\/wp-json\/wp\/v2\/media\/8087"}],"wp:attachment":[{"href":"https:\/\/boreait.com\/hu\/wp-json\/wp\/v2\/media?parent=8047"}],"wp:term":[{"taxonomy":"product_brand","embeddable":true,"href":"https:\/\/boreait.com\/hu\/wp-json\/wp\/v2\/product_brand?post=8047"},{"taxonomy":"product_cat","embeddable":true,"href":"https:\/\/boreait.com\/hu\/wp-json\/wp\/v2\/product_cat?post=8047"},{"taxonomy":"product_tag","embeddable":true,"href":"https:\/\/boreait.com\/hu\/wp-json\/wp\/v2\/product_tag?post=8047"}],"curies":[{"name":"wp","href":"https:\/\/api.w.org\/{rel}","templated":true}]}}