{"id":8046,"date":"2025-09-17T12:00:09","date_gmt":"2025-09-17T10:00:09","guid":{"rendered":"https:\/\/boreait.com\/hu\/?post_type=product&#038;p=8046"},"modified":"2025-09-17T12:00:57","modified_gmt":"2025-09-17T10:00:57","slug":"sarok-kepernyokeret-jobb-elso-gumi-a-dell-latitude-12-rugged-extreme-7204-hez-2","status":"publish","type":"product","link":"https:\/\/boreait.com\/hu\/termek\/sarok-kepernyokeret-jobb-elso-gumi-a-dell-latitude-12-rugged-extreme-7204-hez-2\/","title":{"rendered":"Sarok k\u00e9perny\u0151keret jobb els\u0151 gumi a Dell Latitude 12 Rugged Extreme 7204-hez"},"content":{"rendered":"<p>N\u00f6velje Dell Latitude 12 Rugged Extreme 7204 tart\u00f3ss\u00e1g\u00e1t a jobb el\u00fcls\u0151 gumi sarok k\u00e9perny\u0151kerettel. A pontoss\u00e1gra \u00e9s kompatibilit\u00e1sra tervezett eredeti Dell alkatr\u00e9sz egyszer\u0171 telep\u00edt\u00e9st \u00e9s t\u00f6k\u00e9letes illeszked\u00e9st biztos\u00edt az eszk\u00f6zh\u00f6z.<\/p>\n<p>F\u0151bb jellemz\u0151k:<\/p>\n<p>&#8211; Eredeti Dell csere: A kompatibilit\u00e1s \u00e9s a megb\u00edzhat\u00f3s\u00e1g biztos\u00edt\u00e1sa hiteles cserealkatr\u00e9szekkel.<\/p>\n<p>&#8211; K\u00f6nny\u0171 telep\u00edt\u00e9s: Egyszer\u0171 telep\u00edt\u00e9ssel k\u00f6nnyed\u00e9n n\u00f6velheti eszk\u00f6ze tart\u00f3ss\u00e1g\u00e1t.<\/p>\n<p>&#8211; T\u00f6k\u00e9letes illeszked\u00e9s: A z\u00f6kken\u0151mentes integr\u00e1ci\u00f3 \u00e9rdek\u00e9ben kifejezetten a Dell Latitude 12 Rugged Extreme 7204-hez tervezt\u00e9k.<\/p>\n<p>&#8211; Fokozott tart\u00f3ss\u00e1g: V\u00e9dje meg k\u00e9sz\u00fcl\u00e9k\u00e9t a s\u00e9r\u00fcl\u00e9sekt\u0151l ezzel a strapab\u00edr\u00f3, sarokk\u00e9perny\u0151keret gumival.<\/p>\n<p>Friss\u00edtse Dell Latitude 12 Rugged Extreme 7204 k\u00e9sz\u00fcl\u00e9k\u00e9t m\u00e9g ma az eredeti sarok k\u00e9perny\u0151kerettel, jobb els\u0151 gumival. V\u00e1s\u00e1roljon bizalommal, tudva, hogy min\u0151s\u00e9gi cserealkatr\u00e9szekbe fektet be k\u00e9sz\u00fcl\u00e9k\u00e9hez. Ha k\u00e9rd\u00e9se van, vagy seg\u00edts\u00e9gre van sz\u00fcks\u00e9ge, ne habozzon kapcsolatba l\u00e9pni vel\u00fcnk. Az\u00e9rt vagyunk itt, hogy seg\u00edts\u00fcnk k\u00e9sz\u00fcl\u00e9ke tart\u00f3ss\u00e1g\u00e1nak n\u00f6vel\u00e9s\u00e9ben.<\/p>\n","protected":false},"excerpt":{"rendered":"<p>N\u00f6velje Dell Latitude 12 Rugged Extreme 7204 tart\u00f3ss\u00e1g\u00e1t ezzel a sarok k\u00e9perny\u0151kerettel, jobb els\u0151 gumival. Eredeti Dell alkatr\u00e9sz az egyszer\u0171 telep\u00edt\u00e9shez \u00e9s a t\u00f6k\u00e9letes illeszked\u00e9shez. Friss\u00edtse k\u00e9sz\u00fcl\u00e9k\u00e9t m\u00e9g ma!<\/p>\n","protected":false},"featured_media":8086,"template":"","meta":[],"product_brand":[],"product_cat":[16],"product_tag":[17],"class_list":{"0":"post-8046","1":"product","2":"type-product","3":"status-publish","4":"has-post-thumbnail","6":"product_cat-laptop-housing","7":"product_tag-dell","9":"first","10":"instock","11":"taxable","12":"shipping-taxable","13":"purchasable","14":"product-type-simple"},"_links":{"self":[{"href":"https:\/\/boreait.com\/hu\/wp-json\/wp\/v2\/product\/8046","targetHints":{"allow":["GET"]}}],"collection":[{"href":"https:\/\/boreait.com\/hu\/wp-json\/wp\/v2\/product"}],"about":[{"href":"https:\/\/boreait.com\/hu\/wp-json\/wp\/v2\/types\/product"}],"wp:featuredmedia":[{"embeddable":true,"href":"https:\/\/boreait.com\/hu\/wp-json\/wp\/v2\/media\/8086"}],"wp:attachment":[{"href":"https:\/\/boreait.com\/hu\/wp-json\/wp\/v2\/media?parent=8046"}],"wp:term":[{"taxonomy":"product_brand","embeddable":true,"href":"https:\/\/boreait.com\/hu\/wp-json\/wp\/v2\/product_brand?post=8046"},{"taxonomy":"product_cat","embeddable":true,"href":"https:\/\/boreait.com\/hu\/wp-json\/wp\/v2\/product_cat?post=8046"},{"taxonomy":"product_tag","embeddable":true,"href":"https:\/\/boreait.com\/hu\/wp-json\/wp\/v2\/product_tag?post=8046"}],"curies":[{"name":"wp","href":"https:\/\/api.w.org\/{rel}","templated":true}]}}